{"id":443,"date":"2023-04-12T13:10:52","date_gmt":"2023-04-12T13:10:52","guid":{"rendered":"https:\/\/koirapuoti.com\/puoti\/?post_type=product&#038;p=443"},"modified":"2023-04-15T10:46:06","modified_gmt":"2023-04-15T10:46:06","slug":"d-control-440","status":"publish","type":"product","link":"https:\/\/www.koirapuoti.com\/puoti\/kauppa\/d-control-440\/","title":{"rendered":"D-control 440"},"content":{"rendered":"<p><strong>Ominaisuudet:<\/strong><\/p>\n<ul>\n<li>Toimintas\u00e4de jopa 250 metri\u00e4<\/li>\n<li>Voidaan k\u00e4ytt\u00e4\u00e4 enint\u00e4\u00e4n kahdelle koiralle samanaikaisesti<\/li>\n<li>Kevyt vedenpit\u00e4v\u00e4 vastaanotin<\/li>\n<li>\u00c4\u00e4nisignaali<\/li>\n<li>5 v\u00e4r\u00e4htelytilaa<\/li>\n<li>8 valotilaa<\/li>\n<li>Akun purkauksen ilmaisin kaukos\u00e4\u00e4timess\u00e4 ja hihnassa<\/li>\n<li>Taustavalaistu n\u00e4ytt\u00f6<\/li>\n<\/ul>\n<p><strong>Setti sis\u00e4lt\u00e4\u00e4:<\/strong><\/p>\n<ul>\n<li>Kaulus vastaanottimella<\/li>\n<li>Kaukos\u00e4\u00e4din<\/li>\n<li>2 x CR2 litiumioniakku<\/li>\n<li>Vastaanottimen koskettimet: 12 ja 17mm (eri pituisille koirille)<\/li>\n<li>Testilamppu<\/li>\n<li>K\u00e4ytt\u00f6ohje suomeksi<\/li>\n<\/ul>\n<p>&nbsp;<\/p>\n<p>Kaukos\u00e4\u00e4din<\/p>\n<p>Mitat: 110 x 52 x 29 mm<br \/>\nPaino: 64 g (ilman akkua)<br \/>\nVirtal\u00e4hde: CR2 3V<br \/>\nAkun kesto: jopa 12 kuukautta<\/p>\n<p>Vastaanotin<\/p>\n<p>Vedenkest\u00e4v\u00e4<br \/>\nPaino: 55 g (ilman akkua ja kosketuspisteit\u00e4)<br \/>\nMitat: 64 x 43 x 34 mm<br \/>\nVirtal\u00e4hde: CR2 3V<br \/>\nAkun kesto: jopa 6 kuukautta<\/p>\n<p>&nbsp;<\/p>\n<p><strong>Valmistaja: Dogtrace (T\u0161ekki)<\/strong><\/p>\n","protected":false},"excerpt":{"rendered":"<p>Sopii suurille, keskikokoisille ja pienille koiraroduille<\/p>\n<p>Toimintas\u00e4de 250m<\/p>\n<p><strong>Takuu: 3 vuotta<\/strong><\/p>\n<p>&nbsp;<\/p>\n","protected":false},"featured_media":444,"template":"","meta":[],"product_cat":[17],"product_tag":[],"class_list":{"0":"post-443","1":"product","2":"type-product","3":"status-publish","4":"has-post-thumbnail","6":"product_cat-koulutuspanta","8":"first","9":"instock","10":"sale","11":"featured","12":"taxable","13":"shipping-taxable","14":"purchasable","15":"product-type-simple"},"yoast_head":"<!-- This site is optimized with the Yoast SEO plugin v23.5 - https:\/\/yoast.com\/wordpress\/plugins\/seo\/ -->\n<title>Koulutuspanta d-control 400+| Koirapuoti.com<\/title>\n<meta name=\"robots\" content=\"index, follow, max-snippet:-1, max-image-preview:large, max-video-preview:-1\" \/>\n<link rel=\"canonical\" href=\"https:\/\/www.koirapuoti.com\/puoti\/kauppa\/d-control-440\/\" \/>\n<meta property=\"og:locale\" content=\"fi_FI\" \/>\n<meta property=\"og:type\" content=\"article\" \/>\n<meta property=\"og:title\" content=\"Koulutuspanta d-control 400+| Koirapuoti.com\" \/>\n<meta property=\"og:description\" content=\"Sopii suurille, keskikokoisille ja pienille koiraroduille  Toimintas\u00e4de 250m  Takuu: 3 vuotta  &nbsp;\" \/>\n<meta property=\"og:url\" content=\"https:\/\/www.koirapuoti.com\/puoti\/kauppa\/d-control-440\/\" \/>\n<meta property=\"og:site_name\" content=\"Koirapuoti.com\" \/>\n<meta property=\"article:modified_time\" content=\"2023-04-15T10:46:06+00:00\" \/>\n<meta property=\"og:image\" content=\"https:\/\/www.koirapuoti.com\/puoti\/wp-content\/uploads\/2023\/04\/d-control_440_50.jpg\" \/>\n\t<meta property=\"og:image:width\" content=\"1000\" \/>\n\t<meta property=\"og:image:height\" content=\"1000\" \/>\n\t<meta property=\"og:image:type\" content=\"image\/jpeg\" \/>\n<meta name=\"twitter:card\" content=\"summary_large_image\" \/>\n<meta name=\"twitter:label1\" content=\"Arvioitu lukuaika\" \/>\n\t<meta name=\"twitter:data1\" content=\"1 minuutti\" \/>\n<script type=\"application\/ld+json\" class=\"yoast-schema-graph\">{\"@context\":\"https:\/\/schema.org\",\"@graph\":[{\"@type\":\"WebPage\",\"@id\":\"https:\/\/www.koirapuoti.com\/puoti\/kauppa\/d-control-440\/\",\"url\":\"https:\/\/www.koirapuoti.com\/puoti\/kauppa\/d-control-440\/\",\"name\":\"Koulutuspanta d-control 400+| Koirapuoti.com\",\"isPartOf\":{\"@id\":\"https:\/\/www.koirapuoti.com\/puoti\/#website\"},\"primaryImageOfPage\":{\"@id\":\"https:\/\/www.koirapuoti.com\/puoti\/kauppa\/d-control-440\/#primaryimage\"},\"image\":{\"@id\":\"https:\/\/www.koirapuoti.com\/puoti\/kauppa\/d-control-440\/#primaryimage\"},\"thumbnailUrl\":\"https:\/\/www.koirapuoti.com\/puoti\/wp-content\/uploads\/2023\/04\/d-control_440_50.jpg\",\"datePublished\":\"2023-04-12T13:10:52+00:00\",\"dateModified\":\"2023-04-15T10:46:06+00:00\",\"breadcrumb\":{\"@id\":\"https:\/\/www.koirapuoti.com\/puoti\/kauppa\/d-control-440\/#breadcrumb\"},\"inLanguage\":\"fi\",\"potentialAction\":[{\"@type\":\"ReadAction\",\"target\":[\"https:\/\/www.koirapuoti.com\/puoti\/kauppa\/d-control-440\/\"]}]},{\"@type\":\"ImageObject\",\"inLanguage\":\"fi\",\"@id\":\"https:\/\/www.koirapuoti.com\/puoti\/kauppa\/d-control-440\/#primaryimage\",\"url\":\"https:\/\/www.koirapuoti.com\/puoti\/wp-content\/uploads\/2023\/04\/d-control_440_50.jpg\",\"contentUrl\":\"https:\/\/www.koirapuoti.com\/puoti\/wp-content\/uploads\/2023\/04\/d-control_440_50.jpg\",\"width\":1000,\"height\":1000},{\"@type\":\"BreadcrumbList\",\"@id\":\"https:\/\/www.koirapuoti.com\/puoti\/kauppa\/d-control-440\/#breadcrumb\",\"itemListElement\":[{\"@type\":\"ListItem\",\"position\":1,\"name\":\"Home\",\"item\":\"https:\/\/www.koirapuoti.com\/puoti\/\"},{\"@type\":\"ListItem\",\"position\":2,\"name\":\"Kauppa\",\"item\":\"https:\/\/www.koirapuoti.com\/puoti\/kauppa\/\"},{\"@type\":\"ListItem\",\"position\":3,\"name\":\"D-control 440\"}]},{\"@type\":\"WebSite\",\"@id\":\"https:\/\/www.koirapuoti.com\/puoti\/#website\",\"url\":\"https:\/\/www.koirapuoti.com\/puoti\/\",\"name\":\"Koirapuoti.com\",\"description\":\"Koira gps pannat, pihavahdit, haukunestopannat, koulutuspannat\",\"publisher\":{\"@id\":\"https:\/\/www.koirapuoti.com\/puoti\/#organization\"},\"potentialAction\":[{\"@type\":\"SearchAction\",\"target\":{\"@type\":\"EntryPoint\",\"urlTemplate\":\"https:\/\/www.koirapuoti.com\/puoti\/?s={search_term_string}\"},\"query-input\":{\"@type\":\"PropertyValueSpecification\",\"valueRequired\":true,\"valueName\":\"search_term_string\"}}],\"inLanguage\":\"fi\"},{\"@type\":\"Organization\",\"@id\":\"https:\/\/www.koirapuoti.com\/puoti\/#organization\",\"name\":\"Koirapuoti.com\",\"url\":\"https:\/\/www.koirapuoti.com\/puoti\/\",\"logo\":{\"@type\":\"ImageObject\",\"inLanguage\":\"fi\",\"@id\":\"https:\/\/www.koirapuoti.com\/puoti\/#\/schema\/logo\/image\/\",\"url\":\"https:\/\/www.koirapuoti.com\/puoti\/wp-content\/uploads\/2023\/03\/cropped-koirapuoti-logo-v.png\",\"contentUrl\":\"https:\/\/www.koirapuoti.com\/puoti\/wp-content\/uploads\/2023\/03\/cropped-koirapuoti-logo-v.png\",\"width\":513,\"height\":121,\"caption\":\"Koirapuoti.com\"},\"image\":{\"@id\":\"https:\/\/www.koirapuoti.com\/puoti\/#\/schema\/logo\/image\/\"}}]}<\/script>\n<!-- \/ Yoast SEO plugin. -->","yoast_head_json":{"title":"Koulutuspanta d-control 400+| Koirapuoti.com","robots":{"index":"index","follow":"follow","max-snippet":"max-snippet:-1","max-image-preview":"max-image-preview:large","max-video-preview":"max-video-preview:-1"},"canonical":"https:\/\/www.koirapuoti.com\/puoti\/kauppa\/d-control-440\/","og_locale":"fi_FI","og_type":"article","og_title":"Koulutuspanta d-control 400+| Koirapuoti.com","og_description":"Sopii suurille, keskikokoisille ja pienille koiraroduille  Toimintas\u00e4de 250m  Takuu: 3 vuotta  &nbsp;","og_url":"https:\/\/www.koirapuoti.com\/puoti\/kauppa\/d-control-440\/","og_site_name":"Koirapuoti.com","article_modified_time":"2023-04-15T10:46:06+00:00","og_image":[{"width":1000,"height":1000,"url":"https:\/\/www.koirapuoti.com\/puoti\/wp-content\/uploads\/2023\/04\/d-control_440_50.jpg","type":"image\/jpeg"}],"twitter_card":"summary_large_image","twitter_misc":{"Arvioitu lukuaika":"1 minuutti"},"schema":{"@context":"https:\/\/schema.org","@graph":[{"@type":"WebPage","@id":"https:\/\/www.koirapuoti.com\/puoti\/kauppa\/d-control-440\/","url":"https:\/\/www.koirapuoti.com\/puoti\/kauppa\/d-control-440\/","name":"Koulutuspanta d-control 400+| Koirapuoti.com","isPartOf":{"@id":"https:\/\/www.koirapuoti.com\/puoti\/#website"},"primaryImageOfPage":{"@id":"https:\/\/www.koirapuoti.com\/puoti\/kauppa\/d-control-440\/#primaryimage"},"image":{"@id":"https:\/\/www.koirapuoti.com\/puoti\/kauppa\/d-control-440\/#primaryimage"},"thumbnailUrl":"https:\/\/www.koirapuoti.com\/puoti\/wp-content\/uploads\/2023\/04\/d-control_440_50.jpg","datePublished":"2023-04-12T13:10:52+00:00","dateModified":"2023-04-15T10:46:06+00:00","breadcrumb":{"@id":"https:\/\/www.koirapuoti.com\/puoti\/kauppa\/d-control-440\/#breadcrumb"},"inLanguage":"fi","potentialAction":[{"@type":"ReadAction","target":["https:\/\/www.koirapuoti.com\/puoti\/kauppa\/d-control-440\/"]}]},{"@type":"ImageObject","inLanguage":"fi","@id":"https:\/\/www.koirapuoti.com\/puoti\/kauppa\/d-control-440\/#primaryimage","url":"https:\/\/www.koirapuoti.com\/puoti\/wp-content\/uploads\/2023\/04\/d-control_440_50.jpg","contentUrl":"https:\/\/www.koirapuoti.com\/puoti\/wp-content\/uploads\/2023\/04\/d-control_440_50.jpg","width":1000,"height":1000},{"@type":"BreadcrumbList","@id":"https:\/\/www.koirapuoti.com\/puoti\/kauppa\/d-control-440\/#breadcrumb","itemListElement":[{"@type":"ListItem","position":1,"name":"Home","item":"https:\/\/www.koirapuoti.com\/puoti\/"},{"@type":"ListItem","position":2,"name":"Kauppa","item":"https:\/\/www.koirapuoti.com\/puoti\/kauppa\/"},{"@type":"ListItem","position":3,"name":"D-control 440"}]},{"@type":"WebSite","@id":"https:\/\/www.koirapuoti.com\/puoti\/#website","url":"https:\/\/www.koirapuoti.com\/puoti\/","name":"Koirapuoti.com","description":"Koira gps pannat, pihavahdit, haukunestopannat, koulutuspannat","publisher":{"@id":"https:\/\/www.koirapuoti.com\/puoti\/#organization"},"potentialAction":[{"@type":"SearchAction","target":{"@type":"EntryPoint","urlTemplate":"https:\/\/www.koirapuoti.com\/puoti\/?s={search_term_string}"},"query-input":{"@type":"PropertyValueSpecification","valueRequired":true,"valueName":"search_term_string"}}],"inLanguage":"fi"},{"@type":"Organization","@id":"https:\/\/www.koirapuoti.com\/puoti\/#organization","name":"Koirapuoti.com","url":"https:\/\/www.koirapuoti.com\/puoti\/","logo":{"@type":"ImageObject","inLanguage":"fi","@id":"https:\/\/www.koirapuoti.com\/puoti\/#\/schema\/logo\/image\/","url":"https:\/\/www.koirapuoti.com\/puoti\/wp-content\/uploads\/2023\/03\/cropped-koirapuoti-logo-v.png","contentUrl":"https:\/\/www.koirapuoti.com\/puoti\/wp-content\/uploads\/2023\/03\/cropped-koirapuoti-logo-v.png","width":513,"height":121,"caption":"Koirapuoti.com"},"image":{"@id":"https:\/\/www.koirapuoti.com\/puoti\/#\/schema\/logo\/image\/"}}]}},"_links":{"self":[{"href":"https:\/\/www.koirapuoti.com\/puoti\/wp-json\/wp\/v2\/product\/443"}],"collection":[{"href":"https:\/\/www.koirapuoti.com\/puoti\/wp-json\/wp\/v2\/product"}],"about":[{"href":"https:\/\/www.koirapuoti.com\/puoti\/wp-json\/wp\/v2\/types\/product"}],"wp:featuredmedia":[{"embeddable":true,"href":"https:\/\/www.koirapuoti.com\/puoti\/wp-json\/wp\/v2\/media\/444"}],"wp:attachment":[{"href":"https:\/\/www.koirapuoti.com\/puoti\/wp-json\/wp\/v2\/media?parent=443"}],"wp:term":[{"taxonomy":"product_cat","embeddable":true,"href":"https:\/\/www.koirapuoti.com\/puoti\/wp-json\/wp\/v2\/product_cat?post=443"},{"taxonomy":"product_tag","embeddable":true,"href":"https:\/\/www.koirapuoti.com\/puoti\/wp-json\/wp\/v2\/product_tag?post=443"}],"curies":[{"name":"wp","href":"https:\/\/api.w.org\/{rel}","templated":true}]}}