{"id":28,"date":"2023-03-24T18:40:59","date_gmt":"2023-03-24T18:40:59","guid":{"rendered":"https:\/\/koirapuoti.com\/puoti\/?post_type=product&#038;p=28"},"modified":"2024-09-09T05:32:39","modified_gmt":"2024-09-09T05:32:39","slug":"25mm-johto-100m","status":"publish","type":"product","link":"https:\/\/www.koirapuoti.com\/puoti\/kauppa\/25mm-johto-100m\/","title":{"rendered":"2,5mm johto 100m"},"content":{"rendered":"<p>Rullassa 100m johtoa<\/p>\n<p>D-fence 101\/1001<\/p>\n<ul>\n<li>0,75mm: 0- 400m \u00e4\u00e4riviivan osalta<\/li>\n<li>1mm: 400-600m \u00e4\u00e4riviivan osalta<\/li>\n<li>1,5mm: 600-900m \u00e4\u00e4riviivan osalta<\/li>\n<li>2,5mm: 900-1200m \u00e4\u00e4riviivan osalta<\/li>\n<\/ul>\n<p>D-fence 202\/2002<\/p>\n<ul>\n<li>0,75mm: 0- 400m \u00e4\u00e4riviivan osalta<\/li>\n<li>1mm: 400-600m \u00e4\u00e4riviivan osalta<\/li>\n<li>1,5mm: 600-900m \u00e4\u00e4riviivan osalta<\/li>\n<li>2,5mm: 900-2200m \u00e4\u00e4riviivan osalta<\/li>\n<\/ul>\n","protected":false},"excerpt":{"rendered":"<p>Rullassa 100m johtoa D-fence 101\/1001 0,75mm: 0- 400m \u00e4\u00e4riviivan osalta 1mm: 400-600m \u00e4\u00e4riviivan osalta 1,5mm: 600-900m \u00e4\u00e4riviivan osalta 2,5mm: 900-1200m \u00e4\u00e4riviivan osalta D-fence 202\/2002 0,75mm: 0- 400m \u00e4\u00e4riviivan osalta 1mm: 400-600m \u00e4\u00e4riviivan osalta 1,5mm: 600-900m \u00e4\u00e4riviivan osalta 2,5mm: 900-2200m \u00e4\u00e4riviivan osalta<\/p>\n","protected":false},"featured_media":29,"template":"","meta":[],"product_cat":[16],"product_tag":[],"class_list":{"0":"post-28","1":"product","2":"type-product","3":"status-publish","4":"has-post-thumbnail","6":"product_cat-pihavahdin-tarvikkeet","8":"first","9":"instock","10":"taxable","11":"shipping-taxable","12":"purchasable","13":"product-type-simple"},"yoast_head":"<!-- This site is optimized with the Yoast SEO plugin v23.5 - https:\/\/yoast.com\/wordpress\/plugins\/seo\/ -->\n<title>2,5mm johto 100m | Koirapuoti.com<\/title>\n<meta name=\"robots\" content=\"index, follow, max-snippet:-1, max-image-preview:large, max-video-preview:-1\" \/>\n<link rel=\"canonical\" href=\"https:\/\/www.koirapuoti.com\/puoti\/kauppa\/25mm-johto-100m\/\" \/>\n<meta property=\"og:locale\" content=\"fi_FI\" \/>\n<meta property=\"og:type\" content=\"article\" \/>\n<meta property=\"og:title\" content=\"2,5mm johto 100m | Koirapuoti.com\" \/>\n<meta property=\"og:description\" content=\"Rullassa 100m johtoa D-fence 101\/1001 0,75mm: 0- 400m \u00e4\u00e4riviivan osalta 1mm: 400-600m \u00e4\u00e4riviivan osalta 1,5mm: 600-900m \u00e4\u00e4riviivan osalta 2,5mm: 900-1200m \u00e4\u00e4riviivan osalta D-fence 202\/2002 0,75mm: 0- 400m \u00e4\u00e4riviivan osalta 1mm: 400-600m \u00e4\u00e4riviivan osalta 1,5mm: 600-900m \u00e4\u00e4riviivan osalta 2,5mm: 900-2200m \u00e4\u00e4riviivan osalta\" \/>\n<meta property=\"og:url\" content=\"https:\/\/www.koirapuoti.com\/puoti\/kauppa\/25mm-johto-100m\/\" \/>\n<meta property=\"og:site_name\" content=\"Koirapuoti.com\" \/>\n<meta property=\"article:modified_time\" content=\"2024-09-09T05:32:39+00:00\" \/>\n<meta property=\"og:image\" content=\"https:\/\/www.koirapuoti.com\/puoti\/wp-content\/uploads\/2023\/03\/johto-100m.jpg\" \/>\n\t<meta property=\"og:image:width\" content=\"800\" \/>\n\t<meta property=\"og:image:height\" content=\"800\" \/>\n\t<meta property=\"og:image:type\" content=\"image\/jpeg\" \/>\n<meta name=\"twitter:card\" content=\"summary_large_image\" \/>\n<meta name=\"twitter:label1\" content=\"Arvioitu lukuaika\" \/>\n\t<meta name=\"twitter:data1\" content=\"1 minuutti\" \/>\n<script type=\"application\/ld+json\" class=\"yoast-schema-graph\">{\"@context\":\"https:\/\/schema.org\",\"@graph\":[{\"@type\":\"WebPage\",\"@id\":\"https:\/\/www.koirapuoti.com\/puoti\/kauppa\/25mm-johto-100m\/\",\"url\":\"https:\/\/www.koirapuoti.com\/puoti\/kauppa\/25mm-johto-100m\/\",\"name\":\"2,5mm johto 100m | Koirapuoti.com\",\"isPartOf\":{\"@id\":\"https:\/\/www.koirapuoti.com\/puoti\/#website\"},\"primaryImageOfPage\":{\"@id\":\"https:\/\/www.koirapuoti.com\/puoti\/kauppa\/25mm-johto-100m\/#primaryimage\"},\"image\":{\"@id\":\"https:\/\/www.koirapuoti.com\/puoti\/kauppa\/25mm-johto-100m\/#primaryimage\"},\"thumbnailUrl\":\"https:\/\/www.koirapuoti.com\/puoti\/wp-content\/uploads\/2023\/03\/johto-100m.jpg\",\"datePublished\":\"2023-03-24T18:40:59+00:00\",\"dateModified\":\"2024-09-09T05:32:39+00:00\",\"breadcrumb\":{\"@id\":\"https:\/\/www.koirapuoti.com\/puoti\/kauppa\/25mm-johto-100m\/#breadcrumb\"},\"inLanguage\":\"fi\",\"potentialAction\":[{\"@type\":\"ReadAction\",\"target\":[\"https:\/\/www.koirapuoti.com\/puoti\/kauppa\/25mm-johto-100m\/\"]}]},{\"@type\":\"ImageObject\",\"inLanguage\":\"fi\",\"@id\":\"https:\/\/www.koirapuoti.com\/puoti\/kauppa\/25mm-johto-100m\/#primaryimage\",\"url\":\"https:\/\/www.koirapuoti.com\/puoti\/wp-content\/uploads\/2023\/03\/johto-100m.jpg\",\"contentUrl\":\"https:\/\/www.koirapuoti.com\/puoti\/wp-content\/uploads\/2023\/03\/johto-100m.jpg\",\"width\":800,\"height\":800},{\"@type\":\"BreadcrumbList\",\"@id\":\"https:\/\/www.koirapuoti.com\/puoti\/kauppa\/25mm-johto-100m\/#breadcrumb\",\"itemListElement\":[{\"@type\":\"ListItem\",\"position\":1,\"name\":\"Home\",\"item\":\"https:\/\/www.koirapuoti.com\/puoti\/\"},{\"@type\":\"ListItem\",\"position\":2,\"name\":\"Kauppa\",\"item\":\"https:\/\/www.koirapuoti.com\/puoti\/kauppa\/\"},{\"@type\":\"ListItem\",\"position\":3,\"name\":\"2,5mm johto 100m\"}]},{\"@type\":\"WebSite\",\"@id\":\"https:\/\/www.koirapuoti.com\/puoti\/#website\",\"url\":\"https:\/\/www.koirapuoti.com\/puoti\/\",\"name\":\"Koirapuoti.com\",\"description\":\"Koira gps pannat, pihavahdit, haukunestopannat, koulutuspannat\",\"publisher\":{\"@id\":\"https:\/\/www.koirapuoti.com\/puoti\/#organization\"},\"potentialAction\":[{\"@type\":\"SearchAction\",\"target\":{\"@type\":\"EntryPoint\",\"urlTemplate\":\"https:\/\/www.koirapuoti.com\/puoti\/?s={search_term_string}\"},\"query-input\":{\"@type\":\"PropertyValueSpecification\",\"valueRequired\":true,\"valueName\":\"search_term_string\"}}],\"inLanguage\":\"fi\"},{\"@type\":\"Organization\",\"@id\":\"https:\/\/www.koirapuoti.com\/puoti\/#organization\",\"name\":\"Koirapuoti.com\",\"url\":\"https:\/\/www.koirapuoti.com\/puoti\/\",\"logo\":{\"@type\":\"ImageObject\",\"inLanguage\":\"fi\",\"@id\":\"https:\/\/www.koirapuoti.com\/puoti\/#\/schema\/logo\/image\/\",\"url\":\"https:\/\/www.koirapuoti.com\/puoti\/wp-content\/uploads\/2023\/03\/cropped-koirapuoti-logo-v.png\",\"contentUrl\":\"https:\/\/www.koirapuoti.com\/puoti\/wp-content\/uploads\/2023\/03\/cropped-koirapuoti-logo-v.png\",\"width\":513,\"height\":121,\"caption\":\"Koirapuoti.com\"},\"image\":{\"@id\":\"https:\/\/www.koirapuoti.com\/puoti\/#\/schema\/logo\/image\/\"}}]}<\/script>\n<!-- \/ Yoast SEO plugin. -->","yoast_head_json":{"title":"2,5mm johto 100m | Koirapuoti.com","robots":{"index":"index","follow":"follow","max-snippet":"max-snippet:-1","max-image-preview":"max-image-preview:large","max-video-preview":"max-video-preview:-1"},"canonical":"https:\/\/www.koirapuoti.com\/puoti\/kauppa\/25mm-johto-100m\/","og_locale":"fi_FI","og_type":"article","og_title":"2,5mm johto 100m | Koirapuoti.com","og_description":"Rullassa 100m johtoa D-fence 101\/1001 0,75mm: 0- 400m \u00e4\u00e4riviivan osalta 1mm: 400-600m \u00e4\u00e4riviivan osalta 1,5mm: 600-900m \u00e4\u00e4riviivan osalta 2,5mm: 900-1200m \u00e4\u00e4riviivan osalta D-fence 202\/2002 0,75mm: 0- 400m \u00e4\u00e4riviivan osalta 1mm: 400-600m \u00e4\u00e4riviivan osalta 1,5mm: 600-900m \u00e4\u00e4riviivan osalta 2,5mm: 900-2200m \u00e4\u00e4riviivan osalta","og_url":"https:\/\/www.koirapuoti.com\/puoti\/kauppa\/25mm-johto-100m\/","og_site_name":"Koirapuoti.com","article_modified_time":"2024-09-09T05:32:39+00:00","og_image":[{"width":800,"height":800,"url":"https:\/\/www.koirapuoti.com\/puoti\/wp-content\/uploads\/2023\/03\/johto-100m.jpg","type":"image\/jpeg"}],"twitter_card":"summary_large_image","twitter_misc":{"Arvioitu lukuaika":"1 minuutti"},"schema":{"@context":"https:\/\/schema.org","@graph":[{"@type":"WebPage","@id":"https:\/\/www.koirapuoti.com\/puoti\/kauppa\/25mm-johto-100m\/","url":"https:\/\/www.koirapuoti.com\/puoti\/kauppa\/25mm-johto-100m\/","name":"2,5mm johto 100m | Koirapuoti.com","isPartOf":{"@id":"https:\/\/www.koirapuoti.com\/puoti\/#website"},"primaryImageOfPage":{"@id":"https:\/\/www.koirapuoti.com\/puoti\/kauppa\/25mm-johto-100m\/#primaryimage"},"image":{"@id":"https:\/\/www.koirapuoti.com\/puoti\/kauppa\/25mm-johto-100m\/#primaryimage"},"thumbnailUrl":"https:\/\/www.koirapuoti.com\/puoti\/wp-content\/uploads\/2023\/03\/johto-100m.jpg","datePublished":"2023-03-24T18:40:59+00:00","dateModified":"2024-09-09T05:32:39+00:00","breadcrumb":{"@id":"https:\/\/www.koirapuoti.com\/puoti\/kauppa\/25mm-johto-100m\/#breadcrumb"},"inLanguage":"fi","potentialAction":[{"@type":"ReadAction","target":["https:\/\/www.koirapuoti.com\/puoti\/kauppa\/25mm-johto-100m\/"]}]},{"@type":"ImageObject","inLanguage":"fi","@id":"https:\/\/www.koirapuoti.com\/puoti\/kauppa\/25mm-johto-100m\/#primaryimage","url":"https:\/\/www.koirapuoti.com\/puoti\/wp-content\/uploads\/2023\/03\/johto-100m.jpg","contentUrl":"https:\/\/www.koirapuoti.com\/puoti\/wp-content\/uploads\/2023\/03\/johto-100m.jpg","width":800,"height":800},{"@type":"BreadcrumbList","@id":"https:\/\/www.koirapuoti.com\/puoti\/kauppa\/25mm-johto-100m\/#breadcrumb","itemListElement":[{"@type":"ListItem","position":1,"name":"Home","item":"https:\/\/www.koirapuoti.com\/puoti\/"},{"@type":"ListItem","position":2,"name":"Kauppa","item":"https:\/\/www.koirapuoti.com\/puoti\/kauppa\/"},{"@type":"ListItem","position":3,"name":"2,5mm johto 100m"}]},{"@type":"WebSite","@id":"https:\/\/www.koirapuoti.com\/puoti\/#website","url":"https:\/\/www.koirapuoti.com\/puoti\/","name":"Koirapuoti.com","description":"Koira gps pannat, pihavahdit, haukunestopannat, koulutuspannat","publisher":{"@id":"https:\/\/www.koirapuoti.com\/puoti\/#organization"},"potentialAction":[{"@type":"SearchAction","target":{"@type":"EntryPoint","urlTemplate":"https:\/\/www.koirapuoti.com\/puoti\/?s={search_term_string}"},"query-input":{"@type":"PropertyValueSpecification","valueRequired":true,"valueName":"search_term_string"}}],"inLanguage":"fi"},{"@type":"Organization","@id":"https:\/\/www.koirapuoti.com\/puoti\/#organization","name":"Koirapuoti.com","url":"https:\/\/www.koirapuoti.com\/puoti\/","logo":{"@type":"ImageObject","inLanguage":"fi","@id":"https:\/\/www.koirapuoti.com\/puoti\/#\/schema\/logo\/image\/","url":"https:\/\/www.koirapuoti.com\/puoti\/wp-content\/uploads\/2023\/03\/cropped-koirapuoti-logo-v.png","contentUrl":"https:\/\/www.koirapuoti.com\/puoti\/wp-content\/uploads\/2023\/03\/cropped-koirapuoti-logo-v.png","width":513,"height":121,"caption":"Koirapuoti.com"},"image":{"@id":"https:\/\/www.koirapuoti.com\/puoti\/#\/schema\/logo\/image\/"}}]}},"_links":{"self":[{"href":"https:\/\/www.koirapuoti.com\/puoti\/wp-json\/wp\/v2\/product\/28"}],"collection":[{"href":"https:\/\/www.koirapuoti.com\/puoti\/wp-json\/wp\/v2\/product"}],"about":[{"href":"https:\/\/www.koirapuoti.com\/puoti\/wp-json\/wp\/v2\/types\/product"}],"wp:featuredmedia":[{"embeddable":true,"href":"https:\/\/www.koirapuoti.com\/puoti\/wp-json\/wp\/v2\/media\/29"}],"wp:attachment":[{"href":"https:\/\/www.koirapuoti.com\/puoti\/wp-json\/wp\/v2\/media?parent=28"}],"wp:term":[{"taxonomy":"product_cat","embeddable":true,"href":"https:\/\/www.koirapuoti.com\/puoti\/wp-json\/wp\/v2\/product_cat?post=28"},{"taxonomy":"product_tag","embeddable":true,"href":"https:\/\/www.koirapuoti.com\/puoti\/wp-json\/wp\/v2\/product_tag?post=28"}],"curies":[{"name":"wp","href":"https:\/\/api.w.org\/{rel}","templated":true}]}}