{"id":194,"date":"2023-03-25T17:09:28","date_gmt":"2023-03-25T17:09:28","guid":{"rendered":"https:\/\/koirapuoti.com\/puoti\/?post_type=product&#038;p=194"},"modified":"2023-04-28T15:26:55","modified_gmt":"2023-04-28T15:26:55","slug":"koiran-gps-x30","status":"publish","type":"product","link":"https:\/\/www.koirapuoti.com\/puoti\/kauppa\/koiran-gps-x30\/","title":{"rendered":"Koiran GPS X30"},"content":{"rendered":"<p>Ammattimainen laite koirien j\u00e4ljitt\u00e4miseen (paikantamiseen) jopa 20 km:n matkalta.<\/p>\n<p>L\u00e4hetin saa sijaintinsa <strong>GPS-satelliiteilta<\/strong>, jotka l\u00e4hett\u00e4v\u00e4t sijaintitiedot koiranohjaajan vastaanottimeen radiotaajuussignaalin (RF) kautta.<\/p>\n<p>Moderni tekniikka &#8211; LoRa\u2122. <strong>Ei SIM-korttia &#8211; ilman maksuja. Ilmainen mobiilisovellus.<\/strong><\/p>\n<p><strong>Ominaisuudet:<\/strong><\/p>\n<ul>\n<li>L\u00e4hettimen ja vastaanottimen v\u00e4linen et\u00e4isyys on suorassa n\u00e4kyvyydess\u00e4 jopa 20 km<br \/>\n(riippuen maastosta, kasvillisuudesta ja muista tekij\u00f6ist\u00e4).<\/li>\n<li>Jopa 13 koiran, mets\u00e4st\u00e4j\u00e4n tai reittipisteen seuranta<\/li>\n<li>Eritt\u00e4in herkk\u00e4 GPS vastaanottimessa ja l\u00e4hettimess\u00e4<\/li>\n<li>Helposti luettava LCD-n\u00e4ytt\u00f6 &#8211; suorassa auringonvalossa ja pime\u00e4ss\u00e4<\/li>\n<li>100 % vedenpit\u00e4v\u00e4 vastaanotin ja l\u00e4hetin<\/li>\n<li>Pitk\u00e4 akunkesto &#8211; 40 tuntia k\u00e4ytt\u00f6aikaa<\/li>\n<li>2 akustista signaalitilaa \u2013 harjoitus\/lokalisointi<\/li>\n<li>Kanavien vaihto l\u00e4hettimen ja vastaanottimen v\u00e4list\u00e4 viestint\u00e4\u00e4 varten.<\/li>\n<li>Kompassi ominaisuus<\/li>\n<li>FENCE \u2013 akustinen raja koiran alueen asettamiseen<\/li>\n<li>BEEPER \u2013 liikkeess\u00e4\/paikoillaan seisovan koiran havaitseminen<\/li>\n<li>Reittipiste \u2013 mahdollisuus tallentaa 13 GPS-vastaanottimen koordinaattia \u2013 navigointi n\u00e4ihin pisteisiin<\/li>\n<li>CAR-tila \u2013 tila vastaanottimen (luurien) k\u00e4ytt\u00f6\u00e4 varten ajoneuvossa<\/li>\n<li>Akku: Li-Pol 1900 mAh \u2013 ladattava<\/li>\n<\/ul>\n<p>&nbsp;<\/p>\n<p><strong>Valmistaja: Dogtrace (T\u0161ekki)<\/strong><\/p>\n<p><iframe loading=\"lazy\" title=\"YouTube video player\" src=\"https:\/\/www.youtube.com\/embed\/QCSEfW8mdZk\" width=\"560\" height=\"315\" frameborder=\"0\" allowfullscreen=\"allowfullscreen\"><\/iframe><\/p>\n","protected":false},"excerpt":{"rendered":"<p>Ammattimainen laite koirien j\u00e4ljitt\u00e4miseen (paikantamiseen) jopa 20 km:n matkalta. L\u00e4hetin saa sijaintinsa GPS-satelliiteilta, jotka l\u00e4hett\u00e4v\u00e4t sijaintitiedot koiranohjaajan vastaanottimeen radiotaajuussignaalin (RF) kautta. Moderni tekniikka &#8211; LoRa\u2122. Ei SIM-korttia &#8211; ilman maksuja. Ilmainen mobiilisovellus. Ominaisuudet: L\u00e4hettimen ja vastaanottimen v\u00e4linen et\u00e4isyys on suorassa n\u00e4kyvyydess\u00e4 jopa 20 km (riippuen maastosta, kasvillisuudesta ja muista tekij\u00f6ist\u00e4). Jopa 13 koiran, mets\u00e4st\u00e4j\u00e4n tai [&hellip;]<\/p>\n","protected":false},"featured_media":204,"template":"","meta":[],"product_cat":[19],"product_tag":[],"class_list":{"0":"post-194","1":"product","2":"type-product","3":"status-publish","4":"has-post-thumbnail","6":"product_cat-koiratutkat","8":"first","9":"instock","10":"sale","11":"featured","12":"taxable","13":"shipping-taxable","14":"purchasable","15":"product-type-simple"},"yoast_head":"<!-- This site is optimized with the Yoast SEO plugin v23.5 - https:\/\/yoast.com\/wordpress\/plugins\/seo\/ -->\n<title>Koiran GPS X30 | Koirapuoti.com<\/title>\n<meta name=\"robots\" content=\"index, follow, max-snippet:-1, max-image-preview:large, max-video-preview:-1\" \/>\n<link rel=\"canonical\" href=\"https:\/\/www.koirapuoti.com\/puoti\/kauppa\/koiran-gps-x30\/\" \/>\n<meta property=\"og:locale\" content=\"fi_FI\" \/>\n<meta property=\"og:type\" content=\"article\" \/>\n<meta property=\"og:title\" content=\"Koiran GPS X30 | Koirapuoti.com\" \/>\n<meta property=\"og:description\" content=\"Ammattimainen laite koirien j\u00e4ljitt\u00e4miseen (paikantamiseen) jopa 20 km:n matkalta. L\u00e4hetin saa sijaintinsa GPS-satelliiteilta, jotka l\u00e4hett\u00e4v\u00e4t sijaintitiedot koiranohjaajan vastaanottimeen radiotaajuussignaalin (RF) kautta. Moderni tekniikka &#8211; LoRa\u2122. Ei SIM-korttia &#8211; ilman maksuja. Ilmainen mobiilisovellus. Ominaisuudet: L\u00e4hettimen ja vastaanottimen v\u00e4linen et\u00e4isyys on suorassa n\u00e4kyvyydess\u00e4 jopa 20 km (riippuen maastosta, kasvillisuudesta ja muista tekij\u00f6ist\u00e4). Jopa 13 koiran, mets\u00e4st\u00e4j\u00e4n tai [&hellip;]\" \/>\n<meta property=\"og:url\" content=\"https:\/\/www.koirapuoti.com\/puoti\/kauppa\/koiran-gps-x30\/\" \/>\n<meta property=\"og:site_name\" content=\"Koirapuoti.com\" \/>\n<meta property=\"article:modified_time\" content=\"2023-04-28T15:26:55+00:00\" \/>\n<meta property=\"og:image\" content=\"https:\/\/www.koirapuoti.com\/puoti\/wp-content\/uploads\/2023\/03\/x30-10.jpg\" \/>\n\t<meta property=\"og:image:width\" content=\"2000\" \/>\n\t<meta property=\"og:image:height\" content=\"2000\" \/>\n\t<meta property=\"og:image:type\" content=\"image\/jpeg\" \/>\n<meta name=\"twitter:card\" content=\"summary_large_image\" \/>\n<meta name=\"twitter:label1\" content=\"Arvioitu lukuaika\" \/>\n\t<meta name=\"twitter:data1\" content=\"1 minuutti\" \/>\n<script type=\"application\/ld+json\" class=\"yoast-schema-graph\">{\"@context\":\"https:\/\/schema.org\",\"@graph\":[{\"@type\":\"WebPage\",\"@id\":\"https:\/\/www.koirapuoti.com\/puoti\/kauppa\/koiran-gps-x30\/\",\"url\":\"https:\/\/www.koirapuoti.com\/puoti\/kauppa\/koiran-gps-x30\/\",\"name\":\"Koiran GPS X30 | Koirapuoti.com\",\"isPartOf\":{\"@id\":\"https:\/\/www.koirapuoti.com\/puoti\/#website\"},\"primaryImageOfPage\":{\"@id\":\"https:\/\/www.koirapuoti.com\/puoti\/kauppa\/koiran-gps-x30\/#primaryimage\"},\"image\":{\"@id\":\"https:\/\/www.koirapuoti.com\/puoti\/kauppa\/koiran-gps-x30\/#primaryimage\"},\"thumbnailUrl\":\"https:\/\/www.koirapuoti.com\/puoti\/wp-content\/uploads\/2023\/03\/x30-10.jpg\",\"datePublished\":\"2023-03-25T17:09:28+00:00\",\"dateModified\":\"2023-04-28T15:26:55+00:00\",\"breadcrumb\":{\"@id\":\"https:\/\/www.koirapuoti.com\/puoti\/kauppa\/koiran-gps-x30\/#breadcrumb\"},\"inLanguage\":\"fi\",\"potentialAction\":[{\"@type\":\"ReadAction\",\"target\":[\"https:\/\/www.koirapuoti.com\/puoti\/kauppa\/koiran-gps-x30\/\"]}]},{\"@type\":\"ImageObject\",\"inLanguage\":\"fi\",\"@id\":\"https:\/\/www.koirapuoti.com\/puoti\/kauppa\/koiran-gps-x30\/#primaryimage\",\"url\":\"https:\/\/www.koirapuoti.com\/puoti\/wp-content\/uploads\/2023\/03\/x30-10.jpg\",\"contentUrl\":\"https:\/\/www.koirapuoti.com\/puoti\/wp-content\/uploads\/2023\/03\/x30-10.jpg\",\"width\":2000,\"height\":2000},{\"@type\":\"BreadcrumbList\",\"@id\":\"https:\/\/www.koirapuoti.com\/puoti\/kauppa\/koiran-gps-x30\/#breadcrumb\",\"itemListElement\":[{\"@type\":\"ListItem\",\"position\":1,\"name\":\"Home\",\"item\":\"https:\/\/www.koirapuoti.com\/puoti\/\"},{\"@type\":\"ListItem\",\"position\":2,\"name\":\"Kauppa\",\"item\":\"https:\/\/www.koirapuoti.com\/puoti\/kauppa\/\"},{\"@type\":\"ListItem\",\"position\":3,\"name\":\"Koiran GPS X30\"}]},{\"@type\":\"WebSite\",\"@id\":\"https:\/\/www.koirapuoti.com\/puoti\/#website\",\"url\":\"https:\/\/www.koirapuoti.com\/puoti\/\",\"name\":\"Koirapuoti.com\",\"description\":\"Koira gps pannat, pihavahdit, haukunestopannat, koulutuspannat\",\"publisher\":{\"@id\":\"https:\/\/www.koirapuoti.com\/puoti\/#organization\"},\"potentialAction\":[{\"@type\":\"SearchAction\",\"target\":{\"@type\":\"EntryPoint\",\"urlTemplate\":\"https:\/\/www.koirapuoti.com\/puoti\/?s={search_term_string}\"},\"query-input\":{\"@type\":\"PropertyValueSpecification\",\"valueRequired\":true,\"valueName\":\"search_term_string\"}}],\"inLanguage\":\"fi\"},{\"@type\":\"Organization\",\"@id\":\"https:\/\/www.koirapuoti.com\/puoti\/#organization\",\"name\":\"Koirapuoti.com\",\"url\":\"https:\/\/www.koirapuoti.com\/puoti\/\",\"logo\":{\"@type\":\"ImageObject\",\"inLanguage\":\"fi\",\"@id\":\"https:\/\/www.koirapuoti.com\/puoti\/#\/schema\/logo\/image\/\",\"url\":\"https:\/\/www.koirapuoti.com\/puoti\/wp-content\/uploads\/2023\/03\/cropped-koirapuoti-logo-v.png\",\"contentUrl\":\"https:\/\/www.koirapuoti.com\/puoti\/wp-content\/uploads\/2023\/03\/cropped-koirapuoti-logo-v.png\",\"width\":513,\"height\":121,\"caption\":\"Koirapuoti.com\"},\"image\":{\"@id\":\"https:\/\/www.koirapuoti.com\/puoti\/#\/schema\/logo\/image\/\"}}]}<\/script>\n<!-- \/ Yoast SEO plugin. -->","yoast_head_json":{"title":"Koiran GPS X30 | Koirapuoti.com","robots":{"index":"index","follow":"follow","max-snippet":"max-snippet:-1","max-image-preview":"max-image-preview:large","max-video-preview":"max-video-preview:-1"},"canonical":"https:\/\/www.koirapuoti.com\/puoti\/kauppa\/koiran-gps-x30\/","og_locale":"fi_FI","og_type":"article","og_title":"Koiran GPS X30 | Koirapuoti.com","og_description":"Ammattimainen laite koirien j\u00e4ljitt\u00e4miseen (paikantamiseen) jopa 20 km:n matkalta. L\u00e4hetin saa sijaintinsa GPS-satelliiteilta, jotka l\u00e4hett\u00e4v\u00e4t sijaintitiedot koiranohjaajan vastaanottimeen radiotaajuussignaalin (RF) kautta. Moderni tekniikka &#8211; LoRa\u2122. Ei SIM-korttia &#8211; ilman maksuja. Ilmainen mobiilisovellus. Ominaisuudet: L\u00e4hettimen ja vastaanottimen v\u00e4linen et\u00e4isyys on suorassa n\u00e4kyvyydess\u00e4 jopa 20 km (riippuen maastosta, kasvillisuudesta ja muista tekij\u00f6ist\u00e4). Jopa 13 koiran, mets\u00e4st\u00e4j\u00e4n tai [&hellip;]","og_url":"https:\/\/www.koirapuoti.com\/puoti\/kauppa\/koiran-gps-x30\/","og_site_name":"Koirapuoti.com","article_modified_time":"2023-04-28T15:26:55+00:00","og_image":[{"width":2000,"height":2000,"url":"https:\/\/www.koirapuoti.com\/puoti\/wp-content\/uploads\/2023\/03\/x30-10.jpg","type":"image\/jpeg"}],"twitter_card":"summary_large_image","twitter_misc":{"Arvioitu lukuaika":"1 minuutti"},"schema":{"@context":"https:\/\/schema.org","@graph":[{"@type":"WebPage","@id":"https:\/\/www.koirapuoti.com\/puoti\/kauppa\/koiran-gps-x30\/","url":"https:\/\/www.koirapuoti.com\/puoti\/kauppa\/koiran-gps-x30\/","name":"Koiran GPS X30 | Koirapuoti.com","isPartOf":{"@id":"https:\/\/www.koirapuoti.com\/puoti\/#website"},"primaryImageOfPage":{"@id":"https:\/\/www.koirapuoti.com\/puoti\/kauppa\/koiran-gps-x30\/#primaryimage"},"image":{"@id":"https:\/\/www.koirapuoti.com\/puoti\/kauppa\/koiran-gps-x30\/#primaryimage"},"thumbnailUrl":"https:\/\/www.koirapuoti.com\/puoti\/wp-content\/uploads\/2023\/03\/x30-10.jpg","datePublished":"2023-03-25T17:09:28+00:00","dateModified":"2023-04-28T15:26:55+00:00","breadcrumb":{"@id":"https:\/\/www.koirapuoti.com\/puoti\/kauppa\/koiran-gps-x30\/#breadcrumb"},"inLanguage":"fi","potentialAction":[{"@type":"ReadAction","target":["https:\/\/www.koirapuoti.com\/puoti\/kauppa\/koiran-gps-x30\/"]}]},{"@type":"ImageObject","inLanguage":"fi","@id":"https:\/\/www.koirapuoti.com\/puoti\/kauppa\/koiran-gps-x30\/#primaryimage","url":"https:\/\/www.koirapuoti.com\/puoti\/wp-content\/uploads\/2023\/03\/x30-10.jpg","contentUrl":"https:\/\/www.koirapuoti.com\/puoti\/wp-content\/uploads\/2023\/03\/x30-10.jpg","width":2000,"height":2000},{"@type":"BreadcrumbList","@id":"https:\/\/www.koirapuoti.com\/puoti\/kauppa\/koiran-gps-x30\/#breadcrumb","itemListElement":[{"@type":"ListItem","position":1,"name":"Home","item":"https:\/\/www.koirapuoti.com\/puoti\/"},{"@type":"ListItem","position":2,"name":"Kauppa","item":"https:\/\/www.koirapuoti.com\/puoti\/kauppa\/"},{"@type":"ListItem","position":3,"name":"Koiran GPS X30"}]},{"@type":"WebSite","@id":"https:\/\/www.koirapuoti.com\/puoti\/#website","url":"https:\/\/www.koirapuoti.com\/puoti\/","name":"Koirapuoti.com","description":"Koira gps pannat, pihavahdit, haukunestopannat, koulutuspannat","publisher":{"@id":"https:\/\/www.koirapuoti.com\/puoti\/#organization"},"potentialAction":[{"@type":"SearchAction","target":{"@type":"EntryPoint","urlTemplate":"https:\/\/www.koirapuoti.com\/puoti\/?s={search_term_string}"},"query-input":{"@type":"PropertyValueSpecification","valueRequired":true,"valueName":"search_term_string"}}],"inLanguage":"fi"},{"@type":"Organization","@id":"https:\/\/www.koirapuoti.com\/puoti\/#organization","name":"Koirapuoti.com","url":"https:\/\/www.koirapuoti.com\/puoti\/","logo":{"@type":"ImageObject","inLanguage":"fi","@id":"https:\/\/www.koirapuoti.com\/puoti\/#\/schema\/logo\/image\/","url":"https:\/\/www.koirapuoti.com\/puoti\/wp-content\/uploads\/2023\/03\/cropped-koirapuoti-logo-v.png","contentUrl":"https:\/\/www.koirapuoti.com\/puoti\/wp-content\/uploads\/2023\/03\/cropped-koirapuoti-logo-v.png","width":513,"height":121,"caption":"Koirapuoti.com"},"image":{"@id":"https:\/\/www.koirapuoti.com\/puoti\/#\/schema\/logo\/image\/"}}]}},"_links":{"self":[{"href":"https:\/\/www.koirapuoti.com\/puoti\/wp-json\/wp\/v2\/product\/194"}],"collection":[{"href":"https:\/\/www.koirapuoti.com\/puoti\/wp-json\/wp\/v2\/product"}],"about":[{"href":"https:\/\/www.koirapuoti.com\/puoti\/wp-json\/wp\/v2\/types\/product"}],"wp:featuredmedia":[{"embeddable":true,"href":"https:\/\/www.koirapuoti.com\/puoti\/wp-json\/wp\/v2\/media\/204"}],"wp:attachment":[{"href":"https:\/\/www.koirapuoti.com\/puoti\/wp-json\/wp\/v2\/media?parent=194"}],"wp:term":[{"taxonomy":"product_cat","embeddable":true,"href":"https:\/\/www.koirapuoti.com\/puoti\/wp-json\/wp\/v2\/product_cat?post=194"},{"taxonomy":"product_tag","embeddable":true,"href":"https:\/\/www.koirapuoti.com\/puoti\/wp-json\/wp\/v2\/product_tag?post=194"}],"curies":[{"name":"wp","href":"https:\/\/api.w.org\/{rel}","templated":true}]}}