{"id":158,"date":"2023-03-25T13:29:51","date_gmt":"2023-03-25T13:29:51","guid":{"rendered":"https:\/\/koirapuoti.com\/puoti\/?post_type=product&#038;p=158"},"modified":"2023-04-16T09:28:25","modified_gmt":"2023-04-16T09:28:25","slug":"koiran-sahkoaita-d-fence-1001","status":"publish","type":"product","link":"https:\/\/www.koirapuoti.com\/puoti\/kauppa\/koiran-sahkoaita-d-fence-1001\/","title":{"rendered":"Koiran s\u00e4hk\u00f6aita d-fence 1001"},"content":{"rendered":"<p>Siit\u00e4, miten koiran s\u00e4hk\u00f6aita toimii, voi lukea alempaa.<\/p>\n<p><strong>Tuotteen ostaneiden palautetta l\u00f6yd\u00e4t\u00a0<a href=\"https:\/\/www.koirapuoti.com\/puoti\/palautetta-asiakkailta\/\">t\u00e4st\u00e4.<\/a><\/strong><\/p>\n<p>T\u00e4m\u00e4 koiran s\u00e4hk\u00f6aita sopii 8 eri korjausimpulssitasoisen kaulapantansa ansiosta heikosti totteleville isoille ja my\u00f6s pienille koirille, sill\u00e4 sen korjausimpulssin voimakkuutta voi s\u00e4\u00e4t\u00e4\u00e4 koiran koon ja luonteen mukaisesti.<\/p>\n<p>Korjausimpulssi- ja varoitusaluetta on mahdollista s\u00e4\u00e4t\u00e4\u00e4 toisistaan riippumatta. Lis\u00e4ksi laitteessa on toiminto, joka ei anna koiran kuluttaa paristoa tyhj\u00e4ksi varoitusalueella istumalla (t\u00e4t\u00e4 toimintoa ei monien muiden valmistajien laitteissa ole).<\/p>\n<p>Rajattavan alueen enimm\u00e4ispinta-ala on 90.000m<sup>2<\/sup>\u00a0(1200m johtoa).<\/p>\n<p>Kokonaisuuteen kuuluu:<\/p>\n<ul>\n<li>Sis\u00e4tiloihin asennettava l\u00e4hetin<\/li>\n<li>Virta-adapteri<\/li>\n<li>Vesitiivis 8 voimakkuusasteen kaulapanta + paristo\u00a0(litium-ioniparisto, pariston kesto n. 6 kuukautta. Muiden valmistajien tuotteista eroten voi paristoja ostaa hyvin varustetuista kaupoista kohtuulliseen hintaan).<\/li>\n<li>12 ja 17mm:n kontaktit kaulapantaan (koiran turkin paksuuden mukaan)<\/li>\n<li>Testilamppu<\/li>\n<li>Magneetti kaulapannan s\u00e4\u00e4t\u00f6\u00f6n<\/li>\n<li>Opetusvideolevy<\/li>\n<li>K\u00e4ytt\u00f6ohje<\/li>\n<\/ul>\n<p>Malli d-fence 1001 eroaa mallista\u00a0<strong><span style=\"text-decoration: underline;\"><a href=\"https:\/\/www.koirapuoti.com\/puoti\/kauppa\/pihavahti-\">d-fence 101<\/a><\/span><\/strong>\u00a0vain sik\u00e4li, ett\u00e4 toimitukseen ei kuulu 100m johtoa. Kyseess\u00e4 on t\u00e4ysin tavallinen 1-napainen kuparijohto, jota voi ostaa metritavarana s\u00e4hk\u00f6tarvikekauppiaalta tai rakennustarvikeliikkeest\u00e4. Siten voi s\u00e4\u00e4st\u00e4\u00e4 kustannuksia. Jos haluat ostaa kaiken kerralla samasta paikasta, l\u00f6yd\u00e4t sopivan johdon luokasta\u00a0<strong><span style=\"text-decoration: underline;\"><a href=\"https:\/\/www.koirapuoti.com\/puoti\/tuote\/pihavahdin-tarvikkeet\/\">s\u00e4hk\u00f6aitojen tarvikkeet.<\/a><\/span><\/strong><\/p>\n<p>Koiran liikkumiseen tarkoitetun alueen rajaamisessa k\u00e4ytett\u00e4v\u00e4n rajajohdon paksuus riippuu sen pituudesta.<\/p>\n<ul>\n<li>0,75mm:0- 400m \u00e4\u00e4riviivan osalta<\/li>\n<li>1mm: 400-600m \u00e4\u00e4riviivan osalta<\/li>\n<li>1,5mm:600-900m \u00e4\u00e4riviivan osalta<\/li>\n<li>2,5mm:900-1200m \u00e4\u00e4riviivan osalta<\/li>\n<\/ul>\n<h2><strong>Koiran s\u00e4hk\u00f6aita \u2013 miksi ja kuinka?<\/strong><\/h2>\n<p>Koiran s\u00e4hk\u00f6aita on laite, joka mahdollistaa el\u00e4imen liikkumisen ilman, ett\u00e4 se kytkett\u00e4isiin ketjuun tai suljettaisiin h\u00e4kkiin. N\u00e4in koira saa vapaasti liikkua piha-alueella. Toisinaan koiran hallintaan ei riit\u00e4 korkeakaan aita, sill\u00e4 sen alta on mahdollista kaivautua tai l\u00f6yt\u00e4\u00e4 jokin muu ulosp\u00e4\u00e4sy. Laitetta voi k\u00e4ytt\u00e4\u00e4 my\u00f6s siell\u00e4, miss\u00e4 raja-aitaa ei lainkaan ole. S\u00e4hk\u00f6aidan asentaminen on huomattavasti edullisempaa ja nopeampaa kuin tavallisen aidan rakentaminen. J\u00e4rjestelm\u00e4n p\u00e4\u00e4osat ovat vastaanotin, radiol\u00e4hetin ja maa-aluetta rajaava johto. Johdolla rajataan sallittu liikkumisalue.<\/p>\n<p>Laite tarjoaa my\u00f6s mahdollisuuden suojata alueella olevia kohteita kuten kukkapenkkej\u00e4, kasvimaata tai allasta. Johto asennetaan olemassa olevaan aitaan tai kaivetaan enint\u00e4\u00e4n 5cm syvyydelle maahan. Suljetun \u00e4\u00e4riviivan muodostava johto liitet\u00e4\u00e4n l\u00e4hettimeen. L\u00e4hetin aiheuttaa johdon luona heikon radiosignaalin. Vastaanotin, joka kiinnitet\u00e4\u00e4n koiran kaulaan, reagoi radiosignaaliin ja antaa lemmikille \u00e4\u00e4nell\u00e4 viestin, ett\u00e4 se on sallitun liikkumisalueen rajalla. Jos koira ei v\u00e4lit\u00e4 \u00e4\u00e4nimerkist\u00e4 ja liikkuu eteenp\u00e4in, se saa ep\u00e4miellytt\u00e4v\u00e4n impulssin (yleens\u00e4 t\u00e4m\u00e4 tapahtuu muutaman kerran koulutuksen alussa). Koira yhdist\u00e4\u00e4 \u00e4\u00e4nimerkin ja ep\u00e4miellytt\u00e4v\u00e4n impulssin ja alkaa jatkossa v\u00e4ltt\u00e4\u00e4 sit\u00e4 (j\u00e4\u00e4 sallitulle liikkumisalueelle).<\/p>\n<p>Jotta koiran s\u00e4hk\u00f6aita toimisi varmasti, tulee aidan asentamisen j\u00e4lkeen lemmikki\u00e4 harjoituttaa siihen. Opettamiseen kuluva aika on jokaisen el\u00e4imen osalta erilainen. Keskim\u00e4\u00e4r\u00e4inen koulutusaika on 1-2 viikkoa. Internetist\u00e4 voi l\u00f6yt\u00e4\u00e4 kommentteja, joissa sanotaan, ett\u00e4 kommentoijalla t\u00e4m\u00e4 j\u00e4rjestelm\u00e4 ei tuonut toivottua vaikutusta. L\u00e4hes aina syyn\u00e4 on v\u00e4h\u00e4inen tai kokonaan antamatta j\u00e4tetty koulutus. Siten on eritt\u00e4in t\u00e4rke\u00e4\u00e4, ettei opetusta j\u00e4tet\u00e4 ohjelmasta pois.<\/p>\n<p>Asennusvideo:<br \/>\n<iframe loading=\"lazy\" title=\"YouTube video player\" src=\"https:\/\/www.youtube.com\/embed\/0pL_5RpCAb4\" width=\"560\" height=\"315\" frameborder=\"0\" allowfullscreen=\"allowfullscreen\"><\/iframe><\/p>\n","protected":false},"excerpt":{"rendered":"<p>Tuote sopii sek\u00e4 pienille ett\u00e4 my\u00f6s isoille koirille 4 kuukauden i\u00e4st\u00e4 alkaen<\/p>\n<p>Vesitiivis 8 voimakkuusasteen kaulapanta<\/p>\n<p>Johdon enimm\u00e4ispituus 1200m \u00a0(mahdollista rajata 90.000m<sup>2<\/sup>)<\/p>\n","protected":false},"featured_media":160,"template":"","meta":[],"product_cat":[15],"product_tag":[],"class_list":{"0":"post-158","1":"product","2":"type-product","3":"status-publish","4":"has-post-thumbnail","6":"product_cat-pihavahti-koiralle","8":"first","9":"instock","10":"sale","11":"featured","12":"taxable","13":"shipping-taxable","14":"purchasable","15":"product-type-simple"},"yoast_head":"<!-- This site is optimized with the Yoast SEO plugin v23.5 - https:\/\/yoast.com\/wordpress\/plugins\/seo\/ -->\n<title>Koiran s\u00e4hk\u00f6aita d-fence 1001 | Dogtrace<\/title>\n<meta name=\"description\" content=\"Hanki hinta-laatusuhteeltaan hyv\u00e4 vedenpit\u00e4v\u00e4ll\u00e4 pannalla varustettu s\u00e4hk\u00f6aita, joka sopii sek\u00e4 pienelle ett\u00e4 isolle koiralle. Lue ostajien palaute.\" \/>\n<meta name=\"robots\" content=\"index, follow, max-snippet:-1, max-image-preview:large, max-video-preview:-1\" \/>\n<link rel=\"canonical\" href=\"https:\/\/www.koirapuoti.com\/puoti\/kauppa\/koiran-sahkoaita-d-fence-1001\/\" \/>\n<meta property=\"og:locale\" content=\"fi_FI\" \/>\n<meta property=\"og:type\" content=\"article\" \/>\n<meta property=\"og:title\" content=\"Koiran s\u00e4hk\u00f6aita d-fence 1001 | Dogtrace\" \/>\n<meta property=\"og:description\" content=\"Hanki hinta-laatusuhteeltaan hyv\u00e4 vedenpit\u00e4v\u00e4ll\u00e4 pannalla varustettu s\u00e4hk\u00f6aita, joka sopii sek\u00e4 pienelle ett\u00e4 isolle koiralle. Lue ostajien palaute.\" \/>\n<meta property=\"og:url\" content=\"https:\/\/www.koirapuoti.com\/puoti\/kauppa\/koiran-sahkoaita-d-fence-1001\/\" \/>\n<meta property=\"og:site_name\" content=\"Koirapuoti.com\" \/>\n<meta property=\"article:modified_time\" content=\"2023-04-16T09:28:25+00:00\" \/>\n<meta property=\"og:image\" content=\"https:\/\/www.koirapuoti.com\/puoti\/wp-content\/uploads\/2023\/03\/Koiran-sahkoaita-d-fence-1001.jpg\" \/>\n\t<meta property=\"og:image:width\" content=\"800\" \/>\n\t<meta property=\"og:image:height\" content=\"800\" \/>\n\t<meta property=\"og:image:type\" content=\"image\/jpeg\" \/>\n<meta name=\"twitter:card\" content=\"summary_large_image\" \/>\n<meta name=\"twitter:label1\" content=\"Arvioitu lukuaika\" \/>\n\t<meta name=\"twitter:data1\" content=\"2 minuuttia\" \/>\n<script type=\"application\/ld+json\" class=\"yoast-schema-graph\">{\"@context\":\"https:\/\/schema.org\",\"@graph\":[{\"@type\":\"WebPage\",\"@id\":\"https:\/\/www.koirapuoti.com\/puoti\/kauppa\/koiran-sahkoaita-d-fence-1001\/\",\"url\":\"https:\/\/www.koirapuoti.com\/puoti\/kauppa\/koiran-sahkoaita-d-fence-1001\/\",\"name\":\"Koiran s\u00e4hk\u00f6aita d-fence 1001 | Dogtrace\",\"isPartOf\":{\"@id\":\"https:\/\/www.koirapuoti.com\/puoti\/#website\"},\"primaryImageOfPage\":{\"@id\":\"https:\/\/www.koirapuoti.com\/puoti\/kauppa\/koiran-sahkoaita-d-fence-1001\/#primaryimage\"},\"image\":{\"@id\":\"https:\/\/www.koirapuoti.com\/puoti\/kauppa\/koiran-sahkoaita-d-fence-1001\/#primaryimage\"},\"thumbnailUrl\":\"https:\/\/www.koirapuoti.com\/puoti\/wp-content\/uploads\/2023\/03\/Koiran-sahkoaita-d-fence-1001.jpg\",\"datePublished\":\"2023-03-25T13:29:51+00:00\",\"dateModified\":\"2023-04-16T09:28:25+00:00\",\"description\":\"Hanki hinta-laatusuhteeltaan hyv\u00e4 vedenpit\u00e4v\u00e4ll\u00e4 pannalla varustettu s\u00e4hk\u00f6aita, joka sopii sek\u00e4 pienelle ett\u00e4 isolle koiralle. Lue ostajien palaute.\",\"breadcrumb\":{\"@id\":\"https:\/\/www.koirapuoti.com\/puoti\/kauppa\/koiran-sahkoaita-d-fence-1001\/#breadcrumb\"},\"inLanguage\":\"fi\",\"potentialAction\":[{\"@type\":\"ReadAction\",\"target\":[\"https:\/\/www.koirapuoti.com\/puoti\/kauppa\/koiran-sahkoaita-d-fence-1001\/\"]}]},{\"@type\":\"ImageObject\",\"inLanguage\":\"fi\",\"@id\":\"https:\/\/www.koirapuoti.com\/puoti\/kauppa\/koiran-sahkoaita-d-fence-1001\/#primaryimage\",\"url\":\"https:\/\/www.koirapuoti.com\/puoti\/wp-content\/uploads\/2023\/03\/Koiran-sahkoaita-d-fence-1001.jpg\",\"contentUrl\":\"https:\/\/www.koirapuoti.com\/puoti\/wp-content\/uploads\/2023\/03\/Koiran-sahkoaita-d-fence-1001.jpg\",\"width\":800,\"height\":800,\"caption\":\"Koiran s\u00e4hk\u00f6aita d-fence 1001\"},{\"@type\":\"BreadcrumbList\",\"@id\":\"https:\/\/www.koirapuoti.com\/puoti\/kauppa\/koiran-sahkoaita-d-fence-1001\/#breadcrumb\",\"itemListElement\":[{\"@type\":\"ListItem\",\"position\":1,\"name\":\"Home\",\"item\":\"https:\/\/www.koirapuoti.com\/puoti\/\"},{\"@type\":\"ListItem\",\"position\":2,\"name\":\"Kauppa\",\"item\":\"https:\/\/www.koirapuoti.com\/puoti\/kauppa\/\"},{\"@type\":\"ListItem\",\"position\":3,\"name\":\"Koiran s\u00e4hk\u00f6aita d-fence 1001\"}]},{\"@type\":\"WebSite\",\"@id\":\"https:\/\/www.koirapuoti.com\/puoti\/#website\",\"url\":\"https:\/\/www.koirapuoti.com\/puoti\/\",\"name\":\"Koirapuoti.com\",\"description\":\"Koira gps pannat, pihavahdit, haukunestopannat, koulutuspannat\",\"publisher\":{\"@id\":\"https:\/\/www.koirapuoti.com\/puoti\/#organization\"},\"potentialAction\":[{\"@type\":\"SearchAction\",\"target\":{\"@type\":\"EntryPoint\",\"urlTemplate\":\"https:\/\/www.koirapuoti.com\/puoti\/?s={search_term_string}\"},\"query-input\":{\"@type\":\"PropertyValueSpecification\",\"valueRequired\":true,\"valueName\":\"search_term_string\"}}],\"inLanguage\":\"fi\"},{\"@type\":\"Organization\",\"@id\":\"https:\/\/www.koirapuoti.com\/puoti\/#organization\",\"name\":\"Koirapuoti.com\",\"url\":\"https:\/\/www.koirapuoti.com\/puoti\/\",\"logo\":{\"@type\":\"ImageObject\",\"inLanguage\":\"fi\",\"@id\":\"https:\/\/www.koirapuoti.com\/puoti\/#\/schema\/logo\/image\/\",\"url\":\"https:\/\/www.koirapuoti.com\/puoti\/wp-content\/uploads\/2023\/03\/cropped-koirapuoti-logo-v.png\",\"contentUrl\":\"https:\/\/www.koirapuoti.com\/puoti\/wp-content\/uploads\/2023\/03\/cropped-koirapuoti-logo-v.png\",\"width\":513,\"height\":121,\"caption\":\"Koirapuoti.com\"},\"image\":{\"@id\":\"https:\/\/www.koirapuoti.com\/puoti\/#\/schema\/logo\/image\/\"}}]}<\/script>\n<!-- \/ Yoast SEO plugin. -->","yoast_head_json":{"title":"Koiran s\u00e4hk\u00f6aita d-fence 1001 | Dogtrace","description":"Hanki hinta-laatusuhteeltaan hyv\u00e4 vedenpit\u00e4v\u00e4ll\u00e4 pannalla varustettu s\u00e4hk\u00f6aita, joka sopii sek\u00e4 pienelle ett\u00e4 isolle koiralle. Lue ostajien palaute.","robots":{"index":"index","follow":"follow","max-snippet":"max-snippet:-1","max-image-preview":"max-image-preview:large","max-video-preview":"max-video-preview:-1"},"canonical":"https:\/\/www.koirapuoti.com\/puoti\/kauppa\/koiran-sahkoaita-d-fence-1001\/","og_locale":"fi_FI","og_type":"article","og_title":"Koiran s\u00e4hk\u00f6aita d-fence 1001 | Dogtrace","og_description":"Hanki hinta-laatusuhteeltaan hyv\u00e4 vedenpit\u00e4v\u00e4ll\u00e4 pannalla varustettu s\u00e4hk\u00f6aita, joka sopii sek\u00e4 pienelle ett\u00e4 isolle koiralle. Lue ostajien palaute.","og_url":"https:\/\/www.koirapuoti.com\/puoti\/kauppa\/koiran-sahkoaita-d-fence-1001\/","og_site_name":"Koirapuoti.com","article_modified_time":"2023-04-16T09:28:25+00:00","og_image":[{"width":800,"height":800,"url":"https:\/\/www.koirapuoti.com\/puoti\/wp-content\/uploads\/2023\/03\/Koiran-sahkoaita-d-fence-1001.jpg","type":"image\/jpeg"}],"twitter_card":"summary_large_image","twitter_misc":{"Arvioitu lukuaika":"2 minuuttia"},"schema":{"@context":"https:\/\/schema.org","@graph":[{"@type":"WebPage","@id":"https:\/\/www.koirapuoti.com\/puoti\/kauppa\/koiran-sahkoaita-d-fence-1001\/","url":"https:\/\/www.koirapuoti.com\/puoti\/kauppa\/koiran-sahkoaita-d-fence-1001\/","name":"Koiran s\u00e4hk\u00f6aita d-fence 1001 | Dogtrace","isPartOf":{"@id":"https:\/\/www.koirapuoti.com\/puoti\/#website"},"primaryImageOfPage":{"@id":"https:\/\/www.koirapuoti.com\/puoti\/kauppa\/koiran-sahkoaita-d-fence-1001\/#primaryimage"},"image":{"@id":"https:\/\/www.koirapuoti.com\/puoti\/kauppa\/koiran-sahkoaita-d-fence-1001\/#primaryimage"},"thumbnailUrl":"https:\/\/www.koirapuoti.com\/puoti\/wp-content\/uploads\/2023\/03\/Koiran-sahkoaita-d-fence-1001.jpg","datePublished":"2023-03-25T13:29:51+00:00","dateModified":"2023-04-16T09:28:25+00:00","description":"Hanki hinta-laatusuhteeltaan hyv\u00e4 vedenpit\u00e4v\u00e4ll\u00e4 pannalla varustettu s\u00e4hk\u00f6aita, joka sopii sek\u00e4 pienelle ett\u00e4 isolle koiralle. Lue ostajien palaute.","breadcrumb":{"@id":"https:\/\/www.koirapuoti.com\/puoti\/kauppa\/koiran-sahkoaita-d-fence-1001\/#breadcrumb"},"inLanguage":"fi","potentialAction":[{"@type":"ReadAction","target":["https:\/\/www.koirapuoti.com\/puoti\/kauppa\/koiran-sahkoaita-d-fence-1001\/"]}]},{"@type":"ImageObject","inLanguage":"fi","@id":"https:\/\/www.koirapuoti.com\/puoti\/kauppa\/koiran-sahkoaita-d-fence-1001\/#primaryimage","url":"https:\/\/www.koirapuoti.com\/puoti\/wp-content\/uploads\/2023\/03\/Koiran-sahkoaita-d-fence-1001.jpg","contentUrl":"https:\/\/www.koirapuoti.com\/puoti\/wp-content\/uploads\/2023\/03\/Koiran-sahkoaita-d-fence-1001.jpg","width":800,"height":800,"caption":"Koiran s\u00e4hk\u00f6aita d-fence 1001"},{"@type":"BreadcrumbList","@id":"https:\/\/www.koirapuoti.com\/puoti\/kauppa\/koiran-sahkoaita-d-fence-1001\/#breadcrumb","itemListElement":[{"@type":"ListItem","position":1,"name":"Home","item":"https:\/\/www.koirapuoti.com\/puoti\/"},{"@type":"ListItem","position":2,"name":"Kauppa","item":"https:\/\/www.koirapuoti.com\/puoti\/kauppa\/"},{"@type":"ListItem","position":3,"name":"Koiran s\u00e4hk\u00f6aita d-fence 1001"}]},{"@type":"WebSite","@id":"https:\/\/www.koirapuoti.com\/puoti\/#website","url":"https:\/\/www.koirapuoti.com\/puoti\/","name":"Koirapuoti.com","description":"Koira gps pannat, pihavahdit, haukunestopannat, koulutuspannat","publisher":{"@id":"https:\/\/www.koirapuoti.com\/puoti\/#organization"},"potentialAction":[{"@type":"SearchAction","target":{"@type":"EntryPoint","urlTemplate":"https:\/\/www.koirapuoti.com\/puoti\/?s={search_term_string}"},"query-input":{"@type":"PropertyValueSpecification","valueRequired":true,"valueName":"search_term_string"}}],"inLanguage":"fi"},{"@type":"Organization","@id":"https:\/\/www.koirapuoti.com\/puoti\/#organization","name":"Koirapuoti.com","url":"https:\/\/www.koirapuoti.com\/puoti\/","logo":{"@type":"ImageObject","inLanguage":"fi","@id":"https:\/\/www.koirapuoti.com\/puoti\/#\/schema\/logo\/image\/","url":"https:\/\/www.koirapuoti.com\/puoti\/wp-content\/uploads\/2023\/03\/cropped-koirapuoti-logo-v.png","contentUrl":"https:\/\/www.koirapuoti.com\/puoti\/wp-content\/uploads\/2023\/03\/cropped-koirapuoti-logo-v.png","width":513,"height":121,"caption":"Koirapuoti.com"},"image":{"@id":"https:\/\/www.koirapuoti.com\/puoti\/#\/schema\/logo\/image\/"}}]}},"_links":{"self":[{"href":"https:\/\/www.koirapuoti.com\/puoti\/wp-json\/wp\/v2\/product\/158"}],"collection":[{"href":"https:\/\/www.koirapuoti.com\/puoti\/wp-json\/wp\/v2\/product"}],"about":[{"href":"https:\/\/www.koirapuoti.com\/puoti\/wp-json\/wp\/v2\/types\/product"}],"wp:featuredmedia":[{"embeddable":true,"href":"https:\/\/www.koirapuoti.com\/puoti\/wp-json\/wp\/v2\/media\/160"}],"wp:attachment":[{"href":"https:\/\/www.koirapuoti.com\/puoti\/wp-json\/wp\/v2\/media?parent=158"}],"wp:term":[{"taxonomy":"product_cat","embeddable":true,"href":"https:\/\/www.koirapuoti.com\/puoti\/wp-json\/wp\/v2\/product_cat?post=158"},{"taxonomy":"product_tag","embeddable":true,"href":"https:\/\/www.koirapuoti.com\/puoti\/wp-json\/wp\/v2\/product_tag?post=158"}],"curies":[{"name":"wp","href":"https:\/\/api.w.org\/{rel}","templated":true}]}}