{"id":139,"date":"2023-03-25T11:27:15","date_gmt":"2023-03-25T11:27:15","guid":{"rendered":"https:\/\/koirapuoti.com\/puoti\/?post_type=product&#038;p=139"},"modified":"2024-09-09T05:30:52","modified_gmt":"2024-09-09T05:30:52","slug":"nakymaton-aita-koiralle-d-fence-2002","status":"publish","type":"product","link":"https:\/\/www.koirapuoti.com\/puoti\/kauppa\/nakymaton-aita-koiralle-d-fence-2002\/","title":{"rendered":"N\u00e4kym\u00e4t\u00f6n aita koiralle d-fence 2002"},"content":{"rendered":"<p>Siit\u00e4, miten\u00a0<strong>n\u00e4kym\u00e4t\u00f6n aita<\/strong>\u00a0toimii, voit lukea alempaa.<\/p>\n<p><strong>Tuotteen ostaneiden kommentteja l\u00f6yd\u00e4t\u00a0<span style=\"text-decoration: underline;\"><a href=\"https:\/\/www.koirapuoti.com\/puoti\/palautetta-asiakkailta\/\">t\u00e4st\u00e4.<\/a><\/span><\/strong><\/p>\n<p>Kyseess\u00e4 on uusi, nykyaikainen ja ainutlaatuinen tuote, jolla on kilpailijoihin n\u00e4hden useita etuja.<\/p>\n<p>Ainutlaatuisia ominaisuuksia:<\/p>\n<ul>\n<li>Johdon pituus voi olla jopa 2200 metri\u00e4 (suurin rajattava pinta-ala 302.500m2)<\/li>\n<li>Laite jatkaa toimintaansa my\u00f6s s\u00e4hk\u00f6katkoksen aikana. Akun varassa laite toimii jopa 16 tuntia<\/li>\n<li>LCD-n\u00e4ytt\u00f6 ja kosketusn\u00e4pp\u00e4imet<\/li>\n<li>Varoitus- ja korjausimpulssialueiden toisistaan riippumattoman s\u00e4\u00e4d\u00f6n mahdollisuus<\/li>\n<li>Koiralla ei ole mahdollisuutta kuluttaa paristoa tyhj\u00e4ksi istumalla varoitusalueella<\/li>\n<li>8 voimakkuusasteen ansiosta kaulapanta sopii niin isoille kuin pienillekin koirille<\/li>\n<\/ul>\n<p>Edell\u00e4 mainitut ominaisuudet tekev\u00e4t t\u00e4st\u00e4 tuotteesta oman luokkansa huipputekij\u00e4n ja sopivan kaikkein vaativimmallekin asiakkaalle.<\/p>\n<p>Kokonaisuuteen kuuluu:<\/p>\n<ul>\n<li>100m 0,75mm:n johtoa<\/li>\n<li>Sis\u00e4tiloihin asennettava l\u00e4hetin<\/li>\n<li>Virta-adapteri<\/li>\n<li>Vesitiivis 8 tasoinen kaulapanta paristoineen (litium-ioniparisto, kesto n. 6 kuukautta. Muiden valmistajien tuotteista poiketen on paristoja saatavana j\u00e4rkev\u00e4\u00e4n hintaan hyvinvarustetuista kaupoista).<\/li>\n<li>12 ja 17mm kontaktit kaulapantaan (koirien eripaksuisen turkin mukaan)<\/li>\n<li>L\u00e4hettimen vara-akku<\/li>\n<li>Testilamppu<\/li>\n<li>Magneettipuikko<\/li>\n<li>L\u00e4hettimen ja johdon v\u00e4linen kiinnitysadapteri<\/li>\n<li>Jatkohylsyt (2 kpl)<\/li>\n<li>Kiinnitysruuvit holkkeineen<\/li>\n<li>CD-opetusvideo<\/li>\n<li>K\u00e4ytt\u00f6ohje<\/li>\n<\/ul>\n<p>Lemmikin liikkumiseen tarkoitetun alueen rajauksessa k\u00e4ytett\u00e4v\u00e4n johdon poikkipinta-ala riippuu johdon pituudesta.<\/p>\n<ul>\n<li>0,75mm: 0- 400m \u00e4\u00e4riviivan osalta<\/li>\n<li>1mm: 400-600m \u00e4\u00e4riviivan osalta<\/li>\n<li>1,5mm: 600-900m \u00e4\u00e4riviivan osalta<\/li>\n<li>2,5mm: 900-2200m \u00e4\u00e4riviivan osalta<\/li>\n<\/ul>\n<p>Tarvittaessa l\u00f6yd\u00e4t lis\u00e4johdon luokasta\u00a0<a href=\"https:\/\/www.koirapuoti.com\/puoti\/tuote\/pihavahdin-tarvikkeet\/\"><strong><span style=\"text-decoration: underline;\">pihavahdin tarvikkeet<\/span><\/strong>.<\/a>\u00a0Koska kyseess\u00e4 on kuparinen 1-napainen johto, sit\u00e4 voi vapaasti ostaa lis\u00e4\u00e4 my\u00f6s s\u00e4hk\u00f6tarvikekauppiaalta tai rakennustarvikekaupasta. D-fence 2002 pakettiin kuuluu 100m 0,75mm:n johtoa.<\/p>\n<p><strong>N\u00e4kym\u00e4t\u00f6n aita<\/strong>\u00a0vastaa Euroopassa voimassa olevia vaatimuksia. Tuotettu Tsekin tasavallassa.<\/p>\n<p>&nbsp;<\/p>\n<h2>N\u00e4kym\u00e4t\u00f6n aita koiralle \u2013 miksi ja miten?<\/h2>\n<p><strong>N\u00e4kym\u00e4t\u00f6n aita<\/strong>\u00a0on koiran liikkumisen rajaamiseen k\u00e4ytett\u00e4v\u00e4 laite. Tavallinen aita ei aina riit\u00e4 pit\u00e4m\u00e4\u00e4n koiraa kotona, sill\u00e4 aidan yli voi hyp\u00e4t\u00e4 tai alitse kaivautua.\u00a0Joissakin tapauksissa t\u00e4t\u00e4 laitetta k\u00e4ytet\u00e4\u00e4n siksi, ett\u00e4 aidan rakentaminen olisi liian kallista tai sit\u00e4 ei haluta. J\u00e4rjestelm\u00e4\u00e4n kuuluu lemmikin kaulapantaan kiinnitetty vastaanotin, radiol\u00e4hetin ja aluetta rajaava johto. Johdolla rajataan koiralle sallittu liikkumisalue (ks. alla oleva kuva). Koiralta estetyiksi voi muuttaa my\u00f6s alueen sis\u00e4ll\u00e4 olevia kohteita ja alueita, esimerkiksi kasvimaan, kasvihuoneen, kukkapenkit, altaan ymp\u00e4rist\u00f6n jne. Aluetta rajaava johto asennetaan enint\u00e4\u00e4n 5cm syvyydelle maahan tai sitten aitaan.<\/p>\n<p>Johdon tulee muodostaa suljettu \u00e4\u00e4riviiva alueen ymp\u00e4rille. L\u00e4hetin aiheuttaa johdon l\u00e4heisyydess\u00e4 radiosignaalin, johon kaulapannassa oleva vastaanotin reagoi. Koira saa viestin \u00e4\u00e4nisignaalilla l\u00e4hestyess\u00e4\u00e4n kielletty\u00e4 aluetta. Jos koira j\u00e4tt\u00e4\u00e4 \u00e4\u00e4nisignaalin huomiotta ja liikkuu edelleen, se saa korjausimpulssin, joka on sille ep\u00e4miellytt\u00e4v\u00e4. Koira ymm\u00e4rt\u00e4\u00e4, ett\u00e4 \u00e4\u00e4nisignaalia seuraa ep\u00e4miellytt\u00e4v\u00e4 korjausimpulssi ja palaa takaisin sallitulle alueelle. Korjausimpulssin koira saa tavallisesti muutaman kerran koulutuksen alussa.<\/p>\n<p><strong>N\u00e4kym\u00e4tt\u00f6m\u00e4n aidan<\/strong>\u00a0asentamisen j\u00e4lkeen on t\u00e4rke\u00e4\u00e4 harjoituttaa lemmikki\u00e4. Erilaisesta oppimiskyvyst\u00e4 johtuen jokaisen koiran osalta oppimiseen kuluva aika on erilainen. P\u00e4\u00e4osa koirista oppii sallitun liikkumisalueen suunnilleen 1-2 viikossa. Eri internet-foorumeista voi lukea kommentteja, joissa v\u00e4itet\u00e4\u00e4n, ett\u00e4 laite ei ole kirjoittajien koirien osalta toiminut. Yleens\u00e4 syyn\u00e4 on juuri se, ett\u00e4 lemmikki\u00e4 ei ole opetettu tarpeeksi.<\/p>\n<p>Asennusvideo:<\/p>\n<p><iframe loading=\"lazy\" title=\"YouTube video player\" src=\"https:\/\/www.youtube.com\/embed\/47ZTeAI1J5U\" width=\"560\" height=\"315\" frameborder=\"0\" allowfullscreen=\"allowfullscreen\"><\/iframe><\/p>\n","protected":false},"excerpt":{"rendered":"<p>Sopivuus: isot ja pienet koirat, nelj\u00e4nnest\u00e4 elinkuukaudesta alkaen.<\/p>\n<p>8 tasoinen vesitiivis kaulapanta<\/p>\n<p>Johdon enimm\u00e4ispituus 2200m (302.500m2)<\/p>\n","protected":false},"featured_media":141,"template":"","meta":[],"product_cat":[15],"product_tag":[],"class_list":{"0":"post-139","1":"product","2":"type-product","3":"status-publish","4":"has-post-thumbnail","6":"product_cat-pihavahti-koiralle","8":"first","9":"instock","10":"featured","11":"taxable","12":"shipping-taxable","13":"purchasable","14":"product-type-simple"},"yoast_head":"<!-- This site is optimized with the Yoast SEO plugin v23.5 - https:\/\/yoast.com\/wordpress\/plugins\/seo\/ -->\n<title>N\u00e4kym\u00e4t\u00f6n aita koiralle d-fence 2002 | Koirapuoti.com<\/title>\n<meta name=\"description\" content=\"N\u00e4kym\u00e4t\u00f6n aita d-fence 2002 on nykyaikainen tuote, jolla on useita ainutlaatuisia ominaisuuksia. Sopivuus: pienet ja isot koirat. Lue ostajien palautetta.\" \/>\n<meta name=\"robots\" content=\"index, follow, max-snippet:-1, max-image-preview:large, max-video-preview:-1\" \/>\n<link rel=\"canonical\" href=\"https:\/\/www.koirapuoti.com\/puoti\/kauppa\/nakymaton-aita-koiralle-d-fence-2002\/\" \/>\n<meta property=\"og:locale\" content=\"fi_FI\" \/>\n<meta property=\"og:type\" content=\"article\" \/>\n<meta property=\"og:title\" content=\"N\u00e4kym\u00e4t\u00f6n aita koiralle d-fence 2002 | Koirapuoti.com\" \/>\n<meta property=\"og:description\" content=\"N\u00e4kym\u00e4t\u00f6n aita d-fence 2002 on nykyaikainen tuote, jolla on useita ainutlaatuisia ominaisuuksia. Sopivuus: pienet ja isot koirat. Lue ostajien palautetta.\" \/>\n<meta property=\"og:url\" content=\"https:\/\/www.koirapuoti.com\/puoti\/kauppa\/nakymaton-aita-koiralle-d-fence-2002\/\" \/>\n<meta property=\"og:site_name\" content=\"Koirapuoti.com\" \/>\n<meta property=\"article:modified_time\" content=\"2024-09-09T05:30:52+00:00\" \/>\n<meta property=\"og:image\" content=\"https:\/\/www.koirapuoti.com\/puoti\/wp-content\/uploads\/2023\/03\/Nakymaton-aita-koiralle-Dogtrace.jpg\" \/>\n\t<meta property=\"og:image:width\" content=\"800\" \/>\n\t<meta property=\"og:image:height\" content=\"800\" \/>\n\t<meta property=\"og:image:type\" content=\"image\/jpeg\" \/>\n<meta name=\"twitter:card\" content=\"summary_large_image\" \/>\n<meta name=\"twitter:label1\" content=\"Arvioitu lukuaika\" \/>\n\t<meta name=\"twitter:data1\" content=\"3 minuuttia\" \/>\n<script type=\"application\/ld+json\" class=\"yoast-schema-graph\">{\"@context\":\"https:\/\/schema.org\",\"@graph\":[{\"@type\":\"WebPage\",\"@id\":\"https:\/\/www.koirapuoti.com\/puoti\/kauppa\/nakymaton-aita-koiralle-d-fence-2002\/\",\"url\":\"https:\/\/www.koirapuoti.com\/puoti\/kauppa\/nakymaton-aita-koiralle-d-fence-2002\/\",\"name\":\"N\u00e4kym\u00e4t\u00f6n aita koiralle d-fence 2002 | Koirapuoti.com\",\"isPartOf\":{\"@id\":\"https:\/\/www.koirapuoti.com\/puoti\/#website\"},\"primaryImageOfPage\":{\"@id\":\"https:\/\/www.koirapuoti.com\/puoti\/kauppa\/nakymaton-aita-koiralle-d-fence-2002\/#primaryimage\"},\"image\":{\"@id\":\"https:\/\/www.koirapuoti.com\/puoti\/kauppa\/nakymaton-aita-koiralle-d-fence-2002\/#primaryimage\"},\"thumbnailUrl\":\"https:\/\/www.koirapuoti.com\/puoti\/wp-content\/uploads\/2023\/03\/Nakymaton-aita-koiralle-Dogtrace.jpg\",\"datePublished\":\"2023-03-25T11:27:15+00:00\",\"dateModified\":\"2024-09-09T05:30:52+00:00\",\"description\":\"N\u00e4kym\u00e4t\u00f6n aita d-fence 2002 on nykyaikainen tuote, jolla on useita ainutlaatuisia ominaisuuksia. Sopivuus: pienet ja isot koirat. Lue ostajien palautetta.\",\"breadcrumb\":{\"@id\":\"https:\/\/www.koirapuoti.com\/puoti\/kauppa\/nakymaton-aita-koiralle-d-fence-2002\/#breadcrumb\"},\"inLanguage\":\"fi\",\"potentialAction\":[{\"@type\":\"ReadAction\",\"target\":[\"https:\/\/www.koirapuoti.com\/puoti\/kauppa\/nakymaton-aita-koiralle-d-fence-2002\/\"]}]},{\"@type\":\"ImageObject\",\"inLanguage\":\"fi\",\"@id\":\"https:\/\/www.koirapuoti.com\/puoti\/kauppa\/nakymaton-aita-koiralle-d-fence-2002\/#primaryimage\",\"url\":\"https:\/\/www.koirapuoti.com\/puoti\/wp-content\/uploads\/2023\/03\/Nakymaton-aita-koiralle-Dogtrace.jpg\",\"contentUrl\":\"https:\/\/www.koirapuoti.com\/puoti\/wp-content\/uploads\/2023\/03\/Nakymaton-aita-koiralle-Dogtrace.jpg\",\"width\":800,\"height\":800,\"caption\":\"Nakymaton aita koiralle Dogtrace\"},{\"@type\":\"BreadcrumbList\",\"@id\":\"https:\/\/www.koirapuoti.com\/puoti\/kauppa\/nakymaton-aita-koiralle-d-fence-2002\/#breadcrumb\",\"itemListElement\":[{\"@type\":\"ListItem\",\"position\":1,\"name\":\"Home\",\"item\":\"https:\/\/www.koirapuoti.com\/puoti\/\"},{\"@type\":\"ListItem\",\"position\":2,\"name\":\"Kauppa\",\"item\":\"https:\/\/www.koirapuoti.com\/puoti\/kauppa\/\"},{\"@type\":\"ListItem\",\"position\":3,\"name\":\"N\u00e4kym\u00e4t\u00f6n aita koiralle d-fence 2002\"}]},{\"@type\":\"WebSite\",\"@id\":\"https:\/\/www.koirapuoti.com\/puoti\/#website\",\"url\":\"https:\/\/www.koirapuoti.com\/puoti\/\",\"name\":\"Koirapuoti.com\",\"description\":\"Koira gps pannat, pihavahdit, haukunestopannat, koulutuspannat\",\"publisher\":{\"@id\":\"https:\/\/www.koirapuoti.com\/puoti\/#organization\"},\"potentialAction\":[{\"@type\":\"SearchAction\",\"target\":{\"@type\":\"EntryPoint\",\"urlTemplate\":\"https:\/\/www.koirapuoti.com\/puoti\/?s={search_term_string}\"},\"query-input\":{\"@type\":\"PropertyValueSpecification\",\"valueRequired\":true,\"valueName\":\"search_term_string\"}}],\"inLanguage\":\"fi\"},{\"@type\":\"Organization\",\"@id\":\"https:\/\/www.koirapuoti.com\/puoti\/#organization\",\"name\":\"Koirapuoti.com\",\"url\":\"https:\/\/www.koirapuoti.com\/puoti\/\",\"logo\":{\"@type\":\"ImageObject\",\"inLanguage\":\"fi\",\"@id\":\"https:\/\/www.koirapuoti.com\/puoti\/#\/schema\/logo\/image\/\",\"url\":\"https:\/\/www.koirapuoti.com\/puoti\/wp-content\/uploads\/2023\/03\/cropped-koirapuoti-logo-v.png\",\"contentUrl\":\"https:\/\/www.koirapuoti.com\/puoti\/wp-content\/uploads\/2023\/03\/cropped-koirapuoti-logo-v.png\",\"width\":513,\"height\":121,\"caption\":\"Koirapuoti.com\"},\"image\":{\"@id\":\"https:\/\/www.koirapuoti.com\/puoti\/#\/schema\/logo\/image\/\"}}]}<\/script>\n<!-- \/ Yoast SEO plugin. -->","yoast_head_json":{"title":"N\u00e4kym\u00e4t\u00f6n aita koiralle d-fence 2002 | Koirapuoti.com","description":"N\u00e4kym\u00e4t\u00f6n aita d-fence 2002 on nykyaikainen tuote, jolla on useita ainutlaatuisia ominaisuuksia. Sopivuus: pienet ja isot koirat. Lue ostajien palautetta.","robots":{"index":"index","follow":"follow","max-snippet":"max-snippet:-1","max-image-preview":"max-image-preview:large","max-video-preview":"max-video-preview:-1"},"canonical":"https:\/\/www.koirapuoti.com\/puoti\/kauppa\/nakymaton-aita-koiralle-d-fence-2002\/","og_locale":"fi_FI","og_type":"article","og_title":"N\u00e4kym\u00e4t\u00f6n aita koiralle d-fence 2002 | Koirapuoti.com","og_description":"N\u00e4kym\u00e4t\u00f6n aita d-fence 2002 on nykyaikainen tuote, jolla on useita ainutlaatuisia ominaisuuksia. Sopivuus: pienet ja isot koirat. Lue ostajien palautetta.","og_url":"https:\/\/www.koirapuoti.com\/puoti\/kauppa\/nakymaton-aita-koiralle-d-fence-2002\/","og_site_name":"Koirapuoti.com","article_modified_time":"2024-09-09T05:30:52+00:00","og_image":[{"width":800,"height":800,"url":"https:\/\/www.koirapuoti.com\/puoti\/wp-content\/uploads\/2023\/03\/Nakymaton-aita-koiralle-Dogtrace.jpg","type":"image\/jpeg"}],"twitter_card":"summary_large_image","twitter_misc":{"Arvioitu lukuaika":"3 minuuttia"},"schema":{"@context":"https:\/\/schema.org","@graph":[{"@type":"WebPage","@id":"https:\/\/www.koirapuoti.com\/puoti\/kauppa\/nakymaton-aita-koiralle-d-fence-2002\/","url":"https:\/\/www.koirapuoti.com\/puoti\/kauppa\/nakymaton-aita-koiralle-d-fence-2002\/","name":"N\u00e4kym\u00e4t\u00f6n aita koiralle d-fence 2002 | Koirapuoti.com","isPartOf":{"@id":"https:\/\/www.koirapuoti.com\/puoti\/#website"},"primaryImageOfPage":{"@id":"https:\/\/www.koirapuoti.com\/puoti\/kauppa\/nakymaton-aita-koiralle-d-fence-2002\/#primaryimage"},"image":{"@id":"https:\/\/www.koirapuoti.com\/puoti\/kauppa\/nakymaton-aita-koiralle-d-fence-2002\/#primaryimage"},"thumbnailUrl":"https:\/\/www.koirapuoti.com\/puoti\/wp-content\/uploads\/2023\/03\/Nakymaton-aita-koiralle-Dogtrace.jpg","datePublished":"2023-03-25T11:27:15+00:00","dateModified":"2024-09-09T05:30:52+00:00","description":"N\u00e4kym\u00e4t\u00f6n aita d-fence 2002 on nykyaikainen tuote, jolla on useita ainutlaatuisia ominaisuuksia. Sopivuus: pienet ja isot koirat. Lue ostajien palautetta.","breadcrumb":{"@id":"https:\/\/www.koirapuoti.com\/puoti\/kauppa\/nakymaton-aita-koiralle-d-fence-2002\/#breadcrumb"},"inLanguage":"fi","potentialAction":[{"@type":"ReadAction","target":["https:\/\/www.koirapuoti.com\/puoti\/kauppa\/nakymaton-aita-koiralle-d-fence-2002\/"]}]},{"@type":"ImageObject","inLanguage":"fi","@id":"https:\/\/www.koirapuoti.com\/puoti\/kauppa\/nakymaton-aita-koiralle-d-fence-2002\/#primaryimage","url":"https:\/\/www.koirapuoti.com\/puoti\/wp-content\/uploads\/2023\/03\/Nakymaton-aita-koiralle-Dogtrace.jpg","contentUrl":"https:\/\/www.koirapuoti.com\/puoti\/wp-content\/uploads\/2023\/03\/Nakymaton-aita-koiralle-Dogtrace.jpg","width":800,"height":800,"caption":"Nakymaton aita koiralle Dogtrace"},{"@type":"BreadcrumbList","@id":"https:\/\/www.koirapuoti.com\/puoti\/kauppa\/nakymaton-aita-koiralle-d-fence-2002\/#breadcrumb","itemListElement":[{"@type":"ListItem","position":1,"name":"Home","item":"https:\/\/www.koirapuoti.com\/puoti\/"},{"@type":"ListItem","position":2,"name":"Kauppa","item":"https:\/\/www.koirapuoti.com\/puoti\/kauppa\/"},{"@type":"ListItem","position":3,"name":"N\u00e4kym\u00e4t\u00f6n aita koiralle d-fence 2002"}]},{"@type":"WebSite","@id":"https:\/\/www.koirapuoti.com\/puoti\/#website","url":"https:\/\/www.koirapuoti.com\/puoti\/","name":"Koirapuoti.com","description":"Koira gps pannat, pihavahdit, haukunestopannat, koulutuspannat","publisher":{"@id":"https:\/\/www.koirapuoti.com\/puoti\/#organization"},"potentialAction":[{"@type":"SearchAction","target":{"@type":"EntryPoint","urlTemplate":"https:\/\/www.koirapuoti.com\/puoti\/?s={search_term_string}"},"query-input":{"@type":"PropertyValueSpecification","valueRequired":true,"valueName":"search_term_string"}}],"inLanguage":"fi"},{"@type":"Organization","@id":"https:\/\/www.koirapuoti.com\/puoti\/#organization","name":"Koirapuoti.com","url":"https:\/\/www.koirapuoti.com\/puoti\/","logo":{"@type":"ImageObject","inLanguage":"fi","@id":"https:\/\/www.koirapuoti.com\/puoti\/#\/schema\/logo\/image\/","url":"https:\/\/www.koirapuoti.com\/puoti\/wp-content\/uploads\/2023\/03\/cropped-koirapuoti-logo-v.png","contentUrl":"https:\/\/www.koirapuoti.com\/puoti\/wp-content\/uploads\/2023\/03\/cropped-koirapuoti-logo-v.png","width":513,"height":121,"caption":"Koirapuoti.com"},"image":{"@id":"https:\/\/www.koirapuoti.com\/puoti\/#\/schema\/logo\/image\/"}}]}},"_links":{"self":[{"href":"https:\/\/www.koirapuoti.com\/puoti\/wp-json\/wp\/v2\/product\/139"}],"collection":[{"href":"https:\/\/www.koirapuoti.com\/puoti\/wp-json\/wp\/v2\/product"}],"about":[{"href":"https:\/\/www.koirapuoti.com\/puoti\/wp-json\/wp\/v2\/types\/product"}],"wp:featuredmedia":[{"embeddable":true,"href":"https:\/\/www.koirapuoti.com\/puoti\/wp-json\/wp\/v2\/media\/141"}],"wp:attachment":[{"href":"https:\/\/www.koirapuoti.com\/puoti\/wp-json\/wp\/v2\/media?parent=139"}],"wp:term":[{"taxonomy":"product_cat","embeddable":true,"href":"https:\/\/www.koirapuoti.com\/puoti\/wp-json\/wp\/v2\/product_cat?post=139"},{"taxonomy":"product_tag","embeddable":true,"href":"https:\/\/www.koirapuoti.com\/puoti\/wp-json\/wp\/v2\/product_tag?post=139"}],"curies":[{"name":"wp","href":"https:\/\/api.w.org\/{rel}","templated":true}]}}