{"id":120,"date":"2023-03-25T09:36:08","date_gmt":"2023-03-25T09:36:08","guid":{"rendered":"https:\/\/koirapuoti.com\/puoti\/?post_type=product&#038;p=120"},"modified":"2023-03-25T09:59:57","modified_gmt":"2023-03-25T09:59:57","slug":"koiran-haukkupanta-d-mute","status":"publish","type":"product","link":"https:\/\/www.koirapuoti.com\/puoti\/kauppa\/koiran-haukkupanta-d-mute\/","title":{"rendered":"Koiran haukkupanta d-mute"},"content":{"rendered":"<p>Tuotteen ostaneiden kommentteja l\u00f6yd\u00e4t\u00a0<strong><span style=\"text-decoration: underline;\"><a href=\"https:\/\/www.koirapuoti.com\/puoti\/palautetta-asiakkailta\/\">t\u00e4st\u00e4.<\/a><\/span><\/strong><\/p>\n<p><strong>Koiran haukkupannan ominaisuudet:<\/strong><\/p>\n<ul>\n<li>Runko: vesitiivist\u00e4 kest\u00e4v\u00e4\u00e4 muovia<\/li>\n<li>Muoviosan mitat: 39x37x77mm<\/li>\n<li>Herkkyys: mahdollista s\u00e4\u00e4t\u00e4\u00e4<\/li>\n<li>Kuusi toimintatilaa\n<ul>\n<li>Vain \u00e4\u00e4nisignaali<\/li>\n<li>\u00c4\u00e4nisignaali+voimakkuudeltaan alhainen korjausimpulssi<\/li>\n<li>\u00c4\u00e4nisignaali+voimakkuudeltaan keskinkertainen korjausimpulssi<\/li>\n<li>\u00c4\u00e4nisignaali+voimakkuudeltaan korkea korjausimpulssi<\/li>\n<li>\u00c4\u00e4nisignaali+ 5-asteinen voimistuva korjausimpulssi (impulssin voimakkuutta lis\u00e4t\u00e4\u00e4n vaiheittain)<\/li>\n<li>Testitila<\/li>\n<\/ul>\n<\/li>\n<\/ul>\n<ul>\n<li>Paino : 115g (ilman kangasosaa)<\/li>\n<li>Kaulapannan koko: s\u00e4\u00e4dett\u00e4v\u00e4 v\u00e4lill\u00e4 17-75cm<\/li>\n<li>Virtal\u00e4hde: litium-ioniparisto (CR2 3V). Pariston kesto n. puoli vuotta. Uuden pariston voi hankkia esimerkiksi valokuvaus- tai elektroniikkaliikkeest\u00e4. Paristoa ei pid\u00e4 ostaa j\u00e4lleenmyyj\u00e4lt\u00e4, kuten monien muiden valmistajien tuotteiden osalta.<\/li>\n<\/ul>\n<p>Sopivan mallin valinnassa k\u00e4yt\u00e4 oheista taulukkoa:<\/p>\n<table>\n<tbody>\n<tr>\n<td width=\"140\">Malli<\/td>\n<td width=\"217\">Kohderyhm\u00e4<\/td>\n<td width=\"257\">Esimerkkirodut<\/td>\n<\/tr>\n<tr>\n<td width=\"140\">d-mute<\/td>\n<td width=\"217\">Isot ja eritt\u00e4in isot koirarodut<\/td>\n<td width=\"257\">Mastiffi, rottweiler<\/td>\n<\/tr>\n<tr>\n<td width=\"140\">d-mute light<\/td>\n<td width=\"217\">Keskikokoiset ja isot koirat<\/td>\n<td width=\"257\">belgianpaimenkoira ja irlanninsetteri.<\/td>\n<\/tr>\n<tr>\n<td width=\"140\">d-mute small<\/td>\n<td width=\"217\">Pienet ja keskikokoiset koirat<\/td>\n<td width=\"257\">Englanninspringerspanieli, bordercollie, shar pei.<\/td>\n<\/tr>\n<tr>\n<td width=\"140\">d-mute small light<\/td>\n<td width=\"217\">Pienet koirarodut<\/td>\n<td width=\"257\">shih tzu, havannankoira, m\u00e4yr\u00e4koira<\/td>\n<\/tr>\n<\/tbody>\n<\/table>\n<p>Sopivan mallin l\u00f6yt\u00e4miseksi siirry luokkaan haukunestopannat tai klikkaa\u00a0<strong><span style=\"text-decoration: underline;\"><a href=\"https:\/\/www.koirapuoti.com\/puoti\/tuote\/haukunestopanta\/\">t\u00e4st\u00e4.<\/a><\/span><\/strong><\/p>\n<p>Koiran haukkupanta on valmistettu Tsekin tasavallassa. Valmistaja Dogtrace.<\/p>\n<p>&nbsp;<\/p>\n<h2>Koiran haukkupanta \u2013 miksi ja miten?<\/h2>\n<p>Haukkuminen on koirille luonnollista, mutta mit\u00e4 tehd\u00e4 silloin, kun lemmikki on taipuvainen haukkumaan silloinkin, kun se ei ole tarpeellista? Liiallinen haukunta aiheuttaa ep\u00e4mukavuutta sek\u00e4 koiran omistajalle ett\u00e4 naapureille. Haukkupanta auttaa hillitsem\u00e4\u00e4n sit\u00e4. Asianmukaisesti k\u00e4ytettyn\u00e4 kaulapanta on loistava koulutusv\u00e4line. Pannan tavoitteena on parantaa koiran k\u00e4ytt\u00e4ytymist\u00e4 niin paljon, ett\u00e4 my\u00f6hemmin pannan k\u00e4yt\u00f6lle ei olisi tarvetta. Meid\u00e4n tarjoamamme tuote on laadukas ja sit\u00e4 ei voi verratakaan halpoihin, vaatimuksia vastaamattomiin kaulapantoihin. Haukkupantojen laadusta l\u00f6yd\u00e4t t\u00e4rke\u00e4\u00e4 tietoa \u00a0<span style=\"text-decoration: underline;\"><strong><a href=\"https:\/\/www.koirapuoti.com\/puoti\/haukkupannan-laadusta\/\">t\u00e4st\u00e4.<\/a><\/strong><\/span><\/p>\n<p><strong>S\u00e4hk\u00f6impulsseja antavia kaulapantoja p<\/strong>idet\u00e4\u00e4n tehokkaampina kuin pahaa hajua tai ultra\u00e4\u00e4nt\u00e4 k\u00e4ytt\u00e4vi\u00e4 kaulapantoja, joihin koira ei v\u00e4ltt\u00e4m\u00e4tt\u00e4 reagoi.<\/p>\n<p>&nbsp;<\/p>\n<h2>Toimintaperiaate<\/h2>\n<p>Haukunnan tai ulvomisen aikana koiran haukkupanta reagoi \u00e4\u00e4nij\u00e4nteiss\u00e4 syntyv\u00e4\u00e4n v\u00e4rin\u00e4\u00e4n. Haukkumaan alkaessaan koira saa \u00e4\u00e4ni- ja\/tai korjausimpulssin, joka viestii sille siit\u00e4, ett\u00e4 haukkuminen ei ole sallittua. Viidest\u00e4 eri korjausimpulssista voit valita juuri omalle koirallesi sopivan. Laitteen herkkyytt\u00e4 on mahdollista s\u00e4\u00e4t\u00e4\u00e4.<\/p>\n<p>Koiralle voi pannan j\u00e4tt\u00e4\u00e4 kaulaan enint\u00e4\u00e4n 13 tunniksi kerrallaan. My\u00f6hemmin, kun koiran nahka on tottunut pantaan, sit\u00e4 voi k\u00e4ytt\u00e4\u00e4 kauemminkin.<\/p>\n","protected":false},"excerpt":{"rendered":"<p>Sopii isoille ja eritt\u00e4in isoille koiraroduille kuten esimerkiksi rottweiler, mastiffi.<\/p>\n<p>Malli: d-mute<\/p>\n","protected":false},"featured_media":121,"template":"","meta":[],"product_cat":[18],"product_tag":[],"class_list":{"0":"post-120","1":"product","2":"type-product","3":"status-publish","4":"has-post-thumbnail","6":"product_cat-haukunestopanta","8":"first","9":"instock","10":"sale","11":"taxable","12":"shipping-taxable","13":"purchasable","14":"product-type-simple"},"yoast_head":"<!-- This site is optimized with the Yoast SEO plugin v23.5 - https:\/\/yoast.com\/wordpress\/plugins\/seo\/ -->\n<title>Koiran haukkupanta d-mute | Koirapuoti.com<\/title>\n<meta name=\"description\" content=\"D-mute: Haukkupanta, joka sopii isoille ja eritt\u00e4in isoille koiraroduille, kuten esimerkiksi rottweiler ja mastiffi. Herkkyyden s\u00e4\u00e4t\u00f6mahdollisuus.\" \/>\n<meta name=\"robots\" content=\"index, follow, max-snippet:-1, max-image-preview:large, max-video-preview:-1\" \/>\n<link rel=\"canonical\" href=\"https:\/\/www.koirapuoti.com\/puoti\/kauppa\/koiran-haukkupanta-d-mute\/\" \/>\n<meta property=\"og:locale\" content=\"fi_FI\" \/>\n<meta property=\"og:type\" content=\"article\" \/>\n<meta property=\"og:title\" content=\"Koiran haukkupanta d-mute | Koirapuoti.com\" \/>\n<meta property=\"og:description\" content=\"D-mute: Haukkupanta, joka sopii isoille ja eritt\u00e4in isoille koiraroduille, kuten esimerkiksi rottweiler ja mastiffi. Herkkyyden s\u00e4\u00e4t\u00f6mahdollisuus.\" \/>\n<meta property=\"og:url\" content=\"https:\/\/www.koirapuoti.com\/puoti\/kauppa\/koiran-haukkupanta-d-mute\/\" \/>\n<meta property=\"og:site_name\" content=\"Koirapuoti.com\" \/>\n<meta property=\"article:modified_time\" content=\"2023-03-25T09:59:57+00:00\" \/>\n<meta property=\"og:image\" content=\"https:\/\/www.koirapuoti.com\/puoti\/wp-content\/uploads\/2023\/03\/Koiran-haukkupanta.jpg\" \/>\n\t<meta property=\"og:image:width\" content=\"800\" \/>\n\t<meta property=\"og:image:height\" content=\"800\" \/>\n\t<meta property=\"og:image:type\" content=\"image\/jpeg\" \/>\n<meta name=\"twitter:card\" content=\"summary_large_image\" \/>\n<meta name=\"twitter:label1\" content=\"Arvioitu lukuaika\" \/>\n\t<meta name=\"twitter:data1\" content=\"2 minuuttia\" \/>\n<script type=\"application\/ld+json\" class=\"yoast-schema-graph\">{\"@context\":\"https:\/\/schema.org\",\"@graph\":[{\"@type\":\"WebPage\",\"@id\":\"https:\/\/www.koirapuoti.com\/puoti\/kauppa\/koiran-haukkupanta-d-mute\/\",\"url\":\"https:\/\/www.koirapuoti.com\/puoti\/kauppa\/koiran-haukkupanta-d-mute\/\",\"name\":\"Koiran haukkupanta d-mute | Koirapuoti.com\",\"isPartOf\":{\"@id\":\"https:\/\/www.koirapuoti.com\/puoti\/#website\"},\"primaryImageOfPage\":{\"@id\":\"https:\/\/www.koirapuoti.com\/puoti\/kauppa\/koiran-haukkupanta-d-mute\/#primaryimage\"},\"image\":{\"@id\":\"https:\/\/www.koirapuoti.com\/puoti\/kauppa\/koiran-haukkupanta-d-mute\/#primaryimage\"},\"thumbnailUrl\":\"https:\/\/www.koirapuoti.com\/puoti\/wp-content\/uploads\/2023\/03\/Koiran-haukkupanta.jpg\",\"datePublished\":\"2023-03-25T09:36:08+00:00\",\"dateModified\":\"2023-03-25T09:59:57+00:00\",\"description\":\"D-mute: Haukkupanta, joka sopii isoille ja eritt\u00e4in isoille koiraroduille, kuten esimerkiksi rottweiler ja mastiffi. Herkkyyden s\u00e4\u00e4t\u00f6mahdollisuus.\",\"breadcrumb\":{\"@id\":\"https:\/\/www.koirapuoti.com\/puoti\/kauppa\/koiran-haukkupanta-d-mute\/#breadcrumb\"},\"inLanguage\":\"fi\",\"potentialAction\":[{\"@type\":\"ReadAction\",\"target\":[\"https:\/\/www.koirapuoti.com\/puoti\/kauppa\/koiran-haukkupanta-d-mute\/\"]}]},{\"@type\":\"ImageObject\",\"inLanguage\":\"fi\",\"@id\":\"https:\/\/www.koirapuoti.com\/puoti\/kauppa\/koiran-haukkupanta-d-mute\/#primaryimage\",\"url\":\"https:\/\/www.koirapuoti.com\/puoti\/wp-content\/uploads\/2023\/03\/Koiran-haukkupanta.jpg\",\"contentUrl\":\"https:\/\/www.koirapuoti.com\/puoti\/wp-content\/uploads\/2023\/03\/Koiran-haukkupanta.jpg\",\"width\":800,\"height\":800,\"caption\":\"Koiran haukkupanta Dogtrace\"},{\"@type\":\"BreadcrumbList\",\"@id\":\"https:\/\/www.koirapuoti.com\/puoti\/kauppa\/koiran-haukkupanta-d-mute\/#breadcrumb\",\"itemListElement\":[{\"@type\":\"ListItem\",\"position\":1,\"name\":\"Home\",\"item\":\"https:\/\/www.koirapuoti.com\/puoti\/\"},{\"@type\":\"ListItem\",\"position\":2,\"name\":\"Kauppa\",\"item\":\"https:\/\/www.koirapuoti.com\/puoti\/kauppa\/\"},{\"@type\":\"ListItem\",\"position\":3,\"name\":\"Koiran haukkupanta d-mute\"}]},{\"@type\":\"WebSite\",\"@id\":\"https:\/\/www.koirapuoti.com\/puoti\/#website\",\"url\":\"https:\/\/www.koirapuoti.com\/puoti\/\",\"name\":\"Koirapuoti.com\",\"description\":\"Koira gps pannat, pihavahdit, haukunestopannat, koulutuspannat\",\"publisher\":{\"@id\":\"https:\/\/www.koirapuoti.com\/puoti\/#organization\"},\"potentialAction\":[{\"@type\":\"SearchAction\",\"target\":{\"@type\":\"EntryPoint\",\"urlTemplate\":\"https:\/\/www.koirapuoti.com\/puoti\/?s={search_term_string}\"},\"query-input\":{\"@type\":\"PropertyValueSpecification\",\"valueRequired\":true,\"valueName\":\"search_term_string\"}}],\"inLanguage\":\"fi\"},{\"@type\":\"Organization\",\"@id\":\"https:\/\/www.koirapuoti.com\/puoti\/#organization\",\"name\":\"Koirapuoti.com\",\"url\":\"https:\/\/www.koirapuoti.com\/puoti\/\",\"logo\":{\"@type\":\"ImageObject\",\"inLanguage\":\"fi\",\"@id\":\"https:\/\/www.koirapuoti.com\/puoti\/#\/schema\/logo\/image\/\",\"url\":\"https:\/\/www.koirapuoti.com\/puoti\/wp-content\/uploads\/2023\/03\/cropped-koirapuoti-logo-v.png\",\"contentUrl\":\"https:\/\/www.koirapuoti.com\/puoti\/wp-content\/uploads\/2023\/03\/cropped-koirapuoti-logo-v.png\",\"width\":513,\"height\":121,\"caption\":\"Koirapuoti.com\"},\"image\":{\"@id\":\"https:\/\/www.koirapuoti.com\/puoti\/#\/schema\/logo\/image\/\"}}]}<\/script>\n<!-- \/ Yoast SEO plugin. -->","yoast_head_json":{"title":"Koiran haukkupanta d-mute | Koirapuoti.com","description":"D-mute: Haukkupanta, joka sopii isoille ja eritt\u00e4in isoille koiraroduille, kuten esimerkiksi rottweiler ja mastiffi. Herkkyyden s\u00e4\u00e4t\u00f6mahdollisuus.","robots":{"index":"index","follow":"follow","max-snippet":"max-snippet:-1","max-image-preview":"max-image-preview:large","max-video-preview":"max-video-preview:-1"},"canonical":"https:\/\/www.koirapuoti.com\/puoti\/kauppa\/koiran-haukkupanta-d-mute\/","og_locale":"fi_FI","og_type":"article","og_title":"Koiran haukkupanta d-mute | Koirapuoti.com","og_description":"D-mute: Haukkupanta, joka sopii isoille ja eritt\u00e4in isoille koiraroduille, kuten esimerkiksi rottweiler ja mastiffi. Herkkyyden s\u00e4\u00e4t\u00f6mahdollisuus.","og_url":"https:\/\/www.koirapuoti.com\/puoti\/kauppa\/koiran-haukkupanta-d-mute\/","og_site_name":"Koirapuoti.com","article_modified_time":"2023-03-25T09:59:57+00:00","og_image":[{"width":800,"height":800,"url":"https:\/\/www.koirapuoti.com\/puoti\/wp-content\/uploads\/2023\/03\/Koiran-haukkupanta.jpg","type":"image\/jpeg"}],"twitter_card":"summary_large_image","twitter_misc":{"Arvioitu lukuaika":"2 minuuttia"},"schema":{"@context":"https:\/\/schema.org","@graph":[{"@type":"WebPage","@id":"https:\/\/www.koirapuoti.com\/puoti\/kauppa\/koiran-haukkupanta-d-mute\/","url":"https:\/\/www.koirapuoti.com\/puoti\/kauppa\/koiran-haukkupanta-d-mute\/","name":"Koiran haukkupanta d-mute | Koirapuoti.com","isPartOf":{"@id":"https:\/\/www.koirapuoti.com\/puoti\/#website"},"primaryImageOfPage":{"@id":"https:\/\/www.koirapuoti.com\/puoti\/kauppa\/koiran-haukkupanta-d-mute\/#primaryimage"},"image":{"@id":"https:\/\/www.koirapuoti.com\/puoti\/kauppa\/koiran-haukkupanta-d-mute\/#primaryimage"},"thumbnailUrl":"https:\/\/www.koirapuoti.com\/puoti\/wp-content\/uploads\/2023\/03\/Koiran-haukkupanta.jpg","datePublished":"2023-03-25T09:36:08+00:00","dateModified":"2023-03-25T09:59:57+00:00","description":"D-mute: Haukkupanta, joka sopii isoille ja eritt\u00e4in isoille koiraroduille, kuten esimerkiksi rottweiler ja mastiffi. Herkkyyden s\u00e4\u00e4t\u00f6mahdollisuus.","breadcrumb":{"@id":"https:\/\/www.koirapuoti.com\/puoti\/kauppa\/koiran-haukkupanta-d-mute\/#breadcrumb"},"inLanguage":"fi","potentialAction":[{"@type":"ReadAction","target":["https:\/\/www.koirapuoti.com\/puoti\/kauppa\/koiran-haukkupanta-d-mute\/"]}]},{"@type":"ImageObject","inLanguage":"fi","@id":"https:\/\/www.koirapuoti.com\/puoti\/kauppa\/koiran-haukkupanta-d-mute\/#primaryimage","url":"https:\/\/www.koirapuoti.com\/puoti\/wp-content\/uploads\/2023\/03\/Koiran-haukkupanta.jpg","contentUrl":"https:\/\/www.koirapuoti.com\/puoti\/wp-content\/uploads\/2023\/03\/Koiran-haukkupanta.jpg","width":800,"height":800,"caption":"Koiran haukkupanta Dogtrace"},{"@type":"BreadcrumbList","@id":"https:\/\/www.koirapuoti.com\/puoti\/kauppa\/koiran-haukkupanta-d-mute\/#breadcrumb","itemListElement":[{"@type":"ListItem","position":1,"name":"Home","item":"https:\/\/www.koirapuoti.com\/puoti\/"},{"@type":"ListItem","position":2,"name":"Kauppa","item":"https:\/\/www.koirapuoti.com\/puoti\/kauppa\/"},{"@type":"ListItem","position":3,"name":"Koiran haukkupanta d-mute"}]},{"@type":"WebSite","@id":"https:\/\/www.koirapuoti.com\/puoti\/#website","url":"https:\/\/www.koirapuoti.com\/puoti\/","name":"Koirapuoti.com","description":"Koira gps pannat, pihavahdit, haukunestopannat, koulutuspannat","publisher":{"@id":"https:\/\/www.koirapuoti.com\/puoti\/#organization"},"potentialAction":[{"@type":"SearchAction","target":{"@type":"EntryPoint","urlTemplate":"https:\/\/www.koirapuoti.com\/puoti\/?s={search_term_string}"},"query-input":{"@type":"PropertyValueSpecification","valueRequired":true,"valueName":"search_term_string"}}],"inLanguage":"fi"},{"@type":"Organization","@id":"https:\/\/www.koirapuoti.com\/puoti\/#organization","name":"Koirapuoti.com","url":"https:\/\/www.koirapuoti.com\/puoti\/","logo":{"@type":"ImageObject","inLanguage":"fi","@id":"https:\/\/www.koirapuoti.com\/puoti\/#\/schema\/logo\/image\/","url":"https:\/\/www.koirapuoti.com\/puoti\/wp-content\/uploads\/2023\/03\/cropped-koirapuoti-logo-v.png","contentUrl":"https:\/\/www.koirapuoti.com\/puoti\/wp-content\/uploads\/2023\/03\/cropped-koirapuoti-logo-v.png","width":513,"height":121,"caption":"Koirapuoti.com"},"image":{"@id":"https:\/\/www.koirapuoti.com\/puoti\/#\/schema\/logo\/image\/"}}]}},"_links":{"self":[{"href":"https:\/\/www.koirapuoti.com\/puoti\/wp-json\/wp\/v2\/product\/120"}],"collection":[{"href":"https:\/\/www.koirapuoti.com\/puoti\/wp-json\/wp\/v2\/product"}],"about":[{"href":"https:\/\/www.koirapuoti.com\/puoti\/wp-json\/wp\/v2\/types\/product"}],"wp:featuredmedia":[{"embeddable":true,"href":"https:\/\/www.koirapuoti.com\/puoti\/wp-json\/wp\/v2\/media\/121"}],"wp:attachment":[{"href":"https:\/\/www.koirapuoti.com\/puoti\/wp-json\/wp\/v2\/media?parent=120"}],"wp:term":[{"taxonomy":"product_cat","embeddable":true,"href":"https:\/\/www.koirapuoti.com\/puoti\/wp-json\/wp\/v2\/product_cat?post=120"},{"taxonomy":"product_tag","embeddable":true,"href":"https:\/\/www.koirapuoti.com\/puoti\/wp-json\/wp\/v2\/product_tag?post=120"}],"curies":[{"name":"wp","href":"https:\/\/api.w.org\/{rel}","templated":true}]}}