{"id":61,"date":"2023-03-24T20:00:24","date_gmt":"2023-03-24T20:00:24","guid":{"rendered":"https:\/\/koirapuoti.com\/puoti\/?page_id=61"},"modified":"2023-04-25T14:28:48","modified_gmt":"2023-04-25T14:28:48","slug":"palautetta-asiakkailta","status":"publish","type":"page","link":"https:\/\/www.koirapuoti.com\/puoti\/palautetta-asiakkailta\/","title":{"rendered":"Palautetta asiakkailta"},"content":{"rendered":"<p><\/p><p><\/p><p>Palaute on t\u00e4rke\u00e4\u00e4 sek\u00e4 meille ett\u00e4 tuleville asiakkaillekin. Palautteen ker\u00e4\u00e4minen on aikaa vaativa ja vaivalloinen prosessi. Erityisen hankalaa on koota asiakkailta luotettavaa palautetta. T\u00e4h\u00e4n liittyen j\u00e4rjestimme kampanjan, jossa ker\u00e4simme asiakkaiden mielipiteit\u00e4 ja kokemuksia ja pyysimme heit\u00e4 liitt\u00e4m\u00e4\u00e4n valokuvan koirastaan, jolla on meilt\u00e4 ostettu kaulapanta kaulassa. Siit\u00e4kin huolimatta, ett\u00e4 arvoimme kaikkien palautetta antaneiden joukosta yhden onnellisen, joka sai puolet ostoksen hinnasta takaisin, oli kampanjaan osallistumisaktiivisuus suhteellisen vaatimatonta, varsinkin edullisimpien tuotteiden osalta.<\/p><p>Odotamme aina palautettasi my\u00f6s kampanjan ulkopuolisena aikana. K\u00e4yt\u00e4 palautteen antamiseen tuotekuvauksissa olevia kaavakkeita.<\/p><p>Annetun palautteen l\u00f6yd\u00e4t tuoteluokittain alempaa.<\/p><div class=\"wp-block-group is-vertical is-content-justification-center is-layout-flex wp-container-core-group-is-layout-1 wp-block-group-is-layout-flex\"><p class=\"has-text-align-center has-white-color has-text-color has-background has-medium-font-size\" style=\"background-color:#f5f5f5\"><strong><a href=\"https:\/\/www.koirapuoti.com\/puoti\/kokemuksia-pihavahdista\/\">Pihavahdit<\/a><\/strong><\/p>\n\n<p class=\"has-text-align-left has-black-color has-text-color has-background has-medium-font-size\" style=\"background-color:#f5f5f5\"><a href=\"https:\/\/www.koirapuoti.com\/puoti\/kokemuksia-haukkupannasta\/\"><strong>Haukunestopannat<\/strong><\/a><\/p><\/div><p><\/p>","protected":false},"excerpt":{"rendered":"<p>Palaute on t\u00e4rke\u00e4\u00e4 sek\u00e4 meille ett\u00e4 tuleville asiakkaillekin. Palautteen ker\u00e4\u00e4minen on aikaa vaativa ja vaivalloinen prosessi. Erityisen hankalaa on koota asiakkailta luotettavaa palautetta. T\u00e4h\u00e4n liittyen j\u00e4rjestimme kampanjan, jossa ker\u00e4simme asiakkaiden mielipiteit\u00e4 ja kokemuksia ja pyysimme heit\u00e4 liitt\u00e4m\u00e4\u00e4n valokuvan koirastaan, jolla on meilt\u00e4 ostettu kaulapanta kaulassa. Siit\u00e4kin huolimatta, ett\u00e4 arvoimme kaikkien palautetta antaneiden joukosta yhden onnellisen, [&hellip;]<\/p>\n","protected":false},"author":1,"featured_media":0,"parent":0,"menu_order":0,"comment_status":"closed","ping_status":"closed","template":"","meta":{"footnotes":""},"class_list":["post-61","page","type-page","status-publish","hentry"],"yoast_head":"<!-- This site is optimized with the Yoast SEO plugin v23.5 - https:\/\/yoast.com\/wordpress\/plugins\/seo\/ -->\n<title>Palautetta asiakkailta - Koirapuoti.com<\/title>\n<meta name=\"robots\" content=\"index, follow, max-snippet:-1, max-image-preview:large, max-video-preview:-1\" \/>\n<link rel=\"canonical\" href=\"https:\/\/www.koirapuoti.com\/puoti\/palautetta-asiakkailta\/\" \/>\n<meta property=\"og:locale\" content=\"fi_FI\" \/>\n<meta property=\"og:type\" content=\"article\" \/>\n<meta property=\"og:title\" content=\"Palautetta asiakkailta - Koirapuoti.com\" \/>\n<meta property=\"og:description\" content=\"Palaute on t\u00e4rke\u00e4\u00e4 sek\u00e4 meille ett\u00e4 tuleville asiakkaillekin. Palautteen ker\u00e4\u00e4minen on aikaa vaativa ja vaivalloinen prosessi. Erityisen hankalaa on koota asiakkailta luotettavaa palautetta. T\u00e4h\u00e4n liittyen j\u00e4rjestimme kampanjan, jossa ker\u00e4simme asiakkaiden mielipiteit\u00e4 ja kokemuksia ja pyysimme heit\u00e4 liitt\u00e4m\u00e4\u00e4n valokuvan koirastaan, jolla on meilt\u00e4 ostettu kaulapanta kaulassa. Siit\u00e4kin huolimatta, ett\u00e4 arvoimme kaikkien palautetta antaneiden joukosta yhden onnellisen, [&hellip;]\" \/>\n<meta property=\"og:url\" content=\"https:\/\/www.koirapuoti.com\/puoti\/palautetta-asiakkailta\/\" \/>\n<meta property=\"og:site_name\" content=\"Koirapuoti.com\" \/>\n<meta property=\"article:modified_time\" content=\"2023-04-25T14:28:48+00:00\" \/>\n<meta name=\"twitter:card\" content=\"summary_large_image\" \/>\n<meta name=\"twitter:label1\" content=\"Arvioitu lukuaika\" \/>\n\t<meta name=\"twitter:data1\" content=\"1 minuutti\" \/>\n<script type=\"application\/ld+json\" class=\"yoast-schema-graph\">{\"@context\":\"https:\/\/schema.org\",\"@graph\":[{\"@type\":\"WebPage\",\"@id\":\"https:\/\/www.koirapuoti.com\/puoti\/palautetta-asiakkailta\/\",\"url\":\"https:\/\/www.koirapuoti.com\/puoti\/palautetta-asiakkailta\/\",\"name\":\"Palautetta asiakkailta - Koirapuoti.com\",\"isPartOf\":{\"@id\":\"https:\/\/www.koirapuoti.com\/puoti\/#website\"},\"datePublished\":\"2023-03-24T20:00:24+00:00\",\"dateModified\":\"2023-04-25T14:28:48+00:00\",\"breadcrumb\":{\"@id\":\"https:\/\/www.koirapuoti.com\/puoti\/palautetta-asiakkailta\/#breadcrumb\"},\"inLanguage\":\"fi\",\"potentialAction\":[{\"@type\":\"ReadAction\",\"target\":[\"https:\/\/www.koirapuoti.com\/puoti\/palautetta-asiakkailta\/\"]}]},{\"@type\":\"BreadcrumbList\",\"@id\":\"https:\/\/www.koirapuoti.com\/puoti\/palautetta-asiakkailta\/#breadcrumb\",\"itemListElement\":[{\"@type\":\"ListItem\",\"position\":1,\"name\":\"Home\",\"item\":\"https:\/\/www.koirapuoti.com\/puoti\/\"},{\"@type\":\"ListItem\",\"position\":2,\"name\":\"Palautetta asiakkailta\"}]},{\"@type\":\"WebSite\",\"@id\":\"https:\/\/www.koirapuoti.com\/puoti\/#website\",\"url\":\"https:\/\/www.koirapuoti.com\/puoti\/\",\"name\":\"Koirapuoti.com\",\"description\":\"Koira gps pannat, pihavahdit, haukunestopannat, koulutuspannat\",\"publisher\":{\"@id\":\"https:\/\/www.koirapuoti.com\/puoti\/#organization\"},\"potentialAction\":[{\"@type\":\"SearchAction\",\"target\":{\"@type\":\"EntryPoint\",\"urlTemplate\":\"https:\/\/www.koirapuoti.com\/puoti\/?s={search_term_string}\"},\"query-input\":{\"@type\":\"PropertyValueSpecification\",\"valueRequired\":true,\"valueName\":\"search_term_string\"}}],\"inLanguage\":\"fi\"},{\"@type\":\"Organization\",\"@id\":\"https:\/\/www.koirapuoti.com\/puoti\/#organization\",\"name\":\"Koirapuoti.com\",\"url\":\"https:\/\/www.koirapuoti.com\/puoti\/\",\"logo\":{\"@type\":\"ImageObject\",\"inLanguage\":\"fi\",\"@id\":\"https:\/\/www.koirapuoti.com\/puoti\/#\/schema\/logo\/image\/\",\"url\":\"https:\/\/www.koirapuoti.com\/puoti\/wp-content\/uploads\/2023\/03\/cropped-koirapuoti-logo-v.png\",\"contentUrl\":\"https:\/\/www.koirapuoti.com\/puoti\/wp-content\/uploads\/2023\/03\/cropped-koirapuoti-logo-v.png\",\"width\":513,\"height\":121,\"caption\":\"Koirapuoti.com\"},\"image\":{\"@id\":\"https:\/\/www.koirapuoti.com\/puoti\/#\/schema\/logo\/image\/\"}}]}<\/script>\n<!-- \/ Yoast SEO plugin. -->","yoast_head_json":{"title":"Palautetta asiakkailta - Koirapuoti.com","robots":{"index":"index","follow":"follow","max-snippet":"max-snippet:-1","max-image-preview":"max-image-preview:large","max-video-preview":"max-video-preview:-1"},"canonical":"https:\/\/www.koirapuoti.com\/puoti\/palautetta-asiakkailta\/","og_locale":"fi_FI","og_type":"article","og_title":"Palautetta asiakkailta - Koirapuoti.com","og_description":"Palaute on t\u00e4rke\u00e4\u00e4 sek\u00e4 meille ett\u00e4 tuleville asiakkaillekin. Palautteen ker\u00e4\u00e4minen on aikaa vaativa ja vaivalloinen prosessi. Erityisen hankalaa on koota asiakkailta luotettavaa palautetta. T\u00e4h\u00e4n liittyen j\u00e4rjestimme kampanjan, jossa ker\u00e4simme asiakkaiden mielipiteit\u00e4 ja kokemuksia ja pyysimme heit\u00e4 liitt\u00e4m\u00e4\u00e4n valokuvan koirastaan, jolla on meilt\u00e4 ostettu kaulapanta kaulassa. Siit\u00e4kin huolimatta, ett\u00e4 arvoimme kaikkien palautetta antaneiden joukosta yhden onnellisen, [&hellip;]","og_url":"https:\/\/www.koirapuoti.com\/puoti\/palautetta-asiakkailta\/","og_site_name":"Koirapuoti.com","article_modified_time":"2023-04-25T14:28:48+00:00","twitter_card":"summary_large_image","twitter_misc":{"Arvioitu lukuaika":"1 minuutti"},"schema":{"@context":"https:\/\/schema.org","@graph":[{"@type":"WebPage","@id":"https:\/\/www.koirapuoti.com\/puoti\/palautetta-asiakkailta\/","url":"https:\/\/www.koirapuoti.com\/puoti\/palautetta-asiakkailta\/","name":"Palautetta asiakkailta - Koirapuoti.com","isPartOf":{"@id":"https:\/\/www.koirapuoti.com\/puoti\/#website"},"datePublished":"2023-03-24T20:00:24+00:00","dateModified":"2023-04-25T14:28:48+00:00","breadcrumb":{"@id":"https:\/\/www.koirapuoti.com\/puoti\/palautetta-asiakkailta\/#breadcrumb"},"inLanguage":"fi","potentialAction":[{"@type":"ReadAction","target":["https:\/\/www.koirapuoti.com\/puoti\/palautetta-asiakkailta\/"]}]},{"@type":"BreadcrumbList","@id":"https:\/\/www.koirapuoti.com\/puoti\/palautetta-asiakkailta\/#breadcrumb","itemListElement":[{"@type":"ListItem","position":1,"name":"Home","item":"https:\/\/www.koirapuoti.com\/puoti\/"},{"@type":"ListItem","position":2,"name":"Palautetta asiakkailta"}]},{"@type":"WebSite","@id":"https:\/\/www.koirapuoti.com\/puoti\/#website","url":"https:\/\/www.koirapuoti.com\/puoti\/","name":"Koirapuoti.com","description":"Koira gps pannat, pihavahdit, haukunestopannat, koulutuspannat","publisher":{"@id":"https:\/\/www.koirapuoti.com\/puoti\/#organization"},"potentialAction":[{"@type":"SearchAction","target":{"@type":"EntryPoint","urlTemplate":"https:\/\/www.koirapuoti.com\/puoti\/?s={search_term_string}"},"query-input":{"@type":"PropertyValueSpecification","valueRequired":true,"valueName":"search_term_string"}}],"inLanguage":"fi"},{"@type":"Organization","@id":"https:\/\/www.koirapuoti.com\/puoti\/#organization","name":"Koirapuoti.com","url":"https:\/\/www.koirapuoti.com\/puoti\/","logo":{"@type":"ImageObject","inLanguage":"fi","@id":"https:\/\/www.koirapuoti.com\/puoti\/#\/schema\/logo\/image\/","url":"https:\/\/www.koirapuoti.com\/puoti\/wp-content\/uploads\/2023\/03\/cropped-koirapuoti-logo-v.png","contentUrl":"https:\/\/www.koirapuoti.com\/puoti\/wp-content\/uploads\/2023\/03\/cropped-koirapuoti-logo-v.png","width":513,"height":121,"caption":"Koirapuoti.com"},"image":{"@id":"https:\/\/www.koirapuoti.com\/puoti\/#\/schema\/logo\/image\/"}}]}},"_links":{"self":[{"href":"https:\/\/www.koirapuoti.com\/puoti\/wp-json\/wp\/v2\/pages\/61"}],"collection":[{"href":"https:\/\/www.koirapuoti.com\/puoti\/wp-json\/wp\/v2\/pages"}],"about":[{"href":"https:\/\/www.koirapuoti.com\/puoti\/wp-json\/wp\/v2\/types\/page"}],"author":[{"embeddable":true,"href":"https:\/\/www.koirapuoti.com\/puoti\/wp-json\/wp\/v2\/users\/1"}],"replies":[{"embeddable":true,"href":"https:\/\/www.koirapuoti.com\/puoti\/wp-json\/wp\/v2\/comments?post=61"}],"version-history":[{"count":8,"href":"https:\/\/www.koirapuoti.com\/puoti\/wp-json\/wp\/v2\/pages\/61\/revisions"}],"predecessor-version":[{"id":499,"href":"https:\/\/www.koirapuoti.com\/puoti\/wp-json\/wp\/v2\/pages\/61\/revisions\/499"}],"wp:attachment":[{"href":"https:\/\/www.koirapuoti.com\/puoti\/wp-json\/wp\/v2\/media?parent=61"}],"curies":[{"name":"wp","href":"https:\/\/api.w.org\/{rel}","templated":true}]}}