{"id":49,"date":"2023-03-24T19:39:04","date_gmt":"2023-03-24T19:39:04","guid":{"rendered":"https:\/\/koirapuoti.com\/puoti\/?page_id=49"},"modified":"2023-03-24T21:59:27","modified_gmt":"2023-03-24T21:59:27","slug":"haukkupannan-laadusta","status":"publish","type":"page","link":"https:\/\/www.koirapuoti.com\/puoti\/haukkupannan-laadusta\/","title":{"rendered":"Haukkupannan laadusta"},"content":{"rendered":"<p><\/p><p><\/p><p>Haukunestopantojen valikoima on varsin suuri, jonka vuoksi oikean valinnan tekeminen saattaa osoittautua varsin hankalaksi. Pantojen hinnat vaihtelevat paljon ja voi synty\u00e4 kiusaus ostaa monta kertaa halvempi haukunestolaite. Halvempaan hintaan liittyy usein my\u00f6s huomattava laadun pudotus. Halpa ja huonolaatuinen haukunestopanta antaa impulsseja my\u00f6s silloin, kun koira juoksee tai ravistelee p\u00e4\u00e4t\u00e4\u00e4n. Valeimpulssit eiv\u00e4t kuitenkaan ole liiallisesta haukunnasta vierotuksessa hyv\u00e4ksytt\u00e4vi\u00e4. T\u00e4m\u00e4n lis\u00e4ksi paristo voi tyhjenty\u00e4 p\u00e4iv\u00e4ss\u00e4 ja ohuesta muovista valmistettu runko hajota nopeasti.<\/p><p><strong>Miten huonolaatuisen pannan tunnistaa?<\/strong>&nbsp;Usein niiss\u00e4 ei ole mink\u00e4\u00e4nlaista tuotemerkki\u00e4 tai muuta merkint\u00e4\u00e4. Yksi tunnus on my\u00f6s muihin verrattuna huomattavasti edullisempi hinta.&nbsp;<strong>Niinp\u00e4 jokainen panta ei ole tehokas ja turvallinen.<\/strong><\/p><p>Alla on esitettyn\u00e4 joitakin kuvia yleisimmist\u00e4 huonolaatuisista ja vaatimuksia vastaamattomista pannoista.<\/p><figure class=\"wp-block-gallery has-nested-images columns-default is-cropped wp-block-gallery-1 is-layout-flex wp-block-gallery-is-layout-flex\"><figure class=\"wp-block-image size-large\"><img loading=\"lazy\" decoding=\"async\" width=\"1024\" height=\"327\" data-id=\"54\" src=\"https:\/\/koirapuoti.com\/puoti\/wp-content\/uploads\/2023\/03\/Haukkupannan-laadusta-1-1024x327.jpg\" alt=\"\" class=\"wp-image-54\" srcset=\"https:\/\/www.koirapuoti.com\/puoti\/wp-content\/uploads\/2023\/03\/Haukkupannan-laadusta-1-1024x327.jpg 1024w, https:\/\/www.koirapuoti.com\/puoti\/wp-content\/uploads\/2023\/03\/Haukkupannan-laadusta-1-300x96.jpg 300w, https:\/\/www.koirapuoti.com\/puoti\/wp-content\/uploads\/2023\/03\/Haukkupannan-laadusta-1-768x245.jpg 768w, https:\/\/www.koirapuoti.com\/puoti\/wp-content\/uploads\/2023\/03\/Haukkupannan-laadusta-1-416x133.jpg 416w, https:\/\/www.koirapuoti.com\/puoti\/wp-content\/uploads\/2023\/03\/Haukkupannan-laadusta-1.jpg 1167w\" sizes=\"(max-width: 1024px) 100vw, 1024px\" \/><\/figure><\/figure><p><\/p><p><a href=\"https:\/\/www.koirapuoti.com\/puoti\/tuote\/haukunestopannat\/\">Dogtrace<\/a>-pantojen valmistuksessa on panostettu ennen kaikkea laatuun, ja ne vastaavatkin kaikkia Euroopan Unionissa vahvistettuja vaatimuksia.<\/p>","protected":false},"excerpt":{"rendered":"<p>Haukunestopantojen valikoima on varsin suuri, jonka vuoksi oikean valinnan tekeminen saattaa osoittautua varsin hankalaksi. Pantojen hinnat vaihtelevat paljon ja voi synty\u00e4 kiusaus ostaa monta kertaa halvempi haukunestolaite. Halvempaan hintaan liittyy usein my\u00f6s huomattava laadun pudotus. Halpa ja huonolaatuinen haukunestopanta antaa impulsseja my\u00f6s silloin, kun koira juoksee tai ravistelee p\u00e4\u00e4t\u00e4\u00e4n. Valeimpulssit eiv\u00e4t kuitenkaan ole liiallisesta haukunnasta [&hellip;]<\/p>\n","protected":false},"author":1,"featured_media":0,"parent":0,"menu_order":0,"comment_status":"closed","ping_status":"closed","template":"","meta":{"footnotes":""},"class_list":["post-49","page","type-page","status-publish","hentry"],"yoast_head":"<!-- This site is optimized with the Yoast SEO plugin v23.5 - https:\/\/yoast.com\/wordpress\/plugins\/seo\/ -->\n<title>Haukkupannan laadusta |Koirapuoti.com<\/title>\n<meta name=\"robots\" content=\"index, follow, max-snippet:-1, max-image-preview:large, max-video-preview:-1\" \/>\n<link rel=\"canonical\" href=\"https:\/\/www.koirapuoti.com\/puoti\/haukkupannan-laadusta\/\" \/>\n<meta property=\"og:locale\" content=\"fi_FI\" \/>\n<meta property=\"og:type\" content=\"article\" \/>\n<meta property=\"og:title\" content=\"Haukkupannan laadusta |Koirapuoti.com\" \/>\n<meta property=\"og:description\" content=\"Haukunestopantojen valikoima on varsin suuri, jonka vuoksi oikean valinnan tekeminen saattaa osoittautua varsin hankalaksi. Pantojen hinnat vaihtelevat paljon ja voi synty\u00e4 kiusaus ostaa monta kertaa halvempi haukunestolaite. Halvempaan hintaan liittyy usein my\u00f6s huomattava laadun pudotus. Halpa ja huonolaatuinen haukunestopanta antaa impulsseja my\u00f6s silloin, kun koira juoksee tai ravistelee p\u00e4\u00e4t\u00e4\u00e4n. Valeimpulssit eiv\u00e4t kuitenkaan ole liiallisesta haukunnasta [&hellip;]\" \/>\n<meta property=\"og:url\" content=\"https:\/\/www.koirapuoti.com\/puoti\/haukkupannan-laadusta\/\" \/>\n<meta property=\"og:site_name\" content=\"Koirapuoti.com\" \/>\n<meta property=\"article:modified_time\" content=\"2023-03-24T21:59:27+00:00\" \/>\n<meta property=\"og:image\" content=\"https:\/\/koirapuoti.com\/puoti\/wp-content\/uploads\/2023\/03\/Haukkupannan-laadusta-1-1024x327.jpg\" \/>\n<meta name=\"twitter:card\" content=\"summary_large_image\" \/>\n<script type=\"application\/ld+json\" class=\"yoast-schema-graph\">{\"@context\":\"https:\/\/schema.org\",\"@graph\":[{\"@type\":\"WebPage\",\"@id\":\"https:\/\/www.koirapuoti.com\/puoti\/haukkupannan-laadusta\/\",\"url\":\"https:\/\/www.koirapuoti.com\/puoti\/haukkupannan-laadusta\/\",\"name\":\"Haukkupannan laadusta |Koirapuoti.com\",\"isPartOf\":{\"@id\":\"https:\/\/www.koirapuoti.com\/puoti\/#website\"},\"primaryImageOfPage\":{\"@id\":\"https:\/\/www.koirapuoti.com\/puoti\/haukkupannan-laadusta\/#primaryimage\"},\"image\":{\"@id\":\"https:\/\/www.koirapuoti.com\/puoti\/haukkupannan-laadusta\/#primaryimage\"},\"thumbnailUrl\":\"https:\/\/koirapuoti.com\/puoti\/wp-content\/uploads\/2023\/03\/Haukkupannan-laadusta-1-1024x327.jpg\",\"datePublished\":\"2023-03-24T19:39:04+00:00\",\"dateModified\":\"2023-03-24T21:59:27+00:00\",\"breadcrumb\":{\"@id\":\"https:\/\/www.koirapuoti.com\/puoti\/haukkupannan-laadusta\/#breadcrumb\"},\"inLanguage\":\"fi\",\"potentialAction\":[{\"@type\":\"ReadAction\",\"target\":[\"https:\/\/www.koirapuoti.com\/puoti\/haukkupannan-laadusta\/\"]}]},{\"@type\":\"ImageObject\",\"inLanguage\":\"fi\",\"@id\":\"https:\/\/www.koirapuoti.com\/puoti\/haukkupannan-laadusta\/#primaryimage\",\"url\":\"https:\/\/koirapuoti.com\/puoti\/wp-content\/uploads\/2023\/03\/Haukkupannan-laadusta-1-1024x327.jpg\",\"contentUrl\":\"https:\/\/koirapuoti.com\/puoti\/wp-content\/uploads\/2023\/03\/Haukkupannan-laadusta-1-1024x327.jpg\"},{\"@type\":\"BreadcrumbList\",\"@id\":\"https:\/\/www.koirapuoti.com\/puoti\/haukkupannan-laadusta\/#breadcrumb\",\"itemListElement\":[{\"@type\":\"ListItem\",\"position\":1,\"name\":\"Home\",\"item\":\"https:\/\/www.koirapuoti.com\/puoti\/\"},{\"@type\":\"ListItem\",\"position\":2,\"name\":\"Haukkupannan laadusta\"}]},{\"@type\":\"WebSite\",\"@id\":\"https:\/\/www.koirapuoti.com\/puoti\/#website\",\"url\":\"https:\/\/www.koirapuoti.com\/puoti\/\",\"name\":\"Koirapuoti.com\",\"description\":\"Koira gps pannat, pihavahdit, haukunestopannat, koulutuspannat\",\"publisher\":{\"@id\":\"https:\/\/www.koirapuoti.com\/puoti\/#organization\"},\"potentialAction\":[{\"@type\":\"SearchAction\",\"target\":{\"@type\":\"EntryPoint\",\"urlTemplate\":\"https:\/\/www.koirapuoti.com\/puoti\/?s={search_term_string}\"},\"query-input\":{\"@type\":\"PropertyValueSpecification\",\"valueRequired\":true,\"valueName\":\"search_term_string\"}}],\"inLanguage\":\"fi\"},{\"@type\":\"Organization\",\"@id\":\"https:\/\/www.koirapuoti.com\/puoti\/#organization\",\"name\":\"Koirapuoti.com\",\"url\":\"https:\/\/www.koirapuoti.com\/puoti\/\",\"logo\":{\"@type\":\"ImageObject\",\"inLanguage\":\"fi\",\"@id\":\"https:\/\/www.koirapuoti.com\/puoti\/#\/schema\/logo\/image\/\",\"url\":\"https:\/\/www.koirapuoti.com\/puoti\/wp-content\/uploads\/2023\/03\/cropped-koirapuoti-logo-v.png\",\"contentUrl\":\"https:\/\/www.koirapuoti.com\/puoti\/wp-content\/uploads\/2023\/03\/cropped-koirapuoti-logo-v.png\",\"width\":513,\"height\":121,\"caption\":\"Koirapuoti.com\"},\"image\":{\"@id\":\"https:\/\/www.koirapuoti.com\/puoti\/#\/schema\/logo\/image\/\"}}]}<\/script>\n<!-- \/ Yoast SEO plugin. -->","yoast_head_json":{"title":"Haukkupannan laadusta |Koirapuoti.com","robots":{"index":"index","follow":"follow","max-snippet":"max-snippet:-1","max-image-preview":"max-image-preview:large","max-video-preview":"max-video-preview:-1"},"canonical":"https:\/\/www.koirapuoti.com\/puoti\/haukkupannan-laadusta\/","og_locale":"fi_FI","og_type":"article","og_title":"Haukkupannan laadusta |Koirapuoti.com","og_description":"Haukunestopantojen valikoima on varsin suuri, jonka vuoksi oikean valinnan tekeminen saattaa osoittautua varsin hankalaksi. Pantojen hinnat vaihtelevat paljon ja voi synty\u00e4 kiusaus ostaa monta kertaa halvempi haukunestolaite. Halvempaan hintaan liittyy usein my\u00f6s huomattava laadun pudotus. Halpa ja huonolaatuinen haukunestopanta antaa impulsseja my\u00f6s silloin, kun koira juoksee tai ravistelee p\u00e4\u00e4t\u00e4\u00e4n. Valeimpulssit eiv\u00e4t kuitenkaan ole liiallisesta haukunnasta [&hellip;]","og_url":"https:\/\/www.koirapuoti.com\/puoti\/haukkupannan-laadusta\/","og_site_name":"Koirapuoti.com","article_modified_time":"2023-03-24T21:59:27+00:00","og_image":[{"url":"https:\/\/koirapuoti.com\/puoti\/wp-content\/uploads\/2023\/03\/Haukkupannan-laadusta-1-1024x327.jpg"}],"twitter_card":"summary_large_image","schema":{"@context":"https:\/\/schema.org","@graph":[{"@type":"WebPage","@id":"https:\/\/www.koirapuoti.com\/puoti\/haukkupannan-laadusta\/","url":"https:\/\/www.koirapuoti.com\/puoti\/haukkupannan-laadusta\/","name":"Haukkupannan laadusta |Koirapuoti.com","isPartOf":{"@id":"https:\/\/www.koirapuoti.com\/puoti\/#website"},"primaryImageOfPage":{"@id":"https:\/\/www.koirapuoti.com\/puoti\/haukkupannan-laadusta\/#primaryimage"},"image":{"@id":"https:\/\/www.koirapuoti.com\/puoti\/haukkupannan-laadusta\/#primaryimage"},"thumbnailUrl":"https:\/\/koirapuoti.com\/puoti\/wp-content\/uploads\/2023\/03\/Haukkupannan-laadusta-1-1024x327.jpg","datePublished":"2023-03-24T19:39:04+00:00","dateModified":"2023-03-24T21:59:27+00:00","breadcrumb":{"@id":"https:\/\/www.koirapuoti.com\/puoti\/haukkupannan-laadusta\/#breadcrumb"},"inLanguage":"fi","potentialAction":[{"@type":"ReadAction","target":["https:\/\/www.koirapuoti.com\/puoti\/haukkupannan-laadusta\/"]}]},{"@type":"ImageObject","inLanguage":"fi","@id":"https:\/\/www.koirapuoti.com\/puoti\/haukkupannan-laadusta\/#primaryimage","url":"https:\/\/koirapuoti.com\/puoti\/wp-content\/uploads\/2023\/03\/Haukkupannan-laadusta-1-1024x327.jpg","contentUrl":"https:\/\/koirapuoti.com\/puoti\/wp-content\/uploads\/2023\/03\/Haukkupannan-laadusta-1-1024x327.jpg"},{"@type":"BreadcrumbList","@id":"https:\/\/www.koirapuoti.com\/puoti\/haukkupannan-laadusta\/#breadcrumb","itemListElement":[{"@type":"ListItem","position":1,"name":"Home","item":"https:\/\/www.koirapuoti.com\/puoti\/"},{"@type":"ListItem","position":2,"name":"Haukkupannan laadusta"}]},{"@type":"WebSite","@id":"https:\/\/www.koirapuoti.com\/puoti\/#website","url":"https:\/\/www.koirapuoti.com\/puoti\/","name":"Koirapuoti.com","description":"Koira gps pannat, pihavahdit, haukunestopannat, koulutuspannat","publisher":{"@id":"https:\/\/www.koirapuoti.com\/puoti\/#organization"},"potentialAction":[{"@type":"SearchAction","target":{"@type":"EntryPoint","urlTemplate":"https:\/\/www.koirapuoti.com\/puoti\/?s={search_term_string}"},"query-input":{"@type":"PropertyValueSpecification","valueRequired":true,"valueName":"search_term_string"}}],"inLanguage":"fi"},{"@type":"Organization","@id":"https:\/\/www.koirapuoti.com\/puoti\/#organization","name":"Koirapuoti.com","url":"https:\/\/www.koirapuoti.com\/puoti\/","logo":{"@type":"ImageObject","inLanguage":"fi","@id":"https:\/\/www.koirapuoti.com\/puoti\/#\/schema\/logo\/image\/","url":"https:\/\/www.koirapuoti.com\/puoti\/wp-content\/uploads\/2023\/03\/cropped-koirapuoti-logo-v.png","contentUrl":"https:\/\/www.koirapuoti.com\/puoti\/wp-content\/uploads\/2023\/03\/cropped-koirapuoti-logo-v.png","width":513,"height":121,"caption":"Koirapuoti.com"},"image":{"@id":"https:\/\/www.koirapuoti.com\/puoti\/#\/schema\/logo\/image\/"}}]}},"_links":{"self":[{"href":"https:\/\/www.koirapuoti.com\/puoti\/wp-json\/wp\/v2\/pages\/49"}],"collection":[{"href":"https:\/\/www.koirapuoti.com\/puoti\/wp-json\/wp\/v2\/pages"}],"about":[{"href":"https:\/\/www.koirapuoti.com\/puoti\/wp-json\/wp\/v2\/types\/page"}],"author":[{"embeddable":true,"href":"https:\/\/www.koirapuoti.com\/puoti\/wp-json\/wp\/v2\/users\/1"}],"replies":[{"embeddable":true,"href":"https:\/\/www.koirapuoti.com\/puoti\/wp-json\/wp\/v2\/comments?post=49"}],"version-history":[{"count":4,"href":"https:\/\/www.koirapuoti.com\/puoti\/wp-json\/wp\/v2\/pages\/49\/revisions"}],"predecessor-version":[{"id":70,"href":"https:\/\/www.koirapuoti.com\/puoti\/wp-json\/wp\/v2\/pages\/49\/revisions\/70"}],"wp:attachment":[{"href":"https:\/\/www.koirapuoti.com\/puoti\/wp-json\/wp\/v2\/media?parent=49"}],"curies":[{"name":"wp","href":"https:\/\/api.w.org\/{rel}","templated":true}]}}