{"id":107,"date":"2023-03-24T23:00:37","date_gmt":"2023-03-24T23:00:37","guid":{"rendered":"https:\/\/koirapuoti.com\/puoti\/?page_id=107"},"modified":"2023-04-25T14:03:01","modified_gmt":"2023-04-25T14:03:01","slug":"kokemuksia-pihavahdista","status":"publish","type":"page","link":"https:\/\/www.koirapuoti.com\/puoti\/kokemuksia-pihavahdista\/","title":{"rendered":"Kokemuksia Pihavahdista"},"content":{"rendered":"<div style=\"height:67px\" aria-hidden=\"true\" class=\"wp-block-spacer\"><\/div><p><strong>Pille<\/strong><\/p><p>Hei! Min\u00e4kin olen pihavahtiin tyytyv\u00e4inen. Meid\u00e4n koiralla on tapana kaivaa kuoppia kaikkialle. Ne kasvipenkit, jotka on rajattu, ovat kunnossa. Kev\u00e4\u00e4ll\u00e4 rajaan my\u00f6s kasvimaan ja muut kukkapenkit. Ja pihalta koira ei lainkaan l\u00e4hde ulos, se j\u00e4\u00e4 seisomaan esteen luo kuin naulattuna.<\/p><div class=\"wp-block-image\"><figure class=\"aligncenter size-full\"><a href=\"https:\/\/koirapuoti.com\/puoti\/kauppa\/pihavahti-koiralle-d-fence-101\/\" rel=\"https:\/\/koirapuoti.com\/puoti\/kauppa\/pihavahti-koiralle-d-fence-101\/\"><img loading=\"lazy\" decoding=\"async\" width=\"960\" height=\"540\" src=\"https:\/\/koirapuoti.com\/puoti\/wp-content\/uploads\/2023\/04\/pille.jpg\" alt=\"Pihavahti koiralle dogtrace\" class=\"wp-image-464\" srcset=\"https:\/\/www.koirapuoti.com\/puoti\/wp-content\/uploads\/2023\/04\/pille.jpg 960w, https:\/\/www.koirapuoti.com\/puoti\/wp-content\/uploads\/2023\/04\/pille-300x169.jpg 300w, https:\/\/www.koirapuoti.com\/puoti\/wp-content\/uploads\/2023\/04\/pille-768x432.jpg 768w, https:\/\/www.koirapuoti.com\/puoti\/wp-content\/uploads\/2023\/04\/pille-416x234.jpg 416w\" sizes=\"(max-width: 960px) 100vw, 960px\" \/><\/a><\/figure><\/div><div style=\"height:34px\" aria-hidden=\"true\" class=\"wp-block-spacer\"><\/div><p><strong>Margus<\/strong><\/p><p>Pihavahdin oston j\u00e4lkeen talomme ovet ovat pysyneet puhtaina, sill\u00e4 koira ei en\u00e4\u00e4 p\u00e4\u00e4se hyppim\u00e4\u00e4n niit\u00e4 likaisiksi ja postinjakajakin selvi\u00e4\u00e4 puhtain vaattein kotia kohti, koska koira ei en\u00e4\u00e4 p\u00e4\u00e4se hypp\u00e4\u00e4m\u00e4\u00e4n nelin jaloin aitaa vasten. Kuvassa n\u00e4kyy, ett\u00e4 koiralla on viel\u00e4 ketjukin kaulassa, mutta sit\u00e4 k\u00e4yt\u00e4mme vain silloin, kun joku vieras on k\u00e4ym\u00e4ss\u00e4, muuten koira juoksentelee pihalla vapaana ja mink\u00e4\u00e4nlaista huolta ei ole, ett\u00e4 se p\u00e4\u00e4sisi pihasta ulos. Suosittelen ostamista niille, joilla pihavahtia ei viel\u00e4 ole.<\/p><div class=\"wp-block-image\"><figure class=\"aligncenter size-full\"><a href=\"https:\/\/koirapuoti.com\/puoti\/kauppa\/koiran-sahkoaita-d-fence-1001\/\"><img loading=\"lazy\" decoding=\"async\" width=\"350\" height=\"525\" src=\"https:\/\/koirapuoti.com\/puoti\/wp-content\/uploads\/2023\/04\/margus.jpg\" alt=\"Koiran s\u00e4hk\u00f6aita d-fence \" class=\"wp-image-472\" srcset=\"https:\/\/www.koirapuoti.com\/puoti\/wp-content\/uploads\/2023\/04\/margus.jpg 350w, https:\/\/www.koirapuoti.com\/puoti\/wp-content\/uploads\/2023\/04\/margus-200x300.jpg 200w\" sizes=\"(max-width: 350px) 100vw, 350px\" \/><\/a><\/figure><\/div><div style=\"height:28px\" aria-hidden=\"true\" class=\"wp-block-spacer\"><\/div><p><strong>Tarmo<\/strong><\/p><p>T\u00e4m\u00e4n vuoden huhtikuussa tuli hankituksi pihavahtilaite. Nelj\u00e4kuukautinen koira oppi kahdessa viikossa, tunnin-puolitoista p\u00e4iv\u00e4ss\u00e4, reagoimaan piippauksiin, ja nyt 9-kuukauden ik\u00e4isen\u00e4 pysyttelee rajasta loitolla, tietysti siin\u00e4 tapauksessa, ett\u00e4 s\u00e4hk\u00f6 on p\u00e4\u00e4ll\u00e4. Se aistii hyvin rajat, minne ei saa menn\u00e4. Olen tyytyv\u00e4inen pihavahtiin ja toivon, ett\u00e4 koirakin on! Suosittelen muillekin koiranomistajille, palvelu oli nopeaa ja asiallista !!!<\/p><div class=\"wp-block-image\"><figure class=\"aligncenter size-full is-resized\"><img loading=\"lazy\" decoding=\"async\" src=\"https:\/\/koirapuoti.com\/puoti\/wp-content\/uploads\/2023\/04\/1908401_765184920189759_1078346321114143229_n.jpg\" alt=\"pihavahti koiralle d-fence\" class=\"wp-image-475\" width=\"608\" height=\"342\" srcset=\"https:\/\/www.koirapuoti.com\/puoti\/wp-content\/uploads\/2023\/04\/1908401_765184920189759_1078346321114143229_n.jpg 960w, https:\/\/www.koirapuoti.com\/puoti\/wp-content\/uploads\/2023\/04\/1908401_765184920189759_1078346321114143229_n-300x169.jpg 300w, https:\/\/www.koirapuoti.com\/puoti\/wp-content\/uploads\/2023\/04\/1908401_765184920189759_1078346321114143229_n-768x432.jpg 768w, https:\/\/www.koirapuoti.com\/puoti\/wp-content\/uploads\/2023\/04\/1908401_765184920189759_1078346321114143229_n-416x234.jpg 416w\" sizes=\"(max-width: 608px) 100vw, 608px\" \/><\/figure><\/div><div style=\"height:36px\" aria-hidden=\"true\" class=\"wp-block-spacer\"><\/div><p><strong>Eerik<\/strong><\/p><p>Halusitte palautetta pihavahdista. Itse olen hyvin tyytyv\u00e4inen vahtiin, koira ilmeisesti niin tyytyv\u00e4inen ei ole. Se oppi kuitenkin nopeasti, ymm\u00e4rsi hyvin my\u00f6s sen, kun rajattua aluetta laajennettiin. Teid\u00e4n taholtanne palvelu oli my\u00f6s hyvin miellytt\u00e4v\u00e4\u00e4 ja nopeaa. Olen kaikin puolin tyytyv\u00e4inen ja suosittelen my\u00f6s muille.<\/p><p>Kunnioittaen, Eerik<br>Kotisivun linkki:\u00a0http:\/\/web.zone.ee\/kollanekoer\/piiga.htm<\/p><div class=\"wp-block-image\"><figure class=\"aligncenter size-full is-resized\"><img loading=\"lazy\" decoding=\"async\" src=\"https:\/\/koirapuoti.com\/puoti\/wp-content\/uploads\/2023\/04\/10675686_319386214908285_5961333317634587908_n.jpg\" alt=\"S\u00e4hk\u00f6aita koiralle d-fence\" class=\"wp-image-478\" width=\"642\" height=\"360\" srcset=\"https:\/\/www.koirapuoti.com\/puoti\/wp-content\/uploads\/2023\/04\/10675686_319386214908285_5961333317634587908_n.jpg 956w, https:\/\/www.koirapuoti.com\/puoti\/wp-content\/uploads\/2023\/04\/10675686_319386214908285_5961333317634587908_n-300x169.jpg 300w, https:\/\/www.koirapuoti.com\/puoti\/wp-content\/uploads\/2023\/04\/10675686_319386214908285_5961333317634587908_n-768x431.jpg 768w, https:\/\/www.koirapuoti.com\/puoti\/wp-content\/uploads\/2023\/04\/10675686_319386214908285_5961333317634587908_n-416x234.jpg 416w\" sizes=\"(max-width: 642px) 100vw, 642px\" \/><\/figure><\/div><div style=\"height:34px\" aria-hidden=\"true\" class=\"wp-block-spacer\"><\/div><p><strong>Mari-Mann<\/strong><\/p><p>Olemme eritt\u00e4in tyytyv\u00e4isi\u00e4 pihavahtiin. Jacky saa nyt juosta talon ymp\u00e4rill\u00e4 vapaana. En\u00e4\u00e4 se ei l\u00e4hde seikkailemaan. Aitaa ei ole lainkaan ja alue on varsin suuri. Opettaminen kesti meill\u00e4 puolitoista viikkoa, sill\u00e4 suoritimme rauhallisesti kaikki vaiheet. Pihavahti tuli perille eritt\u00e4in nopeasti (tilausta seuraavana p\u00e4iv\u00e4n\u00e4). Kauppias osasi vastata kaikkiin syntyneisiin kysymyksiin ja tiesi antaa hyvi\u00e4 neuvoja. 10 pisteen palvelu.<\/p><div class=\"wp-block-image\"><figure class=\"aligncenter size-full\"><img loading=\"lazy\" decoding=\"async\" width=\"320\" height=\"538\" src=\"https:\/\/koirapuoti.com\/puoti\/wp-content\/uploads\/2023\/04\/Mari-mann.jpg\" alt=\"N\u00e4kym\u00e4t\u00f6n aita koiralle d-fence\" class=\"wp-image-480\" srcset=\"https:\/\/www.koirapuoti.com\/puoti\/wp-content\/uploads\/2023\/04\/Mari-mann.jpg 320w, https:\/\/www.koirapuoti.com\/puoti\/wp-content\/uploads\/2023\/04\/Mari-mann-178x300.jpg 178w\" sizes=\"(max-width: 320px) 100vw, 320px\" \/><\/figure><\/div><div style=\"height:24px\" aria-hidden=\"true\" class=\"wp-block-spacer\"><\/div><p><strong>Sirje<\/strong><\/p><p>Kaukasialainen Bosse on nyt kunnollinen kuuliainen koira. Ihmiset kyselev\u00e4t, miksi se ei l\u00e4hde ulos vaikka portti on auki. Pilaillen olen sanonut, ett\u00e4 se on niin hyvin koulutettu.<\/p><div style=\"height:29px\" aria-hidden=\"true\" class=\"wp-block-spacer\"><\/div><p><strong>Merly<\/strong><\/p><p>Hei!<br>Olemme tuotteeseen hyvin tyytyv\u00e4isi\u00e4. Meill\u00e4 on nimitt\u00e4in Pihavahti d-fence 2002. Meill\u00e4 ei ole aitaa ja koirille selvisi vain parissa-kolmessa p\u00e4iv\u00e4ss\u00e4 oma alue, jonka koko on hieman suurempi kuin 800 metri\u00e4. Vain v\u00e4h\u00e4n vaivaa ja ty\u00f6t\u00e4, ja koirat eiv\u00e4t vaeltele pitkin kyl\u00e4\u00e4 ja niiden ei t\u00e4ydy istua ketjussa, mik\u00e4 on el\u00e4imelle melkoisen ik\u00e4v\u00e4\u00e4 ja k\u00e4rsimys. Meill\u00e4 on aitauksessa kaksi koiraa, mutta toinen ei halunnut poseerata;-) ja tuote on todellakin 10+ arvosanan arvoinen. Ja kauppias on aina valmis neuvomaan, auttamaan ja jakamaan tietoa. Joten me olemme kaikkeen tyytyv\u00e4isi\u00e4, emmek\u00e4 valita mist\u00e4\u00e4n. Kiitokset viel\u00e4 kerran!<\/p><div class=\"wp-block-image\"><figure class=\"aligncenter size-full\"><a href=\"https:\/\/koirapuoti.com\/puoti\/kauppa\/nakymaton-aita-koiralle-d-fence-2002\/\"><img loading=\"lazy\" decoding=\"async\" width=\"403\" height=\"537\" src=\"https:\/\/koirapuoti.com\/puoti\/wp-content\/uploads\/2023\/04\/merly.jpg\" alt=\"N\u00e4kym\u00e4t\u00f6n aita koiralle d-fence 2002\" class=\"wp-image-484\" srcset=\"https:\/\/www.koirapuoti.com\/puoti\/wp-content\/uploads\/2023\/04\/merly.jpg 403w, https:\/\/www.koirapuoti.com\/puoti\/wp-content\/uploads\/2023\/04\/merly-225x300.jpg 225w\" sizes=\"(max-width: 403px) 100vw, 403px\" \/><\/a><\/figure><\/div><div style=\"height:22px\" aria-hidden=\"true\" class=\"wp-block-spacer\"><\/div><p><strong>Anar<\/strong><\/p><p>Pihavahti tuli siis ostetuksi t\u00e4m\u00e4n vuoden helmikuussa. Piha-alue on varsin suuri ja aitaamaton. Oppiminen k\u00e4vi aika nopeasti. Ensimm\u00e4isin\u00e4 p\u00e4ivin\u00e4 koira ei ymm\u00e4rt\u00e4nytk\u00e4\u00e4n, mutta kuin kerran sai tuntea, alkoi itse opetella ja kokeilla. Nyt ei ole mit\u00e4\u00e4n ongelmaa, koira ei mene pihasta ulos edes silloin, kun sill\u00e4 ei ole kaulapantaa.<\/p><p>Olemme hyvin tyytyv\u00e4isi\u00e4 tuotteeseen ja suosittelemme sit\u00e4 muillekin.<\/p><p>HUOM! En l\u00f6yt\u00e4nyt hyv\u00e4\u00e4 kuvaa, sill\u00e4 kaulapanta ei yksinkertaisesti n\u00e4y turkin alta.<\/p><div class=\"wp-block-image\"><figure class=\"aligncenter size-full is-resized\"><img loading=\"lazy\" decoding=\"async\" src=\"https:\/\/koirapuoti.com\/puoti\/wp-content\/uploads\/2023\/04\/anar.jpg\" alt=\"Koiran s\u00e4hk\u00f6aita d-fence 202\" class=\"wp-image-489\" width=\"416\" height=\"554\" srcset=\"https:\/\/www.koirapuoti.com\/puoti\/wp-content\/uploads\/2023\/04\/anar.jpg 720w, https:\/\/www.koirapuoti.com\/puoti\/wp-content\/uploads\/2023\/04\/anar-225x300.jpg 225w, https:\/\/www.koirapuoti.com\/puoti\/wp-content\/uploads\/2023\/04\/anar-416x555.jpg 416w\" sizes=\"(max-width: 416px) 100vw, 416px\" \/><\/figure><\/div><div style=\"height:25px\" aria-hidden=\"true\" class=\"wp-block-spacer\"><\/div><p><strong>Heleriin<\/strong><\/p><p>Heippa.<br>Mekin hankimme itsellemme pihavahdin. Nimitt\u00e4in Pihavahti d-fence 101:n. Se oli v\u00e4ltt\u00e4m\u00e4t\u00f6n! Ostimme sen viime vuonna, kun sekarotuinen Kuti-Bella oli 7-kuukautinen, sill\u00e4 ongelma oli, ett\u00e4 koira seurasi minua kouluun. Koiraa ei jaksa kuitenkaan kauan tuoda 3 km p\u00e4\u00e4st\u00e4 takaisin kotiin. Koira oppi parissa p\u00e4iv\u00e4ss\u00e4, ett\u00e4 tuon pelottavan linjan yli ei saa menn\u00e4. Meill\u00e4 impulssin vahvuus on nollassa, kun poistumme kotoa, mutta varoituspiippauksen et\u00e4isyys on suurin mahdollinen. Jos meill\u00e4 ei olisi pihavahtia, en voisi k\u00e4yd\u00e4 kouluakaan.<br>Valitettavasti minulla ei ole Bellasta kuvaa kaulapannassa, mutta l\u00e4het\u00e4n kuvan ilman sit\u00e4.<\/p><div class=\"wp-block-image\"><figure class=\"aligncenter size-full is-resized\"><img loading=\"lazy\" decoding=\"async\" src=\"https:\/\/koirapuoti.com\/puoti\/wp-content\/uploads\/2023\/04\/Heleriin.jpg\" alt=\"Pihavahti d-fence 101 - dogtrace\" class=\"wp-image-492\" width=\"626\" height=\"469\" srcset=\"https:\/\/www.koirapuoti.com\/puoti\/wp-content\/uploads\/2023\/04\/Heleriin.jpg 960w, https:\/\/www.koirapuoti.com\/puoti\/wp-content\/uploads\/2023\/04\/Heleriin-300x225.jpg 300w, https:\/\/www.koirapuoti.com\/puoti\/wp-content\/uploads\/2023\/04\/Heleriin-768x576.jpg 768w, https:\/\/www.koirapuoti.com\/puoti\/wp-content\/uploads\/2023\/04\/Heleriin-416x312.jpg 416w\" sizes=\"(max-width: 626px) 100vw, 626px\" \/><\/figure><\/div><div style=\"height:20px\" aria-hidden=\"true\" class=\"wp-block-spacer\"><\/div><p><strong>Annela<\/strong><\/p><p>Ostimme pihavahdin vasta viikko sitten, ja opiskelu on k\u00e4ynniss\u00e4 t\u00e4ydell\u00e4 teholla. Rajat ovat jo suunnilleen tiedossa, kahdestaan v\u00e4lill\u00e4 tuntuu, ett\u00e4 leikin py\u00f6rteiss\u00e4 hyp\u00e4t\u00e4\u00e4n yli, mutta asia etenee joka p\u00e4iv\u00e4. Min\u00e4 olen joka tapauksessa tyytyv\u00e4inen ja koirillakin on hauskempaa leikki\u00e4 yhdess\u00e4 kuin istua ketjun p\u00e4\u00e4ss\u00e4. Ongelma on tosin siin\u00e4, ett\u00e4 niill\u00e4 on tosi paksu turkki. Kun yhten\u00e4 p\u00e4iv\u00e4n\u00e4 karvoja leikataan, on seuraavana p\u00e4iv\u00e4n\u00e4 saman kohdan l\u00f6yt\u00e4minen vaikeaa, mutta joitakin impulsseja ne ovat kuitenkin saaneet ja tiet\u00e4v\u00e4t jo piippauksista pysytell\u00e4 loitommalla. Palvelupuoli oli todella huippunopea, yhten\u00e4 p\u00e4iv\u00e4n\u00e4 l\u00e4hetin tilauksen ja seuraavana aamuna paketti oli jo postitoimistossa. Super!<\/p><div class=\"wp-block-image\"><figure class=\"aligncenter size-full is-resized\"><img loading=\"lazy\" decoding=\"async\" src=\"https:\/\/koirapuoti.com\/puoti\/wp-content\/uploads\/2023\/04\/annela.jpg\" alt=\"S\u00e4hk\u00f6aita koiralle d-fence 202\" class=\"wp-image-495\" width=\"533\" height=\"399\" srcset=\"https:\/\/www.koirapuoti.com\/puoti\/wp-content\/uploads\/2023\/04\/annela.jpg 800w, https:\/\/www.koirapuoti.com\/puoti\/wp-content\/uploads\/2023\/04\/annela-300x225.jpg 300w, https:\/\/www.koirapuoti.com\/puoti\/wp-content\/uploads\/2023\/04\/annela-768x576.jpg 768w, https:\/\/www.koirapuoti.com\/puoti\/wp-content\/uploads\/2023\/04\/annela-416x312.jpg 416w\" sizes=\"(max-width: 533px) 100vw, 533px\" \/><\/figure><\/div>","protected":false},"excerpt":{"rendered":"<p>Pille Hei! Min\u00e4kin olen pihavahtiin tyytyv\u00e4inen. Meid\u00e4n koiralla on tapana kaivaa kuoppia kaikkialle. Ne kasvipenkit, jotka on rajattu, ovat kunnossa. Kev\u00e4\u00e4ll\u00e4 rajaan my\u00f6s kasvimaan ja muut kukkapenkit. Ja pihalta koira ei lainkaan l\u00e4hde ulos, se j\u00e4\u00e4 seisomaan esteen luo kuin naulattuna. Margus Pihavahdin oston j\u00e4lkeen talomme ovet ovat pysyneet puhtaina, sill\u00e4 koira ei en\u00e4\u00e4 p\u00e4\u00e4se [&hellip;]<\/p>\n","protected":false},"author":1,"featured_media":0,"parent":0,"menu_order":0,"comment_status":"closed","ping_status":"closed","template":"","meta":{"footnotes":""},"class_list":["post-107","page","type-page","status-publish","hentry"],"yoast_head":"<!-- This site is optimized with the Yoast SEO plugin v23.5 - https:\/\/yoast.com\/wordpress\/plugins\/seo\/ -->\n<title>Pihavahti kokemuksia|Koirapuoti<\/title>\n<meta name=\"robots\" content=\"index, follow, max-snippet:-1, max-image-preview:large, max-video-preview:-1\" \/>\n<link rel=\"canonical\" href=\"https:\/\/www.koirapuoti.com\/puoti\/kokemuksia-pihavahdista\/\" \/>\n<meta property=\"og:locale\" content=\"fi_FI\" \/>\n<meta property=\"og:type\" content=\"article\" \/>\n<meta property=\"og:title\" content=\"Pihavahti kokemuksia|Koirapuoti\" \/>\n<meta property=\"og:description\" content=\"Pille Hei! Min\u00e4kin olen pihavahtiin tyytyv\u00e4inen. Meid\u00e4n koiralla on tapana kaivaa kuoppia kaikkialle. Ne kasvipenkit, jotka on rajattu, ovat kunnossa. Kev\u00e4\u00e4ll\u00e4 rajaan my\u00f6s kasvimaan ja muut kukkapenkit. Ja pihalta koira ei lainkaan l\u00e4hde ulos, se j\u00e4\u00e4 seisomaan esteen luo kuin naulattuna. Margus Pihavahdin oston j\u00e4lkeen talomme ovet ovat pysyneet puhtaina, sill\u00e4 koira ei en\u00e4\u00e4 p\u00e4\u00e4se [&hellip;]\" \/>\n<meta property=\"og:url\" content=\"https:\/\/www.koirapuoti.com\/puoti\/kokemuksia-pihavahdista\/\" \/>\n<meta property=\"og:site_name\" content=\"Koirapuoti.com\" \/>\n<meta property=\"article:modified_time\" content=\"2023-04-25T14:03:01+00:00\" \/>\n<meta property=\"og:image\" content=\"https:\/\/koirapuoti.com\/puoti\/wp-content\/uploads\/2023\/04\/pille.jpg\" \/>\n<meta name=\"twitter:card\" content=\"summary_large_image\" \/>\n<meta name=\"twitter:label1\" content=\"Arvioitu lukuaika\" \/>\n\t<meta name=\"twitter:data1\" content=\"5 minuuttia\" \/>\n<script type=\"application\/ld+json\" class=\"yoast-schema-graph\">{\"@context\":\"https:\/\/schema.org\",\"@graph\":[{\"@type\":\"WebPage\",\"@id\":\"https:\/\/www.koirapuoti.com\/puoti\/kokemuksia-pihavahdista\/\",\"url\":\"https:\/\/www.koirapuoti.com\/puoti\/kokemuksia-pihavahdista\/\",\"name\":\"Pihavahti kokemuksia|Koirapuoti\",\"isPartOf\":{\"@id\":\"https:\/\/www.koirapuoti.com\/puoti\/#website\"},\"primaryImageOfPage\":{\"@id\":\"https:\/\/www.koirapuoti.com\/puoti\/kokemuksia-pihavahdista\/#primaryimage\"},\"image\":{\"@id\":\"https:\/\/www.koirapuoti.com\/puoti\/kokemuksia-pihavahdista\/#primaryimage\"},\"thumbnailUrl\":\"https:\/\/koirapuoti.com\/puoti\/wp-content\/uploads\/2023\/04\/pille.jpg\",\"datePublished\":\"2023-03-24T23:00:37+00:00\",\"dateModified\":\"2023-04-25T14:03:01+00:00\",\"breadcrumb\":{\"@id\":\"https:\/\/www.koirapuoti.com\/puoti\/kokemuksia-pihavahdista\/#breadcrumb\"},\"inLanguage\":\"fi\",\"potentialAction\":[{\"@type\":\"ReadAction\",\"target\":[\"https:\/\/www.koirapuoti.com\/puoti\/kokemuksia-pihavahdista\/\"]}]},{\"@type\":\"ImageObject\",\"inLanguage\":\"fi\",\"@id\":\"https:\/\/www.koirapuoti.com\/puoti\/kokemuksia-pihavahdista\/#primaryimage\",\"url\":\"https:\/\/koirapuoti.com\/puoti\/wp-content\/uploads\/2023\/04\/pille.jpg\",\"contentUrl\":\"https:\/\/koirapuoti.com\/puoti\/wp-content\/uploads\/2023\/04\/pille.jpg\"},{\"@type\":\"BreadcrumbList\",\"@id\":\"https:\/\/www.koirapuoti.com\/puoti\/kokemuksia-pihavahdista\/#breadcrumb\",\"itemListElement\":[{\"@type\":\"ListItem\",\"position\":1,\"name\":\"Home\",\"item\":\"https:\/\/www.koirapuoti.com\/puoti\/\"},{\"@type\":\"ListItem\",\"position\":2,\"name\":\"Kokemuksia Pihavahdista\"}]},{\"@type\":\"WebSite\",\"@id\":\"https:\/\/www.koirapuoti.com\/puoti\/#website\",\"url\":\"https:\/\/www.koirapuoti.com\/puoti\/\",\"name\":\"Koirapuoti.com\",\"description\":\"Koira gps pannat, pihavahdit, haukunestopannat, koulutuspannat\",\"publisher\":{\"@id\":\"https:\/\/www.koirapuoti.com\/puoti\/#organization\"},\"potentialAction\":[{\"@type\":\"SearchAction\",\"target\":{\"@type\":\"EntryPoint\",\"urlTemplate\":\"https:\/\/www.koirapuoti.com\/puoti\/?s={search_term_string}\"},\"query-input\":{\"@type\":\"PropertyValueSpecification\",\"valueRequired\":true,\"valueName\":\"search_term_string\"}}],\"inLanguage\":\"fi\"},{\"@type\":\"Organization\",\"@id\":\"https:\/\/www.koirapuoti.com\/puoti\/#organization\",\"name\":\"Koirapuoti.com\",\"url\":\"https:\/\/www.koirapuoti.com\/puoti\/\",\"logo\":{\"@type\":\"ImageObject\",\"inLanguage\":\"fi\",\"@id\":\"https:\/\/www.koirapuoti.com\/puoti\/#\/schema\/logo\/image\/\",\"url\":\"https:\/\/www.koirapuoti.com\/puoti\/wp-content\/uploads\/2023\/03\/cropped-koirapuoti-logo-v.png\",\"contentUrl\":\"https:\/\/www.koirapuoti.com\/puoti\/wp-content\/uploads\/2023\/03\/cropped-koirapuoti-logo-v.png\",\"width\":513,\"height\":121,\"caption\":\"Koirapuoti.com\"},\"image\":{\"@id\":\"https:\/\/www.koirapuoti.com\/puoti\/#\/schema\/logo\/image\/\"}}]}<\/script>\n<!-- \/ Yoast SEO plugin. -->","yoast_head_json":{"title":"Pihavahti kokemuksia|Koirapuoti","robots":{"index":"index","follow":"follow","max-snippet":"max-snippet:-1","max-image-preview":"max-image-preview:large","max-video-preview":"max-video-preview:-1"},"canonical":"https:\/\/www.koirapuoti.com\/puoti\/kokemuksia-pihavahdista\/","og_locale":"fi_FI","og_type":"article","og_title":"Pihavahti kokemuksia|Koirapuoti","og_description":"Pille Hei! Min\u00e4kin olen pihavahtiin tyytyv\u00e4inen. Meid\u00e4n koiralla on tapana kaivaa kuoppia kaikkialle. Ne kasvipenkit, jotka on rajattu, ovat kunnossa. Kev\u00e4\u00e4ll\u00e4 rajaan my\u00f6s kasvimaan ja muut kukkapenkit. Ja pihalta koira ei lainkaan l\u00e4hde ulos, se j\u00e4\u00e4 seisomaan esteen luo kuin naulattuna. Margus Pihavahdin oston j\u00e4lkeen talomme ovet ovat pysyneet puhtaina, sill\u00e4 koira ei en\u00e4\u00e4 p\u00e4\u00e4se [&hellip;]","og_url":"https:\/\/www.koirapuoti.com\/puoti\/kokemuksia-pihavahdista\/","og_site_name":"Koirapuoti.com","article_modified_time":"2023-04-25T14:03:01+00:00","og_image":[{"url":"https:\/\/koirapuoti.com\/puoti\/wp-content\/uploads\/2023\/04\/pille.jpg"}],"twitter_card":"summary_large_image","twitter_misc":{"Arvioitu lukuaika":"5 minuuttia"},"schema":{"@context":"https:\/\/schema.org","@graph":[{"@type":"WebPage","@id":"https:\/\/www.koirapuoti.com\/puoti\/kokemuksia-pihavahdista\/","url":"https:\/\/www.koirapuoti.com\/puoti\/kokemuksia-pihavahdista\/","name":"Pihavahti kokemuksia|Koirapuoti","isPartOf":{"@id":"https:\/\/www.koirapuoti.com\/puoti\/#website"},"primaryImageOfPage":{"@id":"https:\/\/www.koirapuoti.com\/puoti\/kokemuksia-pihavahdista\/#primaryimage"},"image":{"@id":"https:\/\/www.koirapuoti.com\/puoti\/kokemuksia-pihavahdista\/#primaryimage"},"thumbnailUrl":"https:\/\/koirapuoti.com\/puoti\/wp-content\/uploads\/2023\/04\/pille.jpg","datePublished":"2023-03-24T23:00:37+00:00","dateModified":"2023-04-25T14:03:01+00:00","breadcrumb":{"@id":"https:\/\/www.koirapuoti.com\/puoti\/kokemuksia-pihavahdista\/#breadcrumb"},"inLanguage":"fi","potentialAction":[{"@type":"ReadAction","target":["https:\/\/www.koirapuoti.com\/puoti\/kokemuksia-pihavahdista\/"]}]},{"@type":"ImageObject","inLanguage":"fi","@id":"https:\/\/www.koirapuoti.com\/puoti\/kokemuksia-pihavahdista\/#primaryimage","url":"https:\/\/koirapuoti.com\/puoti\/wp-content\/uploads\/2023\/04\/pille.jpg","contentUrl":"https:\/\/koirapuoti.com\/puoti\/wp-content\/uploads\/2023\/04\/pille.jpg"},{"@type":"BreadcrumbList","@id":"https:\/\/www.koirapuoti.com\/puoti\/kokemuksia-pihavahdista\/#breadcrumb","itemListElement":[{"@type":"ListItem","position":1,"name":"Home","item":"https:\/\/www.koirapuoti.com\/puoti\/"},{"@type":"ListItem","position":2,"name":"Kokemuksia Pihavahdista"}]},{"@type":"WebSite","@id":"https:\/\/www.koirapuoti.com\/puoti\/#website","url":"https:\/\/www.koirapuoti.com\/puoti\/","name":"Koirapuoti.com","description":"Koira gps pannat, pihavahdit, haukunestopannat, koulutuspannat","publisher":{"@id":"https:\/\/www.koirapuoti.com\/puoti\/#organization"},"potentialAction":[{"@type":"SearchAction","target":{"@type":"EntryPoint","urlTemplate":"https:\/\/www.koirapuoti.com\/puoti\/?s={search_term_string}"},"query-input":{"@type":"PropertyValueSpecification","valueRequired":true,"valueName":"search_term_string"}}],"inLanguage":"fi"},{"@type":"Organization","@id":"https:\/\/www.koirapuoti.com\/puoti\/#organization","name":"Koirapuoti.com","url":"https:\/\/www.koirapuoti.com\/puoti\/","logo":{"@type":"ImageObject","inLanguage":"fi","@id":"https:\/\/www.koirapuoti.com\/puoti\/#\/schema\/logo\/image\/","url":"https:\/\/www.koirapuoti.com\/puoti\/wp-content\/uploads\/2023\/03\/cropped-koirapuoti-logo-v.png","contentUrl":"https:\/\/www.koirapuoti.com\/puoti\/wp-content\/uploads\/2023\/03\/cropped-koirapuoti-logo-v.png","width":513,"height":121,"caption":"Koirapuoti.com"},"image":{"@id":"https:\/\/www.koirapuoti.com\/puoti\/#\/schema\/logo\/image\/"}}]}},"_links":{"self":[{"href":"https:\/\/www.koirapuoti.com\/puoti\/wp-json\/wp\/v2\/pages\/107"}],"collection":[{"href":"https:\/\/www.koirapuoti.com\/puoti\/wp-json\/wp\/v2\/pages"}],"about":[{"href":"https:\/\/www.koirapuoti.com\/puoti\/wp-json\/wp\/v2\/types\/page"}],"author":[{"embeddable":true,"href":"https:\/\/www.koirapuoti.com\/puoti\/wp-json\/wp\/v2\/users\/1"}],"replies":[{"embeddable":true,"href":"https:\/\/www.koirapuoti.com\/puoti\/wp-json\/wp\/v2\/comments?post=107"}],"version-history":[{"count":16,"href":"https:\/\/www.koirapuoti.com\/puoti\/wp-json\/wp\/v2\/pages\/107\/revisions"}],"predecessor-version":[{"id":496,"href":"https:\/\/www.koirapuoti.com\/puoti\/wp-json\/wp\/v2\/pages\/107\/revisions\/496"}],"wp:attachment":[{"href":"https:\/\/www.koirapuoti.com\/puoti\/wp-json\/wp\/v2\/media?parent=107"}],"curies":[{"name":"wp","href":"https:\/\/api.w.org\/{rel}","templated":true}]}}