{"id":105,"date":"2023-03-24T22:57:51","date_gmt":"2023-03-24T22:57:51","guid":{"rendered":"https:\/\/koirapuoti.com\/puoti\/?page_id=105"},"modified":"2023-04-25T14:31:30","modified_gmt":"2023-04-25T14:31:30","slug":"kokemuksia-haukkupannasta","status":"publish","type":"page","link":"https:\/\/www.koirapuoti.com\/puoti\/kokemuksia-haukkupannasta\/","title":{"rendered":"Kokemuksia haukkupannasta"},"content":{"rendered":"<div style=\"height:70px\" aria-hidden=\"true\" class=\"wp-block-spacer\"><\/div><p><strong>Carolin<\/strong><\/p><p>Hei!<\/p><p>Meill\u00e4 on k\u00e4yt\u00f6ss\u00e4 haukunestopanta.&nbsp;Panta tuli oikeastaan hankituksi viime h\u00e4d\u00e4ss\u00e4, sill\u00e4 tunnelin p\u00e4\u00e4ss\u00e4 ei ole n\u00e4kynyt valoa ja vihaiset naapurit uhkasivat. En ole ollut &#8221;shokkipannoista&#8221; kovin innostunut, mutta minun t\u00e4ytyy todeta, ett\u00e4 olen muuttamassa kantaani. Me k\u00e4yt\u00e4mme t\u00e4ll\u00e4 hetkell\u00e4 pantaa kaikkein heikoimmalla impulssilla ja ilmeisesti ei synny tarvettakaan s\u00e4\u00e4t\u00e4\u00e4 sit\u00e4 korkeammalle ohjelmalle. Monituntinen vinkuminen, ulvominen ja haukkuminen on vaihtunut hiljaiseen ja rauhalliseen koiraan, joka ei h\u00e4iritse naapureita ja nukkuu rauhallisesti, kunnes kotiv\u00e4ki tulee kotiin. Viel\u00e4kin esiintyy jonkin verran \u00e4\u00e4ntely\u00e4, mutta eritt\u00e4in v\u00e4h\u00e4n. Sen sijaan haukkuminen on loppunut t\u00e4ysin silloin, kun joku tulee ovesta sis\u00e4\u00e4n. Koska olemme vasta harjoittelun alussa, seuraan koiraa my\u00f6s Skypen kautta. Palkitsen hyv\u00e4n tuloksen sill\u00e4, ett\u00e4 otan koiran seuraavana p\u00e4iv\u00e4n\u00e4 t\u00f6ihin mukaani. (ilman pantaa)<\/p><p>Toivon, ett\u00e4 pian voi pannan pakata takaisin rasiaansa ja asettaa lopullisesti p\u00f6yt\u00e4laatikkoon!<\/p><p>Saimme pantatoimituksen hyvin nopeasti, ja se pelasti meid\u00e4t suuresta riidasta naapureiden kanssa. Pannan tilaaminen oli helppoa, nopeaa ja mukavaa, ja asiakaspalvelu on t\u00e4h\u00e4n saakka ollut kivaa ja avuliasta. Mukaan saatiin my\u00f6s ns. ohjeet, jotka olivat hyvin ymm\u00e4rrett\u00e4v\u00e4t ja selke\u00e4t.<\/p><p>Emme suinkaan yrit\u00e4 p\u00e4\u00e4st\u00e4 ei-toivotusta haukunnasta, ulvomisesta ja vinkumisesta eroon vain pannan avulla, vaan k\u00e4yt\u00e4mme my\u00f6s muita keinoja ja palkitsemismenetelmi\u00e4.<\/p><div class=\"wp-block-image\"><figure class=\"aligncenter size-full is-resized\"><a href=\"https:\/\/koirapuoti.com\/puoti\/kauppa\/haukunestopanta-d-mute-small-light\/\"><img loading=\"lazy\" decoding=\"async\" src=\"https:\/\/koirapuoti.com\/puoti\/wp-content\/uploads\/2023\/04\/carolin.jpg\" alt=\"Haukunestopanta d-mute\" class=\"wp-image-500\" width=\"517\" height=\"393\" srcset=\"https:\/\/www.koirapuoti.com\/puoti\/wp-content\/uploads\/2023\/04\/carolin.jpg 960w, https:\/\/www.koirapuoti.com\/puoti\/wp-content\/uploads\/2023\/04\/carolin-300x228.jpg 300w, https:\/\/www.koirapuoti.com\/puoti\/wp-content\/uploads\/2023\/04\/carolin-768x585.jpg 768w, https:\/\/www.koirapuoti.com\/puoti\/wp-content\/uploads\/2023\/04\/carolin-416x317.jpg 416w\" sizes=\"(max-width: 517px) 100vw, 517px\" \/><\/a><\/figure><\/div><div style=\"height:51px\" aria-hidden=\"true\" class=\"wp-block-spacer\"><\/div><p><strong>Silver<\/strong><\/p><p>Haukunestopanta auttoi Antua hyvin nopeasti p\u00e4\u00e4sem\u00e4\u00e4n liiasta haukkumisesta eroon. Muutaman p\u00e4iv\u00e4n totuttelun j\u00e4lkeen kytkimme kaulapannan p\u00e4\u00e4lle. Koira ymm\u00e4rsi suhteellisen nopeasti, mit\u00e4 se ei saa tehd\u00e4. Kauppias antoi hy\u00f6dyllist\u00e4 tietoa ja oli eritt\u00e4in avulias. Uskallan suositella muillekin.<\/p><div class=\"wp-block-image\"><figure class=\"aligncenter size-full\"><a href=\"https:\/\/koirapuoti.com\/puoti\/kauppa\/haukkupanta-d-mute-small\/\"><img loading=\"lazy\" decoding=\"async\" width=\"370\" height=\"520\" src=\"https:\/\/koirapuoti.com\/puoti\/wp-content\/uploads\/2023\/04\/silver.jpg\" alt=\"Haukkupanta d-mute small\" class=\"wp-image-502\" srcset=\"https:\/\/www.koirapuoti.com\/puoti\/wp-content\/uploads\/2023\/04\/silver.jpg 370w, https:\/\/www.koirapuoti.com\/puoti\/wp-content\/uploads\/2023\/04\/silver-213x300.jpg 213w\" sizes=\"(max-width: 370px) 100vw, 370px\" \/><\/a><\/figure><\/div><div style=\"height:52px\" aria-hidden=\"true\" class=\"wp-block-spacer\"><\/div><p><strong>Erle<\/strong><\/p><p>Hei,<\/p><p>luulen, ett\u00e4 tein oikean p\u00e4\u00e4t\u00f6ksen, kun ostin koiralle&nbsp;<a href=\"https:\/\/www.koirapuoti.com\/puoti\/kauppa\/haukunestolaite-d-mute-light\/\">haukunestopannan<\/a>. Ennen pannan ostamista koira haukkui aina jokaista pihan ohi kulkevaa koiraa ja tietenkin postinjakajaa my\u00f6s. Se louskutus muuttui yh\u00e4 hullummaksi ja h\u00e4iritsev\u00e4mm\u00e4ksi. Koska olin tuon pannan suhteen alkuun hieman ep\u00e4ilev\u00e4inen, siirsin sen ostamista aina tuonnemmkasi. Kunnes lopulta p\u00e4\u00e4tin, ett\u00e4 n\u00e4in ei en\u00e4\u00e4 voi el\u00e4\u00e4. Onneksi l\u00e4hetys tuli eritt\u00e4in nopeasti perille, muuten olisin viel\u00e4 katunut, ett\u00e4 teen v\u00e4\u00e4rin. Ensimm\u00e4iset kerrat seurasin miten koira reagoi.<br>Koira ymm\u00e4rsi ensimm\u00e4isen\u00e4 p\u00e4iv\u00e4n\u00e4, ett\u00e4 tietty haukunta ei ole sille en\u00e4\u00e4 sallittua. Alussa pidin pantaa koiralla joitakin tunteja p\u00e4iv\u00e4ss\u00e4. Kun se rynt\u00e4sin aidan luo alkaakseen haukkua, kielsin sit\u00e4. Ja kun se ei haukkunut ohi kulkevia koiria, kehuin sit\u00e4. Muutamassa viikossa oli hysteerisest\u00e4 koirasta tullut rauhallinen koira. T\u00e4h\u00e4n menness\u00e4 koira on oppinut, ett\u00e4 yhden haukahduksen voi tehd\u00e4, v\u00e4lill\u00e4h\u00e4n pit\u00e4\u00e4 ajaa variksia puutarhasta tai viesti\u00e4 itsest\u00e4\u00e4n ohi kulkevalle koiralle. En\u00e4\u00e4 en pane sille haukunestopantaa kaulaan joka p\u00e4iv\u00e4, sill\u00e4 siihen ei ole en\u00e4\u00e4 niin suurta tarvetta. En olisi uskonut, ett\u00e4 10-vuotiasta koiraa on mahdollista opettaa haukkumaan v\u00e4hemm\u00e4n niin pienell\u00e4 vaivalla.<\/p><p>Parhain terveisin!<br>Erle<\/p>","protected":false},"excerpt":{"rendered":"<p>Carolin Hei! Meill\u00e4 on k\u00e4yt\u00f6ss\u00e4 haukunestopanta.&nbsp;Panta tuli oikeastaan hankituksi viime h\u00e4d\u00e4ss\u00e4, sill\u00e4 tunnelin p\u00e4\u00e4ss\u00e4 ei ole n\u00e4kynyt valoa ja vihaiset naapurit uhkasivat. En ole ollut &#8221;shokkipannoista&#8221; kovin innostunut, mutta minun t\u00e4ytyy todeta, ett\u00e4 olen muuttamassa kantaani. Me k\u00e4yt\u00e4mme t\u00e4ll\u00e4 hetkell\u00e4 pantaa kaikkein heikoimmalla impulssilla ja ilmeisesti ei synny tarvettakaan s\u00e4\u00e4t\u00e4\u00e4 sit\u00e4 korkeammalle ohjelmalle. Monituntinen vinkuminen, [&hellip;]<\/p>\n","protected":false},"author":1,"featured_media":0,"parent":0,"menu_order":0,"comment_status":"closed","ping_status":"closed","template":"","meta":{"footnotes":""},"class_list":["post-105","page","type-page","status-publish","hentry"],"yoast_head":"<!-- This site is optimized with the Yoast SEO plugin v23.5 - https:\/\/yoast.com\/wordpress\/plugins\/seo\/ -->\n<title>Haukupanta kokemuksia | Koirapuoti.com<\/title>\n<meta name=\"robots\" content=\"index, follow, max-snippet:-1, max-image-preview:large, max-video-preview:-1\" \/>\n<link rel=\"canonical\" href=\"https:\/\/www.koirapuoti.com\/puoti\/kokemuksia-haukkupannasta\/\" \/>\n<meta property=\"og:locale\" content=\"fi_FI\" \/>\n<meta property=\"og:type\" content=\"article\" \/>\n<meta property=\"og:title\" content=\"Haukupanta kokemuksia | Koirapuoti.com\" \/>\n<meta property=\"og:description\" content=\"Carolin Hei! Meill\u00e4 on k\u00e4yt\u00f6ss\u00e4 haukunestopanta.&nbsp;Panta tuli oikeastaan hankituksi viime h\u00e4d\u00e4ss\u00e4, sill\u00e4 tunnelin p\u00e4\u00e4ss\u00e4 ei ole n\u00e4kynyt valoa ja vihaiset naapurit uhkasivat. En ole ollut &#8221;shokkipannoista&#8221; kovin innostunut, mutta minun t\u00e4ytyy todeta, ett\u00e4 olen muuttamassa kantaani. Me k\u00e4yt\u00e4mme t\u00e4ll\u00e4 hetkell\u00e4 pantaa kaikkein heikoimmalla impulssilla ja ilmeisesti ei synny tarvettakaan s\u00e4\u00e4t\u00e4\u00e4 sit\u00e4 korkeammalle ohjelmalle. Monituntinen vinkuminen, [&hellip;]\" \/>\n<meta property=\"og:url\" content=\"https:\/\/www.koirapuoti.com\/puoti\/kokemuksia-haukkupannasta\/\" \/>\n<meta property=\"og:site_name\" content=\"Koirapuoti.com\" \/>\n<meta property=\"article:modified_time\" content=\"2023-04-25T14:31:30+00:00\" \/>\n<meta property=\"og:image\" content=\"https:\/\/koirapuoti.com\/puoti\/wp-content\/uploads\/2023\/04\/carolin.jpg\" \/>\n<meta name=\"twitter:card\" content=\"summary_large_image\" \/>\n<meta name=\"twitter:label1\" content=\"Arvioitu lukuaika\" \/>\n\t<meta name=\"twitter:data1\" content=\"3 minuuttia\" \/>\n<script type=\"application\/ld+json\" class=\"yoast-schema-graph\">{\"@context\":\"https:\/\/schema.org\",\"@graph\":[{\"@type\":\"WebPage\",\"@id\":\"https:\/\/www.koirapuoti.com\/puoti\/kokemuksia-haukkupannasta\/\",\"url\":\"https:\/\/www.koirapuoti.com\/puoti\/kokemuksia-haukkupannasta\/\",\"name\":\"Haukupanta kokemuksia | Koirapuoti.com\",\"isPartOf\":{\"@id\":\"https:\/\/www.koirapuoti.com\/puoti\/#website\"},\"primaryImageOfPage\":{\"@id\":\"https:\/\/www.koirapuoti.com\/puoti\/kokemuksia-haukkupannasta\/#primaryimage\"},\"image\":{\"@id\":\"https:\/\/www.koirapuoti.com\/puoti\/kokemuksia-haukkupannasta\/#primaryimage\"},\"thumbnailUrl\":\"https:\/\/koirapuoti.com\/puoti\/wp-content\/uploads\/2023\/04\/carolin.jpg\",\"datePublished\":\"2023-03-24T22:57:51+00:00\",\"dateModified\":\"2023-04-25T14:31:30+00:00\",\"breadcrumb\":{\"@id\":\"https:\/\/www.koirapuoti.com\/puoti\/kokemuksia-haukkupannasta\/#breadcrumb\"},\"inLanguage\":\"fi\",\"potentialAction\":[{\"@type\":\"ReadAction\",\"target\":[\"https:\/\/www.koirapuoti.com\/puoti\/kokemuksia-haukkupannasta\/\"]}]},{\"@type\":\"ImageObject\",\"inLanguage\":\"fi\",\"@id\":\"https:\/\/www.koirapuoti.com\/puoti\/kokemuksia-haukkupannasta\/#primaryimage\",\"url\":\"https:\/\/koirapuoti.com\/puoti\/wp-content\/uploads\/2023\/04\/carolin.jpg\",\"contentUrl\":\"https:\/\/koirapuoti.com\/puoti\/wp-content\/uploads\/2023\/04\/carolin.jpg\"},{\"@type\":\"BreadcrumbList\",\"@id\":\"https:\/\/www.koirapuoti.com\/puoti\/kokemuksia-haukkupannasta\/#breadcrumb\",\"itemListElement\":[{\"@type\":\"ListItem\",\"position\":1,\"name\":\"Home\",\"item\":\"https:\/\/www.koirapuoti.com\/puoti\/\"},{\"@type\":\"ListItem\",\"position\":2,\"name\":\"Kokemuksia haukkupannasta\"}]},{\"@type\":\"WebSite\",\"@id\":\"https:\/\/www.koirapuoti.com\/puoti\/#website\",\"url\":\"https:\/\/www.koirapuoti.com\/puoti\/\",\"name\":\"Koirapuoti.com\",\"description\":\"Koira gps pannat, pihavahdit, haukunestopannat, koulutuspannat\",\"publisher\":{\"@id\":\"https:\/\/www.koirapuoti.com\/puoti\/#organization\"},\"potentialAction\":[{\"@type\":\"SearchAction\",\"target\":{\"@type\":\"EntryPoint\",\"urlTemplate\":\"https:\/\/www.koirapuoti.com\/puoti\/?s={search_term_string}\"},\"query-input\":{\"@type\":\"PropertyValueSpecification\",\"valueRequired\":true,\"valueName\":\"search_term_string\"}}],\"inLanguage\":\"fi\"},{\"@type\":\"Organization\",\"@id\":\"https:\/\/www.koirapuoti.com\/puoti\/#organization\",\"name\":\"Koirapuoti.com\",\"url\":\"https:\/\/www.koirapuoti.com\/puoti\/\",\"logo\":{\"@type\":\"ImageObject\",\"inLanguage\":\"fi\",\"@id\":\"https:\/\/www.koirapuoti.com\/puoti\/#\/schema\/logo\/image\/\",\"url\":\"https:\/\/www.koirapuoti.com\/puoti\/wp-content\/uploads\/2023\/03\/cropped-koirapuoti-logo-v.png\",\"contentUrl\":\"https:\/\/www.koirapuoti.com\/puoti\/wp-content\/uploads\/2023\/03\/cropped-koirapuoti-logo-v.png\",\"width\":513,\"height\":121,\"caption\":\"Koirapuoti.com\"},\"image\":{\"@id\":\"https:\/\/www.koirapuoti.com\/puoti\/#\/schema\/logo\/image\/\"}}]}<\/script>\n<!-- \/ Yoast SEO plugin. -->","yoast_head_json":{"title":"Haukupanta kokemuksia | Koirapuoti.com","robots":{"index":"index","follow":"follow","max-snippet":"max-snippet:-1","max-image-preview":"max-image-preview:large","max-video-preview":"max-video-preview:-1"},"canonical":"https:\/\/www.koirapuoti.com\/puoti\/kokemuksia-haukkupannasta\/","og_locale":"fi_FI","og_type":"article","og_title":"Haukupanta kokemuksia | Koirapuoti.com","og_description":"Carolin Hei! Meill\u00e4 on k\u00e4yt\u00f6ss\u00e4 haukunestopanta.&nbsp;Panta tuli oikeastaan hankituksi viime h\u00e4d\u00e4ss\u00e4, sill\u00e4 tunnelin p\u00e4\u00e4ss\u00e4 ei ole n\u00e4kynyt valoa ja vihaiset naapurit uhkasivat. En ole ollut &#8221;shokkipannoista&#8221; kovin innostunut, mutta minun t\u00e4ytyy todeta, ett\u00e4 olen muuttamassa kantaani. Me k\u00e4yt\u00e4mme t\u00e4ll\u00e4 hetkell\u00e4 pantaa kaikkein heikoimmalla impulssilla ja ilmeisesti ei synny tarvettakaan s\u00e4\u00e4t\u00e4\u00e4 sit\u00e4 korkeammalle ohjelmalle. Monituntinen vinkuminen, [&hellip;]","og_url":"https:\/\/www.koirapuoti.com\/puoti\/kokemuksia-haukkupannasta\/","og_site_name":"Koirapuoti.com","article_modified_time":"2023-04-25T14:31:30+00:00","og_image":[{"url":"https:\/\/koirapuoti.com\/puoti\/wp-content\/uploads\/2023\/04\/carolin.jpg"}],"twitter_card":"summary_large_image","twitter_misc":{"Arvioitu lukuaika":"3 minuuttia"},"schema":{"@context":"https:\/\/schema.org","@graph":[{"@type":"WebPage","@id":"https:\/\/www.koirapuoti.com\/puoti\/kokemuksia-haukkupannasta\/","url":"https:\/\/www.koirapuoti.com\/puoti\/kokemuksia-haukkupannasta\/","name":"Haukupanta kokemuksia | Koirapuoti.com","isPartOf":{"@id":"https:\/\/www.koirapuoti.com\/puoti\/#website"},"primaryImageOfPage":{"@id":"https:\/\/www.koirapuoti.com\/puoti\/kokemuksia-haukkupannasta\/#primaryimage"},"image":{"@id":"https:\/\/www.koirapuoti.com\/puoti\/kokemuksia-haukkupannasta\/#primaryimage"},"thumbnailUrl":"https:\/\/koirapuoti.com\/puoti\/wp-content\/uploads\/2023\/04\/carolin.jpg","datePublished":"2023-03-24T22:57:51+00:00","dateModified":"2023-04-25T14:31:30+00:00","breadcrumb":{"@id":"https:\/\/www.koirapuoti.com\/puoti\/kokemuksia-haukkupannasta\/#breadcrumb"},"inLanguage":"fi","potentialAction":[{"@type":"ReadAction","target":["https:\/\/www.koirapuoti.com\/puoti\/kokemuksia-haukkupannasta\/"]}]},{"@type":"ImageObject","inLanguage":"fi","@id":"https:\/\/www.koirapuoti.com\/puoti\/kokemuksia-haukkupannasta\/#primaryimage","url":"https:\/\/koirapuoti.com\/puoti\/wp-content\/uploads\/2023\/04\/carolin.jpg","contentUrl":"https:\/\/koirapuoti.com\/puoti\/wp-content\/uploads\/2023\/04\/carolin.jpg"},{"@type":"BreadcrumbList","@id":"https:\/\/www.koirapuoti.com\/puoti\/kokemuksia-haukkupannasta\/#breadcrumb","itemListElement":[{"@type":"ListItem","position":1,"name":"Home","item":"https:\/\/www.koirapuoti.com\/puoti\/"},{"@type":"ListItem","position":2,"name":"Kokemuksia haukkupannasta"}]},{"@type":"WebSite","@id":"https:\/\/www.koirapuoti.com\/puoti\/#website","url":"https:\/\/www.koirapuoti.com\/puoti\/","name":"Koirapuoti.com","description":"Koira gps pannat, pihavahdit, haukunestopannat, koulutuspannat","publisher":{"@id":"https:\/\/www.koirapuoti.com\/puoti\/#organization"},"potentialAction":[{"@type":"SearchAction","target":{"@type":"EntryPoint","urlTemplate":"https:\/\/www.koirapuoti.com\/puoti\/?s={search_term_string}"},"query-input":{"@type":"PropertyValueSpecification","valueRequired":true,"valueName":"search_term_string"}}],"inLanguage":"fi"},{"@type":"Organization","@id":"https:\/\/www.koirapuoti.com\/puoti\/#organization","name":"Koirapuoti.com","url":"https:\/\/www.koirapuoti.com\/puoti\/","logo":{"@type":"ImageObject","inLanguage":"fi","@id":"https:\/\/www.koirapuoti.com\/puoti\/#\/schema\/logo\/image\/","url":"https:\/\/www.koirapuoti.com\/puoti\/wp-content\/uploads\/2023\/03\/cropped-koirapuoti-logo-v.png","contentUrl":"https:\/\/www.koirapuoti.com\/puoti\/wp-content\/uploads\/2023\/03\/cropped-koirapuoti-logo-v.png","width":513,"height":121,"caption":"Koirapuoti.com"},"image":{"@id":"https:\/\/www.koirapuoti.com\/puoti\/#\/schema\/logo\/image\/"}}]}},"_links":{"self":[{"href":"https:\/\/www.koirapuoti.com\/puoti\/wp-json\/wp\/v2\/pages\/105"}],"collection":[{"href":"https:\/\/www.koirapuoti.com\/puoti\/wp-json\/wp\/v2\/pages"}],"about":[{"href":"https:\/\/www.koirapuoti.com\/puoti\/wp-json\/wp\/v2\/types\/page"}],"author":[{"embeddable":true,"href":"https:\/\/www.koirapuoti.com\/puoti\/wp-json\/wp\/v2\/users\/1"}],"replies":[{"embeddable":true,"href":"https:\/\/www.koirapuoti.com\/puoti\/wp-json\/wp\/v2\/comments?post=105"}],"version-history":[{"count":5,"href":"https:\/\/www.koirapuoti.com\/puoti\/wp-json\/wp\/v2\/pages\/105\/revisions"}],"predecessor-version":[{"id":503,"href":"https:\/\/www.koirapuoti.com\/puoti\/wp-json\/wp\/v2\/pages\/105\/revisions\/503"}],"wp:attachment":[{"href":"https:\/\/www.koirapuoti.com\/puoti\/wp-json\/wp\/v2\/media?parent=105"}],"curies":[{"name":"wp","href":"https:\/\/api.w.org\/{rel}","templated":true}]}}